{"id":5548,"date":"2024-06-12T13:18:06","date_gmt":"2024-06-12T13:18:06","guid":{"rendered":"https:\/\/monagence.jobs\/rouliste\/"},"modified":"2024-06-12T13:18:20","modified_gmt":"2024-06-12T13:18:20","slug":"rouliste","status":"publish","type":"page","link":"https:\/\/monagence.jobs\/tr\/rouliste\/","title":{"rendered":"Rouliste"},"content":{"rendered":"<h2><span style=\"font-family: Georgia, Palatino; color: #0000ff;\">Rouliste<\/span><\/h2>\n<p>\n<span style=\"color: #993366;\"><strong><span style=\"font-size: 20px;\">Sizin meydan okuman\u0131z<\/span><\/strong><\/span><\/p>\n<p>Asfalt i\u015fleri<\/p>\n<p>S\u00fcr\u00fc\u015f silindirleri<\/p>\n<p>\u0130n\u015faat makineleri bak\u0131m\u0131<\/p>\n<p>&nbsp;<\/p>\n<p><span style=\"font-size: 20px;\"><strong><span style=\"color: #993366;\">Becerileriniz<\/span><\/strong><\/span><\/p>\n<p>S\u00fcr\u00fcc\u00fc olarak kan\u0131tlanm\u0131\u015f deneyim<\/p>\n<p>Y\u00fczey kaplama sahalar\u0131 hakk\u0131nda bilgi<\/p>\n<p>Otonom, esnek ve dinamik<\/p>\n<p>&nbsp;<\/p>\n<p><strong><span style=\"color: #993366;\"><span style=\"font-size: 20px;\">\u0130LET\u0130\u015e\u0130M<\/span><\/span><\/strong><\/p>\n<p>Online ba\u015fvuru yap\u0131n<\/p>\n<p>veya<\/p>\n<p>Tel. +4179 266 79 79 &#8211; Ferdi<\/p>\n<p class=\"wpcf7-contact-form-not-found\"><strong>Hata:<\/strong> \u0130leti\u015fim formu bulunamad\u0131.<\/p>\n","protected":false},"excerpt":{"rendered":"<p>Rouliste Sizin meydan okuman\u0131z Asfalt i\u015fleri S\u00fcr\u00fc\u015f silindirleri \u0130n\u015faat makineleri bak\u0131m\u0131 &nbsp; Becerileriniz S\u00fcr\u00fcc\u00fc olarak kan\u0131tlanm\u0131\u015f deneyim Y\u00fczey kaplama sahalar\u0131 hakk\u0131nda bilgi Otonom, esnek ve dinamik &nbsp; \u0130LET\u0130\u015e\u0130M Online ba\u015fvuru yap\u0131n veya Tel. +4179 266 79 79 &#8211; Ferdi<\/p>\n","protected":false},"author":4,"featured_media":0,"parent":0,"menu_order":0,"comment_status":"closed","ping_status":"closed","template":"one-page-template.php","meta":{"_acf_changed":false,"content-type":"","footnotes":""},"class_list":["post-5548","page","type-page","status-publish","hentry"],"acf":[],"_links":{"self":[{"href":"https:\/\/monagence.jobs\/tr\/wp-json\/wp\/v2\/pages\/5548","targetHints":{"allow":["GET"]}}],"collection":[{"href":"https:\/\/monagence.jobs\/tr\/wp-json\/wp\/v2\/pages"}],"about":[{"href":"https:\/\/monagence.jobs\/tr\/wp-json\/wp\/v2\/types\/page"}],"author":[{"embeddable":true,"href":"https:\/\/monagence.jobs\/tr\/wp-json\/wp\/v2\/users\/4"}],"replies":[{"embeddable":true,"href":"https:\/\/monagence.jobs\/tr\/wp-json\/wp\/v2\/comments?post=5548"}],"version-history":[{"count":2,"href":"https:\/\/monagence.jobs\/tr\/wp-json\/wp\/v2\/pages\/5548\/revisions"}],"predecessor-version":[{"id":5553,"href":"https:\/\/monagence.jobs\/tr\/wp-json\/wp\/v2\/pages\/5548\/revisions\/5553"}],"wp:attachment":[{"href":"https:\/\/monagence.jobs\/tr\/wp-json\/wp\/v2\/media?parent=5548"}],"curies":[{"name":"wp","href":"https:\/\/api.w.org\/{rel}","templated":true}]}}