{"id":5169,"date":"2024-06-11T16:22:57","date_gmt":"2024-06-11T16:22:57","guid":{"rendered":"https:\/\/monagence.jobs\/santiye-makinisti\/"},"modified":"2024-06-11T16:31:39","modified_gmt":"2024-06-11T16:31:39","slug":"santiye-makinisti","status":"publish","type":"page","link":"https:\/\/monagence.jobs\/tr\/santiye-makinisti\/","title":{"rendered":"\u015eantiye makinisti"},"content":{"rendered":"<h2><span style=\"color: #0000ff;\">\u015eantiye makinisti<\/span><\/h2>\n<p><span style=\"color: #993366;\"><strong><span style=\"font-size: 20px;\">Sizin meydan okuman\u0131z<\/span><\/strong><\/span><\/p>\n<p>Toprak i\u015fleri, kaz\u0131lar, vb.<\/p>\n<p>Paletli veya tekerlekli ekskavat\u00f6rlerin s\u00fcr\u00fclmesi<\/p>\n<p>\u0130n\u015faat makineleri bak\u0131m\u0131<\/p>\n<p>&nbsp;<\/p>\n<p><span style=\"font-size: 20px;\"><strong><span style=\"color: #993366;\">Becerileriniz<\/span><\/strong><\/span><\/p>\n<p>\u0130yi deneyim &#8211; benzer bir pozisyonda 2 y\u0131l (\u0130svi\u00e7re&#8217;de bir G\u00dc\u00c7)<\/p>\n<p>Makinist ehliyeti (M1, &#8230; M7)<\/p>\n<p>Otonom, esnek ve dinamik<\/p>\n<p>&nbsp;<\/p>\n<p><strong><span style=\"color: #993366;\"><span style=\"font-size: 20px;\">\u0130LET\u0130\u015e\u0130M<\/span><\/span><\/strong><\/p>\n<p>Online ba\u015fvuru yap\u0131n<\/p>\n<p>veya<\/p>\n<p>Tel. +4179 266 79 79 &#8211; Ferdi<\/p>\n<p>&nbsp;<\/p>\n<p class=\"wpcf7-contact-form-not-found\"><strong>Hata:<\/strong> \u0130leti\u015fim formu bulunamad\u0131.<\/p>\n","protected":false},"excerpt":{"rendered":"<p>\u015eantiye makinisti Sizin meydan okuman\u0131z Toprak i\u015fleri, kaz\u0131lar, vb. Paletli veya tekerlekli ekskavat\u00f6rlerin s\u00fcr\u00fclmesi \u0130n\u015faat makineleri bak\u0131m\u0131 &nbsp; Becerileriniz \u0130yi deneyim &#8211; benzer bir pozisyonda 2 y\u0131l (\u0130svi\u00e7re&#8217;de bir G\u00dc\u00c7) Makinist ehliyeti (M1, &#8230; M7) Otonom, esnek ve dinamik &nbsp; \u0130LET\u0130\u015e\u0130M Online ba\u015fvuru yap\u0131n veya Tel. +4179 266 79 79 &#8211; Ferdi &nbsp;<\/p>\n","protected":false},"author":4,"featured_media":0,"parent":0,"menu_order":0,"comment_status":"closed","ping_status":"closed","template":"one-page-template.php","meta":{"_acf_changed":false,"content-type":"","footnotes":""},"class_list":["post-5169","page","type-page","status-publish","hentry"],"acf":[],"_links":{"self":[{"href":"https:\/\/monagence.jobs\/tr\/wp-json\/wp\/v2\/pages\/5169","targetHints":{"allow":["GET"]}}],"collection":[{"href":"https:\/\/monagence.jobs\/tr\/wp-json\/wp\/v2\/pages"}],"about":[{"href":"https:\/\/monagence.jobs\/tr\/wp-json\/wp\/v2\/types\/page"}],"author":[{"embeddable":true,"href":"https:\/\/monagence.jobs\/tr\/wp-json\/wp\/v2\/users\/4"}],"replies":[{"embeddable":true,"href":"https:\/\/monagence.jobs\/tr\/wp-json\/wp\/v2\/comments?post=5169"}],"version-history":[{"count":14,"href":"https:\/\/monagence.jobs\/tr\/wp-json\/wp\/v2\/pages\/5169\/revisions"}],"predecessor-version":[{"id":5478,"href":"https:\/\/monagence.jobs\/tr\/wp-json\/wp\/v2\/pages\/5169\/revisions\/5478"}],"wp:attachment":[{"href":"https:\/\/monagence.jobs\/tr\/wp-json\/wp\/v2\/media?parent=5169"}],"curies":[{"name":"wp","href":"https:\/\/api.w.org\/{rel}","templated":true}]}}