{"id":3984,"date":"2021-04-30T17:41:56","date_gmt":"2021-04-30T17:41:56","guid":{"rendered":"https:\/\/monagence.jobs\/hakkimizda\/"},"modified":"2024-06-11T06:15:00","modified_gmt":"2024-06-11T06:15:00","slug":"hakkimizda","status":"publish","type":"page","link":"https:\/\/monagence.jobs\/tr\/hakkimizda\/","title":{"rendered":"HAKKIMIZDA"},"content":{"rendered":"<p>[vc_row css=&#8221;.vc_custom_1481576227367{margin-top: 120px !important;margin-bottom: 60px !important;}&#8221;][vc_column css_animation=&#8221;fadeInUp&#8221;]<div id=\"ultimate-heading-205069de91b33132e\" class=\"uvc-heading ult-adjust-bottom-margin ultimate-heading-205069de91b33132e uvc-9990 \" data-hspacer=\"line_only\"  data-halign=\"center\" style=\"text-align:center\"><div class=\"uvc-heading-spacer line_only\" style=\"margin-bottom:40px;height:40px;\"><span class=\"uvc-headings-line\" style=\"border-style:solid;border-bottom-width:40px;border-color:#ccc;width:1px;\"><\/span><\/div><\/div>[vc_custom_heading text=&#8221;BIZ BENIM AJANSIMIZ&#8221; font_container=&#8221;tag:h6|text_align:center&#8221; use_theme_fonts=&#8221;yes&#8221;][vc_custom_heading text=&#8221;\ud835\udf14\u0300 \ud835\ude7f\ud835\ude81\ud835\ude7e\ud835\ude7f\ud835\ude7e\ud835\ude82 \ud835\ude73\ud835\ude74 \ud835\ude7d\ud835\ude7e\ud835\ude84\ud835\ude82&#8221; font_container=&#8221;tag:h2|font_size:50px|text_align:center&#8221; use_theme_fonts=&#8221;yes&#8221;][vc_empty_space height=&#8221;20px&#8221;][vc_row_inner][vc_column_inner width=&#8221;1\/6&#8243;][\/vc_column_inner][vc_column_inner width=&#8221;2\/3&#8243;][vc_column_text]<\/p>\n<p style=\"text-align: center;\"><span style=\"font-size: 14pt; font-family: 'Courier New', Courier;\">Amac\u0131m\u0131z, nitelikli insan kayna\u011f\u0131na g\u00fcvenerek ve bir dizi ki\u015fiselle\u015ftirilmi\u015f, verimli hizmet sunarak bireylerin ve i\u015fletmelerin ba\u015far\u0131s\u0131na katk\u0131da bulunmakt\u0131r. Amac\u0131m\u0131z, uzun vadeli bir ortakl\u0131k ruhu i\u00e7inde geli\u015fen ve kar\u015f\u0131l\u0131kl\u0131 fayda sa\u011flayan bir g\u00fcven ve i\u015fbirli\u011fi ili\u015fkisi kurmakt\u0131r.<\/span><\/p>\n<p>[\/vc_column_text][\/vc_column_inner][vc_column_inner width=&#8221;1\/6&#8243;][\/vc_column_inner][\/vc_row_inner][\/vc_column][\/vc_row][vc_row css_animation=&#8221;bottom-to-top&#8221;][vc_column][vc_empty_space height=&#8221;20px&#8221;][vc_icon icon_fontawesome=&#8221;fab fa-whatsapp&#8221; color=&#8221;green&#8221; background_style=&#8221;rounded&#8221; size=&#8221;sm&#8221; align=&#8221;center&#8221; css_animation=&#8221;bottom-to-top&#8221; link=&#8221;url:https%3A%2F%2Fwhatsapp.com%2Fchannel%2F0029VaPsNca5kg75owhbPL43|&#8221;][vc_column_text css_animation=&#8221;bottom-to-top&#8221;]<\/p>\n<p style=\"text-align: center;\"><span style=\"font-size: 20px;\"><strong><span style=\"font-family: 'Courier New', Courier;\">HABERLERI\u0307MI\u0307ZI\u0307 TAKI\u0307P ETMEK I\u0307\u00c7I\u0307N WHATSAPP KANALIMIZA ABONE OLUN!<\/span><\/strong><\/span><\/p>\n<p>[\/vc_column_text][\/vc_column][\/vc_row][vc_row full_width=&#8221;stretch_row_content_no_spaces&#8221;][vc_column][vc_empty_space height=&#8221;20px&#8221;][vc_single_image image=&#8221;243&#8243; img_size=&#8221;full&#8221; alignment=&#8221;center&#8221; css_animation=&#8221;bottom-to-top&#8221;][\/vc_column][\/vc_row]<\/p>\n","protected":false},"excerpt":{"rendered":"<p>[vc_row css=&#8221;.vc_custom_1481576227367{margin-top: 120px !important;margin-bottom: 60px !important;}&#8221;][vc_column css_animation=&#8221;fadeInUp&#8221;][vc_custom_heading text=&#8221;BIZ BENIM AJANSIMIZ&#8221; font_container=&#8221;tag:h6|text_align:center&#8221; use_theme_fonts=&#8221;yes&#8221;][vc_custom_heading text=&#8221;\ud835\udf14\u0300 \ud835\ude7f\ud835\ude81\ud835\ude7e\ud835\ude7f\ud835\ude7e\ud835\ude82 \ud835\ude73\ud835\ude74 \ud835\ude7d\ud835\ude7e\ud835\ude84\ud835\ude82&#8221; font_container=&#8221;tag:h2|font_size:50px|text_align:center&#8221; use_theme_fonts=&#8221;yes&#8221;][vc_empty_space height=&#8221;20px&#8221;][vc_row_inner][vc_column_inner width=&#8221;1\/6&#8243;][\/vc_column_inner][vc_column_inner width=&#8221;2\/3&#8243;][vc_column_text] Amac\u0131m\u0131z, nitelikli insan kayna\u011f\u0131na g\u00fcvenerek ve bir dizi ki\u015fiselle\u015ftirilmi\u015f, verimli hizmet sunarak bireylerin ve i\u015fletmelerin ba\u015far\u0131s\u0131na katk\u0131da bulunmakt\u0131r. Amac\u0131m\u0131z, uzun vadeli bir ortakl\u0131k ruhu i\u00e7inde geli\u015fen ve kar\u015f\u0131l\u0131kl\u0131 fayda sa\u011flayan bir g\u00fcven ve i\u015fbirli\u011fi [&hellip;]<\/p>\n","protected":false},"author":2,"featured_media":0,"parent":0,"menu_order":0,"comment_status":"closed","ping_status":"closed","template":"one-page-template.php","meta":{"_acf_changed":false,"content-type":"","footnotes":""},"class_list":["post-3984","page","type-page","status-publish","hentry"],"acf":[],"_links":{"self":[{"href":"https:\/\/monagence.jobs\/tr\/wp-json\/wp\/v2\/pages\/3984","targetHints":{"allow":["GET"]}}],"collection":[{"href":"https:\/\/monagence.jobs\/tr\/wp-json\/wp\/v2\/pages"}],"about":[{"href":"https:\/\/monagence.jobs\/tr\/wp-json\/wp\/v2\/types\/page"}],"author":[{"embeddable":true,"href":"https:\/\/monagence.jobs\/tr\/wp-json\/wp\/v2\/users\/2"}],"replies":[{"embeddable":true,"href":"https:\/\/monagence.jobs\/tr\/wp-json\/wp\/v2\/comments?post=3984"}],"version-history":[{"count":6,"href":"https:\/\/monagence.jobs\/tr\/wp-json\/wp\/v2\/pages\/3984\/revisions"}],"predecessor-version":[{"id":4003,"href":"https:\/\/monagence.jobs\/tr\/wp-json\/wp\/v2\/pages\/3984\/revisions\/4003"}],"wp:attachment":[{"href":"https:\/\/monagence.jobs\/tr\/wp-json\/wp\/v2\/media?parent=3984"}],"curies":[{"name":"wp","href":"https:\/\/api.w.org\/{rel}","templated":true}]}}