{"id":5547,"date":"2024-06-12T13:18:06","date_gmt":"2024-06-12T13:18:06","guid":{"rendered":"https:\/\/monagence.jobs\/rul\/"},"modified":"2024-06-12T13:18:25","modified_gmt":"2024-06-12T13:18:25","slug":"rul","status":"publish","type":"page","link":"https:\/\/monagence.jobs\/sq\/rul\/","title":{"rendered":"Rul"},"content":{"rendered":"<h2><span style=\"font-family: Georgia, Palatino; color: #0000ff;\">Rul<\/span><\/h2>\n<p>\n<span style=\"color: #993366;\"><strong><span style=\"font-size: 20px;\">Sfida juaj<\/span><\/strong><\/span><\/p>\n<p>Punimet e veshjes<\/p>\n<p>Ngarje me rul<\/p>\n<p>Mir\u00ebmbajtja e makinerive t\u00eb nd\u00ebrtimit<\/p>\n<p>&nbsp;<\/p>\n<p><span style=\"font-size: 20px;\"><strong><span style=\"color: #993366;\">aft\u00ebsit\u00eb tuaja<\/span><\/strong><\/span><\/p>\n<p>Eksperienc\u00eb e konfirmuar si shofer<\/p>\n<p>Njohuri p\u00ebr vendet e shtrimit<\/p>\n<p>Autonome, fleksib\u00ebl dhe dinamike<\/p>\n<p>&nbsp;<\/p>\n<p><strong><span style=\"color: #993366;\"><span style=\"font-size: 20px;\">KONTAKTONI<\/span><\/span><\/strong><\/p>\n<p>Aplikoni online<\/p>\n<p>Ose<\/p>\n<p>T\u00eb till\u00eb. +4179 266 79 79 &#8211; Ferdi<\/p>\n<p class=\"wpcf7-contact-form-not-found\"><strong>Error:<\/strong> Contact form not found.<\/p>\n","protected":false},"excerpt":{"rendered":"<p>Rul Sfida juaj Punimet e veshjes Ngarje me rul Mir\u00ebmbajtja e makinerive t\u00eb nd\u00ebrtimit &nbsp; aft\u00ebsit\u00eb tuaja Eksperienc\u00eb e konfirmuar si shofer Njohuri p\u00ebr vendet e shtrimit Autonome, fleksib\u00ebl dhe dinamike &nbsp; KONTAKTONI Aplikoni online Ose T\u00eb till\u00eb. +4179 266 79 79 &#8211; Ferdi<\/p>\n","protected":false},"author":4,"featured_media":0,"parent":0,"menu_order":0,"comment_status":"closed","ping_status":"closed","template":"one-page-template.php","meta":{"_acf_changed":false,"content-type":"","footnotes":""},"class_list":["post-5547","page","type-page","status-publish","hentry"],"acf":[],"_links":{"self":[{"href":"https:\/\/monagence.jobs\/sq\/wp-json\/wp\/v2\/pages\/5547","targetHints":{"allow":["GET"]}}],"collection":[{"href":"https:\/\/monagence.jobs\/sq\/wp-json\/wp\/v2\/pages"}],"about":[{"href":"https:\/\/monagence.jobs\/sq\/wp-json\/wp\/v2\/types\/page"}],"author":[{"embeddable":true,"href":"https:\/\/monagence.jobs\/sq\/wp-json\/wp\/v2\/users\/4"}],"replies":[{"embeddable":true,"href":"https:\/\/monagence.jobs\/sq\/wp-json\/wp\/v2\/comments?post=5547"}],"version-history":[{"count":10,"href":"https:\/\/monagence.jobs\/sq\/wp-json\/wp\/v2\/pages\/5547\/revisions"}],"predecessor-version":[{"id":5608,"href":"https:\/\/monagence.jobs\/sq\/wp-json\/wp\/v2\/pages\/5547\/revisions\/5608"}],"wp:attachment":[{"href":"https:\/\/monagence.jobs\/sq\/wp-json\/wp\/v2\/media?parent=5547"}],"curies":[{"name":"wp","href":"https:\/\/api.w.org\/{rel}","templated":true}]}}