{"id":5167,"date":"2024-06-11T16:22:57","date_gmt":"2024-06-11T16:22:57","guid":{"rendered":"https:\/\/monagence.jobs\/makinist-i-vendit\/"},"modified":"2024-06-11T16:31:44","modified_gmt":"2024-06-11T16:31:44","slug":"makinist-i-vendit","status":"publish","type":"page","link":"https:\/\/monagence.jobs\/sq\/makinist-i-vendit\/","title":{"rendered":"Makinist i vendit"},"content":{"rendered":"<h2><span style=\"color: #0000ff;\">Makinist i vendit<\/span><\/h2>\n<p><span style=\"color: #993366;\"><strong><span style=\"font-size: 20px;\">Sfida juaj<\/span><\/strong><\/span><\/p>\n<p>Punime dheu, g\u00ebrmime etj.<\/p>\n<p>Drejtimi i ekskavator\u00ebve me gjurm\u00eb ose gomave<\/p>\n<p>Mir\u00ebmbajtja e makinerive t\u00eb nd\u00ebrtimit<\/p>\n<p>&nbsp;<\/p>\n<p><span style=\"font-size: 20px;\"><strong><span style=\"color: #993366;\">aft\u00ebsit\u00eb tuaja<\/span><\/strong><\/span><\/p>\n<p>Eksperienc\u00eb e mir\u00eb &#8211; 2 vjet n\u00eb nj\u00eb pozicion t\u00eb ngjash\u00ebm (n\u00eb Zvic\u00ebr ASET)<\/p>\n<p>Licenca makinist (M1, &#8230; M7)<\/p>\n<p>Autonome, fleksib\u00ebl dhe dinamike<\/p>\n<p>&nbsp;<\/p>\n<p><strong><span style=\"color: #993366;\"><span style=\"font-size: 20px;\">KONTAKTONI<\/span><\/span><\/strong><\/p>\n<p>Aplikoni online<\/p>\n<p>Ose<\/p>\n<p>T\u00eb till\u00eb. +4179 266 79 79 &#8211; Ferdi<\/p>\n<p>&nbsp;<\/p>\n<p class=\"wpcf7-contact-form-not-found\"><strong>Error:<\/strong> Contact form not found.<\/p>\n","protected":false},"excerpt":{"rendered":"<p>Makinist i vendit Sfida juaj Punime dheu, g\u00ebrmime etj. Drejtimi i ekskavator\u00ebve me gjurm\u00eb ose gomave Mir\u00ebmbajtja e makinerive t\u00eb nd\u00ebrtimit &nbsp; aft\u00ebsit\u00eb tuaja Eksperienc\u00eb e mir\u00eb &#8211; 2 vjet n\u00eb nj\u00eb pozicion t\u00eb ngjash\u00ebm (n\u00eb Zvic\u00ebr ASET) Licenca makinist (M1, &#8230; M7) Autonome, fleksib\u00ebl dhe dinamike &nbsp; KONTAKTONI Aplikoni online Ose T\u00eb till\u00eb. +4179 [&hellip;]<\/p>\n","protected":false},"author":4,"featured_media":0,"parent":0,"menu_order":0,"comment_status":"closed","ping_status":"closed","template":"one-page-template.php","meta":{"_acf_changed":false,"content-type":"","footnotes":""},"class_list":["post-5167","page","type-page","status-publish","hentry"],"acf":[],"_links":{"self":[{"href":"https:\/\/monagence.jobs\/sq\/wp-json\/wp\/v2\/pages\/5167","targetHints":{"allow":["GET"]}}],"collection":[{"href":"https:\/\/monagence.jobs\/sq\/wp-json\/wp\/v2\/pages"}],"about":[{"href":"https:\/\/monagence.jobs\/sq\/wp-json\/wp\/v2\/types\/page"}],"author":[{"embeddable":true,"href":"https:\/\/monagence.jobs\/sq\/wp-json\/wp\/v2\/users\/4"}],"replies":[{"embeddable":true,"href":"https:\/\/monagence.jobs\/sq\/wp-json\/wp\/v2\/comments?post=5167"}],"version-history":[{"count":54,"href":"https:\/\/monagence.jobs\/sq\/wp-json\/wp\/v2\/pages\/5167\/revisions"}],"predecessor-version":[{"id":5527,"href":"https:\/\/monagence.jobs\/sq\/wp-json\/wp\/v2\/pages\/5167\/revisions\/5527"}],"wp:attachment":[{"href":"https:\/\/monagence.jobs\/sq\/wp-json\/wp\/v2\/media?parent=5167"}],"curies":[{"name":"wp","href":"https:\/\/api.w.org\/{rel}","templated":true}]}}