{"id":2664,"date":"2021-04-30T17:47:03","date_gmt":"2021-04-30T17:47:03","guid":{"rendered":"https:\/\/monagence.jobs\/oferta-tona-punes\/"},"modified":"2024-05-09T02:30:23","modified_gmt":"2024-05-09T02:30:23","slug":"oferta-tona-punes","status":"publish","type":"page","link":"https:\/\/monagence.jobs\/sq\/oferta-tona-punes\/","title":{"rendered":"OFERTA TONA PUN\u00cbS"},"content":{"rendered":"<p>[vc_row css=&#8221;.vc_custom_1648631792272{margin-top: 40px !important;margin-bottom: 60px !important;}&#8221;][vc_column][vc_separator css_animation=&#8221;none&#8221; css=&#8221;.vc_custom_1648631909741{padding-bottom: 20px !important;}&#8221;]<div id=\"ultimate-heading-31066a08130e7e73a\" class=\"uvc-heading ult-adjust-bottom-margin ultimate-heading-31066a08130e7e73a uvc-5167 \" data-hspacer=\"no_spacer\"  data-halign=\"center\" style=\"text-align:center\"><div class=\"uvc-heading-spacer no_spacer\" style=\"top\"><\/div><div class=\"uvc-main-heading ult-responsive\"  data-ultimate-target='.uvc-heading.ultimate-heading-31066a08130e7e73a h2'  data-responsive-json-new='{\"font-size\":\"\",\"line-height\":\"\"}' ><h2 style=\"font-weight:normal;\">OFERTAT TONA T\u00cb PUN\u00cbS<\/h2><\/div><div class=\"uvc-sub-heading ult-responsive\"  data-ultimate-target='.uvc-heading.ultimate-heading-31066a08130e7e73a .uvc-sub-heading '  data-responsive-json-new='{\"font-size\":\"\",\"line-height\":\"\"}'  style=\"font-weight:normal;\"><\/p>\n<div id=\"ultimate-heading-52246241d63a965f0\" class=\"uvc-heading ult-adjust-bottom-margin ultimate-heading-52246241d63a965f0 uvc-4851 \" data-hspacer=\"no_spacer\" data-halign=\"center\">\n<div class=\"uvc-sub-heading ult-responsive\" data-ultimate-target=\".uvc-heading.ultimate-heading-52246241d63a965f0 .uvc-sub-heading  \" data-responsive-json-new=\"{\"font-size\":\"\",\"line-height\":\"\"}\"><span style=\"font-family: 'Courier New', Courier;\">N\u00cb AGJENCIN\u00cb E MY SA, PUNA JON\u00cb \u00cbSHT\u00cb T\u00cb GJITJM\u00cb NJ\u00cb!<\/span><\/div>\n<\/div>\n<p><\/div><\/div>[vc_row_inner][vc_column_inner width=&#8221;1\/6&#8243;][\/vc_column_inner][vc_column_inner width=&#8221;2\/3&#8243;][vc_column_text]<\/p>\n<p style=\"text-align: center;\"><span style=\"font-family: 'Courier New', Courier;\">Ju mund t\u00eb hyni dhe t\u00eb aplikoni tani p\u00ebr t\u00eb gjitha ofertat tona t\u00eb pun\u00ebs dhe misionit q\u00eb ju jan\u00eb v\u00ebn\u00eb n\u00eb dispozicion n\u00eb faqen ton\u00eb!<\/span><\/p>\n<p>[\/vc_column_text][\/vc_column_inner][vc_column_inner width=&#8221;1\/6&#8243;][\/vc_column_inner][\/vc_row_inner][\/vc_column][\/vc_row][vc_row][vc_column]\n<div id=\"interactive-banner-1-wrap-7222\" class=\"ult-banner-block ult-adjust-bottom-margin ult-bb-box  banner-style01 \"   style=\"\">\n\t<h3  data-ultimate-target='#interactive-banner-1-wrap-7222 .bb-top-title '  data-responsive-json-new='{\"font-size\":\"\",\"line-height\":\"\"}'  class=\"title-center bb-top-title ult-responsive\" style=\"font-weight:normal;background:#242424;color:#ffffff;\">Makinist i vendit<\/h3>\n\t<div class=\"mask opaque-background\" style=\"background:#242424;\">\n\t\t<div  data-ultimate-target='#interactive-banner-1-wrap-7222 .bb-description'  data-responsive-json-new='{\"font-size\":\"\",\"line-height\":\"\"}'  class=\"bb-description ult-responsive\" style=\"font-weight:normal;color:#ffffff;\"><\/div>\n\t<\/div><a class=\"bb-link\" href=\"https:\/\/monagence.jobs\/jobs\/machiniste-de-chantier\/\" title=\"Machiniste de chantier\" target=\"_blank\" rel=\"noopener\" ><\/a>\n<\/div>[\/vc_column][\/vc_row][vc_row][vc_column]\n<div id=\"interactive-banner-1-wrap-2312\" class=\"ult-banner-block ult-adjust-bottom-margin ult-bb-box  banner-style01 \"   style=\"\">\n\t<h3  data-ultimate-target='#interactive-banner-1-wrap-2312 .bb-top-title '  data-responsive-json-new='{\"font-size\":\"\",\"line-height\":\"\"}'  class=\"title-center bb-top-title ult-responsive\" style=\"font-weight:normal;background:#898989;color:#ffffff;\">Rul<i class=\"Defaults-exclamation-triangle warning\"  style= \"color:#ffffff;\"><\/i><\/h3>\n\t<div class=\"mask opaque-background\" style=\"background:#242424;\">\n\t\t<div  data-ultimate-target='#interactive-banner-1-wrap-2312 .bb-description'  data-responsive-json-new='{\"font-size\":\"\",\"line-height\":\"\"}'  class=\"bb-description ult-responsive\" style=\"font-weight:normal;color:#ffffff;\"><\/div>\n\t<\/div><a class=\"bb-link\" href=\"https:\/\/monagence.jobs\/?post_type=jobpost&p=1045&preview=true\" title=\"Rouliste\" target=\"_blank\" rel=\"noopener\" ><\/a>\n<\/div>[\/vc_column][\/vc_row][vc_row][vc_column]\n<div id=\"interactive-banner-1-wrap-8262\" class=\"ult-banner-block ult-adjust-bottom-margin ult-bb-box  banner-style01 \"   style=\"\">\n\t<h3  data-ultimate-target='#interactive-banner-1-wrap-8262 .bb-top-title '  data-responsive-json-new='{\"font-size\":\"\",\"line-height\":\"\"}'  class=\"title-center bb-top-title ult-responsive\" style=\"font-weight:normal;background:#242424;color:#ffffff;\">Makinist P\u00ebrfunduesi<\/h3>\n\t<div class=\"mask opaque-background\" style=\"background:#242424;\">\n\t\t<div  data-ultimate-target='#interactive-banner-1-wrap-8262 .bb-description'  data-responsive-json-new='{\"font-size\":\"\",\"line-height\":\"\"}'  class=\"bb-description ult-responsive\" style=\"font-weight:normal;color:#ffffff;\"><\/div>\n\t<\/div><a class=\"bb-link\" href=\"https:\/\/monagence.jobs\/?post_type=jobpost&p=1052&preview=true\" title=\"Machiniste Finisseuse\" target=\"_blank\" rel=\"noopener\" ><\/a>\n<\/div>[\/vc_column][\/vc_row][vc_row][vc_column]\n<div id=\"interactive-banner-1-wrap-9733\" class=\"ult-banner-block ult-adjust-bottom-margin ult-bb-box  banner-style01 \"   style=\"\">\n\t<h3  data-ultimate-target='#interactive-banner-1-wrap-9733 .bb-top-title '  data-responsive-json-new='{\"font-size\":\"\",\"line-height\":\"\"}'  class=\"title-center bb-top-title ult-responsive\" style=\"font-weight:normal;background:#898989;color:#ffffff;\">Pllakatar<\/h3>\n\t<div class=\"mask opaque-background\" style=\"background:#242424;\">\n\t\t<div  data-ultimate-target='#interactive-banner-1-wrap-9733 .bb-description'  data-responsive-json-new='{\"font-size\":\"\",\"line-height\":\"\"}'  class=\"bb-description ult-responsive\" style=\"font-weight:normal;color:#ffffff;\"><\/div>\n\t<\/div><a class=\"bb-link\" href=\"https:\/\/monagence.jobs\/jobs\/carreleur\/\" title=\"Carreleur\" target=\"_blank\" rel=\"noopener\" ><\/a>\n<\/div>[\/vc_column][\/vc_row][vc_row][vc_column]\n<div id=\"interactive-banner-1-wrap-1640\" class=\"ult-banner-block ult-adjust-bottom-margin ult-bb-box  banner-style01 \"   style=\"\">\n\t<h3  data-ultimate-target='#interactive-banner-1-wrap-1640 .bb-top-title '  data-responsive-json-new='{\"font-size\":\"\",\"line-height\":\"\"}'  class=\"title-center bb-top-title ult-responsive\" style=\"font-weight:normal;background:#242424;color:#ffffff;\">Mason A - Nd\u00ebrtesa - Inxhinieri nd\u00ebrtimi<\/h3>\n\t<div class=\"mask opaque-background\" style=\"background:#242424;\">\n\t\t<div  data-ultimate-target='#interactive-banner-1-wrap-1640 .bb-description'  data-responsive-json-new='{\"font-size\":\"\",\"line-height\":\"\"}'  class=\"bb-description ult-responsive\" style=\"font-weight:normal;color:#ffffff;\"><\/div>\n\t<\/div><a class=\"bb-link\" href=\"https:\/\/monagence.jobs\/jobs\/macon-genie-civil\/\" title=\"Ma\u00e7on - B\u00e2timent - G\u00e9nie civil\" target=\"_blank\" rel=\"noopener\" ><\/a>\n<\/div>[\/vc_column][\/vc_row][vc_row][vc_column]\n<div id=\"interactive-banner-1-wrap-9044\" class=\"ult-banner-block ult-adjust-bottom-margin ult-bb-box  banner-style01 \"   style=\"\">\n\t<h3  data-ultimate-target='#interactive-banner-1-wrap-9044 .bb-top-title '  data-responsive-json-new='{\"font-size\":\"\",\"line-height\":\"\"}'  class=\"title-center bb-top-title ult-responsive\" style=\"font-weight:normal;background:#898989;color:#ffffff;\">Teknik - P\u00ebrgjegj\u00ebs punimesh - Punime strukturore<\/h3>\n\t<div class=\"mask opaque-background\" style=\"background:#242424;\">\n\t\t<div  data-ultimate-target='#interactive-banner-1-wrap-9044 .bb-description'  data-responsive-json-new='{\"font-size\":\"\",\"line-height\":\"\"}'  class=\"bb-description ult-responsive\" style=\"font-weight:normal;color:#ffffff;\"><\/div>\n\t<\/div><a class=\"bb-link\" href=\"https:\/\/monagence.jobs\/jobs\/technicien-gros-oeuvre\/\" title=\"Technicien - Conducteur de travaux - Gros oeuvre\" target=\"_blank\" rel=\"noopener\" ><\/a>\n<\/div>[\/vc_column][\/vc_row][vc_row][vc_column]<div class=\"ult-spacer spacer-6a08130e7e976\" data-id=\"6a08130e7e976\" data-height=\"15\" data-height-mobile=\"15\" data-height-tab=\"15\" data-height-tab-portrait=\"\" data-height-mobile-landscape=\"\" style=\"clear:both;display:block;\"><\/div>[\/vc_column][\/vc_row][vc_row][vc_column][vc_separator color=&#8221;juicy_pink&#8221; border_width=&#8221;4&#8243;][\/vc_column][\/vc_row][vc_row][vc_column]<div class=\"ult-spacer spacer-6a08130e7e999\" data-id=\"6a08130e7e999\" data-height=\"14\" data-height-mobile=\"14\" data-height-tab=\"14\" data-height-tab-portrait=\"\" data-height-mobile-landscape=\"\" style=\"clear:both;display:block;\"><\/div>[\/vc_column][\/vc_row][vc_row][vc_column]\n<div id=\"interactive-banner-1-wrap-7144\" class=\"ult-banner-block ult-adjust-bottom-margin ult-bb-box  banner-style01 \"   style=\"\">\n\t<h3  data-ultimate-target='#interactive-banner-1-wrap-7144 .bb-top-title '  data-responsive-json-new='{\"font-size\":\"\",\"line-height\":\"\"}'  class=\"title-center bb-top-title ult-responsive\" style=\"font-weight:normal;background:#242424;color:#ffffff;\">Punonj\u00ebs teknik i shitjeve dhe administrative 100%<\/h3>\n\t<div class=\"mask opaque-background\" style=\"background:#774977;\">\n\t\t<div  data-ultimate-target='#interactive-banner-1-wrap-7144 .bb-description'  data-responsive-json-new='{\"font-size\":\"\",\"line-height\":\"\"}'  class=\"bb-description ult-responsive\" style=\"font-weight:normal;color:#ffffff;\"><\/div>\n\t<\/div><a class=\"bb-link\" href=\"https:\/\/monagence.jobs\/jobs\/technico-commerciale-employee-administrative-100\/\" title=\"Technico-commerciale &amp; Employ\u00e9e administrative 100%\" target=\"_blank\" rel=\"noopener\" ><\/a>\n<\/div>[\/vc_column][\/vc_row][vc_row][vc_column][vc_separator color=&#8221;juicy_pink&#8221; border_width=&#8221;4&#8243;][\/vc_column][\/vc_row][vc_row][vc_column]<div class=\"ult-spacer spacer-6a08130e7ea14\" data-id=\"6a08130e7ea14\" data-height=\"100\" data-height-mobile=\"100\" data-height-tab=\"100\" data-height-tab-portrait=\"\" data-height-mobile-landscape=\"\" style=\"clear:both;display:block;\"><\/div>[vc_row_inner][vc_column_inner width=&#8221;1\/6&#8243;][\/vc_column_inner][vc_column_inner width=&#8221;2\/3&#8243;][vc_column_text]<\/p>\n<p style=\"text-align: center;\"><span style=\"font-family: 'Courier New', Courier;\">Asnj\u00eb ofert\u00eb nuk p\u00ebrputhet me k\u00ebrkimet tuaja aktuale? Mos u frik\u00ebsoni, ndoshta do t\u00eb kemi disa s\u00eb shpejti. Na lini t\u00eb dh\u00ebnat tuaja t\u00eb kontaktit dhe CV-n\u00eb tuaj <a href=\"https:\/\/monagence.jobs\/sq\/kontaktoni\/\"><strong>k\u00ebtu<\/strong><\/a> , ne do t&#8217;ju kontaktojm\u00eb p\u00ebr pun\u00ebn e \u00ebndrrave tuaja!<\/span><\/p>\n<p>[\/vc_column_text][\/vc_column_inner][vc_column_inner width=&#8221;1\/6&#8243;][\/vc_column_inner][\/vc_row_inner]<div class=\"ult-spacer spacer-6a08130e7ea3d\" data-id=\"6a08130e7ea3d\" data-height=\"100\" data-height-mobile=\"100\" data-height-tab=\"100\" data-height-tab-portrait=\"\" data-height-mobile-landscape=\"\" style=\"clear:both;display:block;\"><\/div>[\/vc_column][\/vc_row]<\/p>\n","protected":false},"excerpt":{"rendered":"<p>[vc_row css=&#8221;.vc_custom_1648631792272{margin-top: 40px !important;margin-bottom: 60px !important;}&#8221;][vc_column][vc_separator css_animation=&#8221;none&#8221; css=&#8221;.vc_custom_1648631909741{padding-bottom: 20px !important;}&#8221;][vc_row_inner][vc_column_inner width=&#8221;1\/6&#8243;][\/vc_column_inner][vc_column_inner width=&#8221;2\/3&#8243;][vc_column_text] Ju mund t\u00eb hyni dhe t\u00eb aplikoni tani p\u00ebr t\u00eb gjitha ofertat tona t\u00eb pun\u00ebs dhe misionit q\u00eb ju jan\u00eb v\u00ebn\u00eb n\u00eb dispozicion n\u00eb faqen ton\u00eb! [\/vc_column_text][\/vc_column_inner][vc_column_inner width=&#8221;1\/6&#8243;][\/vc_column_inner][\/vc_row_inner][\/vc_column][\/vc_row][vc_row][vc_column][\/vc_column][\/vc_row][vc_row][vc_column][\/vc_column][\/vc_row][vc_row][vc_column][\/vc_column][\/vc_row][vc_row][vc_column][\/vc_column][\/vc_row][vc_row][vc_column][\/vc_column][\/vc_row][vc_row][vc_column][\/vc_column][\/vc_row][vc_row][vc_column][\/vc_column][\/vc_row][vc_row][vc_column][vc_separator color=&#8221;juicy_pink&#8221; border_width=&#8221;4&#8243;][\/vc_column][\/vc_row][vc_row][vc_column][\/vc_column][\/vc_row][vc_row][vc_column][\/vc_column][\/vc_row][vc_row][vc_column][vc_separator color=&#8221;juicy_pink&#8221; border_width=&#8221;4&#8243;][\/vc_column][\/vc_row][vc_row][vc_column][vc_row_inner][vc_column_inner width=&#8221;1\/6&#8243;][\/vc_column_inner][vc_column_inner width=&#8221;2\/3&#8243;][vc_column_text] Asnj\u00eb ofert\u00eb nuk p\u00ebrputhet me k\u00ebrkimet tuaja aktuale? Mos [&hellip;]<\/p>\n","protected":false},"author":2,"featured_media":0,"parent":0,"menu_order":0,"comment_status":"closed","ping_status":"closed","template":"page.php","meta":{"_acf_changed":false,"content-type":"","footnotes":""},"class_list":["post-2664","page","type-page","status-publish","hentry"],"acf":[],"_links":{"self":[{"href":"https:\/\/monagence.jobs\/sq\/wp-json\/wp\/v2\/pages\/2664","targetHints":{"allow":["GET"]}}],"collection":[{"href":"https:\/\/monagence.jobs\/sq\/wp-json\/wp\/v2\/pages"}],"about":[{"href":"https:\/\/monagence.jobs\/sq\/wp-json\/wp\/v2\/types\/page"}],"author":[{"embeddable":true,"href":"https:\/\/monagence.jobs\/sq\/wp-json\/wp\/v2\/users\/2"}],"replies":[{"embeddable":true,"href":"https:\/\/monagence.jobs\/sq\/wp-json\/wp\/v2\/comments?post=2664"}],"version-history":[{"count":10,"href":"https:\/\/monagence.jobs\/sq\/wp-json\/wp\/v2\/pages\/2664\/revisions"}],"predecessor-version":[{"id":3435,"href":"https:\/\/monagence.jobs\/sq\/wp-json\/wp\/v2\/pages\/2664\/revisions\/3435"}],"wp:attachment":[{"href":"https:\/\/monagence.jobs\/sq\/wp-json\/wp\/v2\/media?parent=2664"}],"curies":[{"name":"wp","href":"https:\/\/api.w.org\/{rel}","templated":true}]}}