{"id":5566,"date":"2024-06-12T13:18:06","date_gmt":"2024-06-12T13:18:06","guid":{"rendered":"https:\/\/monagence.jobs\/rouliste\/"},"modified":"2024-06-12T13:18:25","modified_gmt":"2024-06-12T13:18:25","slug":"rouliste","status":"publish","type":"page","link":"https:\/\/monagence.jobs\/pt-pt\/rouliste\/","title":{"rendered":"Rouliste"},"content":{"rendered":"<h2><span style=\"font-family: Georgia, Palatino; color: #0000ff;\">Rouliste<\/span><\/h2>\n<p>\n<span style=\"color: #993366;\"><strong><span style=\"font-size: 20px;\">O teu desafio<\/span><\/strong><\/span><\/p>\n<p>Obras de asfalto<\/p>\n<p>Rolos de acionamento<\/p>\n<p>Manuten\u00e7\u00e3o de m\u00e1quinas de constru\u00e7\u00e3o<\/p>\n<p>&nbsp;<\/p>\n<p><span style=\"font-size: 20px;\"><strong><span style=\"color: #993366;\">As tuas compet\u00eancias<\/span><\/strong><\/span><\/p>\n<p>Experi\u00eancia comprovada como motorista<\/p>\n<p>Conhecimento dos locais de aplica\u00e7\u00e3o de revestimentos<\/p>\n<p>Aut\u00f3noma, flex\u00edvel e din\u00e2mica<\/p>\n<p>&nbsp;<\/p>\n<p><strong><span style=\"color: #993366;\"><span style=\"font-size: 20px;\">CONTACTO<\/span><\/span><\/strong><\/p>\n<p>Candidata-te online<\/p>\n<p>ou<\/p>\n<p>Tel. +4179 266 79 79 &#8211; Ferdi<\/p>\n<p class=\"wpcf7-contact-form-not-found\"><strong>Erro:<\/strong> Formul\u00e1rio de contacto n\u00e3o encontrado.<\/p>\n","protected":false},"excerpt":{"rendered":"<p>Rouliste O teu desafio Obras de asfalto Rolos de acionamento Manuten\u00e7\u00e3o de m\u00e1quinas de constru\u00e7\u00e3o &nbsp; As tuas compet\u00eancias Experi\u00eancia comprovada como motorista Conhecimento dos locais de aplica\u00e7\u00e3o de revestimentos Aut\u00f3noma, flex\u00edvel e din\u00e2mica &nbsp; CONTACTO Candidata-te online ou Tel. +4179 266 79 79 &#8211; Ferdi<\/p>\n","protected":false},"author":4,"featured_media":0,"parent":0,"menu_order":0,"comment_status":"closed","ping_status":"closed","template":"one-page-template.php","meta":{"_acf_changed":false,"content-type":"","footnotes":""},"class_list":["post-5566","page","type-page","status-publish","hentry"],"acf":[],"_links":{"self":[{"href":"https:\/\/monagence.jobs\/pt-pt\/wp-json\/wp\/v2\/pages\/5566","targetHints":{"allow":["GET"]}}],"collection":[{"href":"https:\/\/monagence.jobs\/pt-pt\/wp-json\/wp\/v2\/pages"}],"about":[{"href":"https:\/\/monagence.jobs\/pt-pt\/wp-json\/wp\/v2\/types\/page"}],"author":[{"embeddable":true,"href":"https:\/\/monagence.jobs\/pt-pt\/wp-json\/wp\/v2\/users\/4"}],"replies":[{"embeddable":true,"href":"https:\/\/monagence.jobs\/pt-pt\/wp-json\/wp\/v2\/comments?post=5566"}],"version-history":[{"count":6,"href":"https:\/\/monagence.jobs\/pt-pt\/wp-json\/wp\/v2\/pages\/5566\/revisions"}],"predecessor-version":[{"id":5616,"href":"https:\/\/monagence.jobs\/pt-pt\/wp-json\/wp\/v2\/pages\/5566\/revisions\/5616"}],"wp:attachment":[{"href":"https:\/\/monagence.jobs\/pt-pt\/wp-json\/wp\/v2\/media?parent=5566"}],"curies":[{"name":"wp","href":"https:\/\/api.w.org\/{rel}","templated":true}]}}