{"id":5187,"date":"2024-06-11T16:22:57","date_gmt":"2024-06-11T16:22:57","guid":{"rendered":"https:\/\/monagence.jobs\/maquinista-de-obra\/"},"modified":"2024-06-11T16:31:44","modified_gmt":"2024-06-11T16:31:44","slug":"maquinista-de-obra","status":"publish","type":"page","link":"https:\/\/monagence.jobs\/pt-pt\/maquinista-de-obra\/","title":{"rendered":"Maquinista de obra"},"content":{"rendered":"<h2><span style=\"color: #0000ff;\">Maquinista de obra<\/span><\/h2>\n<p><span style=\"color: #993366;\"><strong><span style=\"font-size: 20px;\">O teu desafio<\/span><\/strong><\/span><\/p>\n<p>Trabalhos de terraplanagem, escava\u00e7\u00f5es, etc.<\/p>\n<p>Conduzir escavadoras de lagartas ou de rodas<\/p>\n<p>Manuten\u00e7\u00e3o de m\u00e1quinas de constru\u00e7\u00e3o<\/p>\n<p>&nbsp;<\/p>\n<p><span style=\"font-size: 20px;\"><strong><span style=\"color: #993366;\">As tuas compet\u00eancias<\/span><\/strong><\/span><\/p>\n<p>Boa experi\u00eancia &#8211; 2 anos numa posi\u00e7\u00e3o semelhante (na Su\u00ed\u00e7a \u00c9 UM PONTO FORTE)<\/p>\n<p>Carta de maquinista (M1, &#8230; M7)<\/p>\n<p>Aut\u00f3noma, flex\u00edvel e din\u00e2mica<\/p>\n<p>&nbsp;<\/p>\n<p><strong><span style=\"color: #993366;\"><span style=\"font-size: 20px;\">CONTACTO<\/span><\/span><\/strong><\/p>\n<p>Candidata-te online<\/p>\n<p>ou<\/p>\n<p>Tel. +4179 266 79 79 &#8211; Ferdi<\/p>\n<p>&nbsp;<\/p>\n<p class=\"wpcf7-contact-form-not-found\"><strong>Erro:<\/strong> Formul\u00e1rio de contacto n\u00e3o encontrado.<\/p>\n","protected":false},"excerpt":{"rendered":"<p>Maquinista de obra O teu desafio Trabalhos de terraplanagem, escava\u00e7\u00f5es, etc. Conduzir escavadoras de lagartas ou de rodas Manuten\u00e7\u00e3o de m\u00e1quinas de constru\u00e7\u00e3o &nbsp; As tuas compet\u00eancias Boa experi\u00eancia &#8211; 2 anos numa posi\u00e7\u00e3o semelhante (na Su\u00ed\u00e7a \u00c9 UM PONTO FORTE) Carta de maquinista (M1, &#8230; M7) Aut\u00f3noma, flex\u00edvel e din\u00e2mica &nbsp; CONTACTO Candidata-te online [&hellip;]<\/p>\n","protected":false},"author":4,"featured_media":0,"parent":0,"menu_order":0,"comment_status":"closed","ping_status":"closed","template":"one-page-template.php","meta":{"_acf_changed":false,"content-type":"","footnotes":""},"class_list":["post-5187","page","type-page","status-publish","hentry"],"acf":[],"_links":{"self":[{"href":"https:\/\/monagence.jobs\/pt-pt\/wp-json\/wp\/v2\/pages\/5187","targetHints":{"allow":["GET"]}}],"collection":[{"href":"https:\/\/monagence.jobs\/pt-pt\/wp-json\/wp\/v2\/pages"}],"about":[{"href":"https:\/\/monagence.jobs\/pt-pt\/wp-json\/wp\/v2\/types\/page"}],"author":[{"embeddable":true,"href":"https:\/\/monagence.jobs\/pt-pt\/wp-json\/wp\/v2\/users\/4"}],"replies":[{"embeddable":true,"href":"https:\/\/monagence.jobs\/pt-pt\/wp-json\/wp\/v2\/comments?post=5187"}],"version-history":[{"count":34,"href":"https:\/\/monagence.jobs\/pt-pt\/wp-json\/wp\/v2\/pages\/5187\/revisions"}],"predecessor-version":[{"id":5532,"href":"https:\/\/monagence.jobs\/pt-pt\/wp-json\/wp\/v2\/pages\/5187\/revisions\/5532"}],"wp:attachment":[{"href":"https:\/\/monagence.jobs\/pt-pt\/wp-json\/wp\/v2\/media?parent=5187"}],"curies":[{"name":"wp","href":"https:\/\/api.w.org\/{rel}","templated":true}]}}