{"id":2827,"date":"2021-05-08T16:20:41","date_gmt":"2021-05-08T16:20:41","guid":{"rendered":"https:\/\/monagence.jobs\/servicos-empresariais\/"},"modified":"2024-05-09T03:22:28","modified_gmt":"2024-05-09T03:22:28","slug":"servicos-empresariais","status":"publish","type":"page","link":"https:\/\/monagence.jobs\/pt-pt\/servicos-empresariais\/","title":{"rendered":"SERVI\u00c7OS EMPRESARIAIS"},"content":{"rendered":"<p>[vc_row equal_height=&#8221;yes&#8221; css=&#8221;.vc_custom_1480356825937{padding-top: 120px !important;padding-bottom: 120px !important;}&#8221;][vc_column][vc_custom_heading text=&#8221;OS NOSSOS SERVI\u00c7OS&#8221; font_container=&#8221;tag:h1|text_align:center&#8221; use_theme_fonts=&#8221;yes&#8221;][vc_empty_space height=&#8221;100px&#8221;][vc_row_inner css=&#8221;.vc_custom_1480354597759{margin-bottom: 60px !important;}&#8221;][vc_column_inner width=&#8221;1\/3&#8243;]<div class=\"aio-icon-component    style_1\"><div id=\"Info-box-wrap-9179\" class=\"aio-icon-box top-icon\" style=\"\"  ><div class=\"aio-icon-top\"><div class=\"ult-just-icon-wrapper  \"><div class=\"align-icon\" style=\"text-align:center;\">\n<div class=\"aio-icon none \"  style=\"color:#333;font-size:45px;display:inline-block;\">\n\t<i class=\"linearicons-pencil-ruler\"><\/i>\n<\/div><\/div><\/div><\/div><div class=\"aio-icon-header\" ><h3 class=\"aio-icon-title ult-responsive\"  data-ultimate-target='#Info-box-wrap-9179 .aio-icon-title'  data-responsive-json-new='{\"font-size\":\"desktop:12px;\",\"line-height\":\"\"}'  style=\"font-family:&#039;Raleway&#039;;font-weight:700;\">SERVI\u00c7O PERSONALIZADO<\/h3><\/div> <!-- header --><div class=\"aio-icon-description ult-responsive\"  data-ultimate-target='#Info-box-wrap-9179 .aio-icon-description'  data-responsive-json-new='{\"font-size\":\"\",\"line-height\":\"\"}'  style=\"\"><\/p>\n<p style=\"text-align: center;\"><span style=\"font-family: 'Courier New', Courier;\">Podes escolher as tarefas que pretendes subcontratar.<\/span><\/p>\n<p style=\"text-align: left;\"><span style=\"font-family: 'Courier New', Courier;\"><span style=\"color: #595959;\">&#8211; Recrutamento permanente \/ Recrutamento tempor\u00e1rio.<br \/>\n<\/span><span style=\"color: #595959;\">&#8211; Controlo de sal\u00e1rios \/ Experimenta e contrata<br \/>\n<\/span><span style=\"color: #595959;\">&#8211; Apoio personalizado aos RH<br \/>\n<\/span><span style=\"color: #595959;\">&#8211; Aconselhamento ao empregador<br \/>\n<\/span><span style=\"color: #595959;\">&#8211; etc.<\/span><\/span><\/p>\n<p><\/div> <!-- description --><\/div> <!-- aio-icon-box --><\/div> <!-- aio-icon-component --><div class=\"ult-spacer spacer-69deb634a5e07\" data-id=\"69deb634a5e07\" data-height=\"0\" data-height-mobile=\"40\" data-height-tab=\"\" data-height-tab-portrait=\"\" data-height-mobile-landscape=\"40\" style=\"clear:both;display:block;\"><\/div>[\/vc_column_inner][vc_column_inner width=&#8221;1\/3&#8243;]<div class=\"aio-icon-component    style_1\"><div id=\"Info-box-wrap-5354\" class=\"aio-icon-box top-icon\" style=\"\"  ><div class=\"aio-icon-top\"><div class=\"ult-just-icon-wrapper  \"><div class=\"align-icon\" style=\"text-align:center;\">\n<div class=\"aio-icon none \"  style=\"color:#333;font-size:40px;display:inline-block;\">\n\t<i class=\"linearicons-crown\"><\/i>\n<\/div><\/div><\/div><\/div><div class=\"aio-icon-header\" ><h3 class=\"aio-icon-title ult-responsive\"  data-ultimate-target='#Info-box-wrap-5354 .aio-icon-title'  data-responsive-json-new='{\"font-size\":\"desktop:12px;\",\"line-height\":\"\"}'  style=\"font-family:&#039;Raleway&#039;;font-weight:700;\">RECRUTAMENTO<\/h3><\/div> <!-- header --><div class=\"aio-icon-description ult-responsive\"  data-ultimate-target='#Info-box-wrap-5354 .aio-icon-description'  data-responsive-json-new='{\"font-size\":\"\",\"line-height\":\"\"}'  style=\"\"><span style=\"font-family: 'Courier New', Courier;\">Ainda \u00e0 procura da joia rara para completar a tua equipa a longo prazo? Os m\u00e9todos de sele\u00e7\u00e3o aprofundada de<\/span> <span style=\"font-family: mon-agence-font, 'Mulish', 'Arial', 'sans-serif' ,sans-serif;\">A minha ag\u00eancia<\/span> <span style=\"font-family: 'Courier New', Courier;\">aumentar\u00e1 as tuas hip\u00f3teses de encontrar a pessoa certa para a tua equipa e para o teu ambiente.<\/span><\/div> <!-- description --><\/div> <!-- aio-icon-box --><\/div> <!-- aio-icon-component --><div class=\"ult-spacer spacer-69deb634a5f4c\" data-id=\"69deb634a5f4c\" data-height=\"0\" data-height-mobile=\"40\" data-height-tab=\"\" data-height-tab-portrait=\"\" data-height-mobile-landscape=\"40\" style=\"clear:both;display:block;\"><\/div>[\/vc_column_inner][vc_column_inner width=&#8221;1\/3&#8243;]<div class=\"aio-icon-component    style_1\"><div id=\"Info-box-wrap-5304\" class=\"aio-icon-box top-icon\" style=\"\"  ><div class=\"aio-icon-top\"><div class=\"ult-just-icon-wrapper  \"><div class=\"align-icon\" style=\"text-align:center;\">\n<div class=\"aio-icon none \"  style=\"color:#333;font-size:45px;display:inline-block;\">\n\t<i class=\"linearicons-papers\"><\/i>\n<\/div><\/div><\/div><\/div><div class=\"aio-icon-header\" ><h3 class=\"aio-icon-title ult-responsive\"  data-ultimate-target='#Info-box-wrap-5304 .aio-icon-title'  data-responsive-json-new='{\"font-size\":\"desktop:12px;\",\"line-height\":\"\"}'  style=\"font-family:&#039;Raleway&#039;;font-weight:700;\">CONTAGEM DE HORAS<\/h3><\/div> <!-- header --><div class=\"aio-icon-description ult-responsive\"  data-ultimate-target='#Info-box-wrap-5304 .aio-icon-description'  data-responsive-json-new='{\"font-size\":\"\",\"line-height\":\"\"}'  style=\"\"><span style=\"font-family: 'Courier New', Courier;\">As nossas solu\u00e7\u00f5es personalizadas e automatizadas de controlo de tempo tornam mais eficiente a gest\u00e3o, o controlo e a comunica\u00e7\u00e3o do tempo do pessoal.<\/span><\/p>\n<p><span style=\"font-family: 'Courier New', Courier;\">Utilizar a aplica\u00e7\u00e3o <a href=\"https:\/\/interijob.ch\/\">InteriJob<br \/>\n<\/a>Acompanhamento f\u00e1cil com InteriJob<\/span><br \/>\n<span style=\"font-family: 'Courier New', Courier;\"><em>Com o InteriJob, podes introduzir rapidamente os teus relat\u00f3rios de tempo semanais e verificar o estado da tua tarefa em qualquer altura.<\/em><\/span><\/div> <!-- description --><\/div> <!-- aio-icon-box --><\/div> <!-- aio-icon-component -->[\/vc_column_inner][\/vc_row_inner][vc_row_inner][vc_column_inner width=&#8221;1\/3&#8243;]<div class=\"aio-icon-component    style_1\"><div id=\"Info-box-wrap-9656\" class=\"aio-icon-box top-icon\" style=\"\"  ><div class=\"aio-icon-top\"><div class=\"ult-just-icon-wrapper  \"><div class=\"align-icon\" style=\"text-align:center;\">\n<div class=\"aio-icon none \"  style=\"color:#333;font-size:45px;display:inline-block;\">\n\t<i class=\"linearicons-group-work\"><\/i>\n<\/div><\/div><\/div><\/div><div class=\"aio-icon-header\" ><h3 class=\"aio-icon-title ult-responsive\"  data-ultimate-target='#Info-box-wrap-9656 .aio-icon-title'  data-responsive-json-new='{\"font-size\":\"desktop:12px;\",\"line-height\":\"\"}'  style=\"font-family:&#039;Raleway&#039;;font-weight:700;\">EXPERIMENTA\u00c7\u00c3O E DISCRI\u00c7\u00c3O<\/h3><\/div> <!-- header --><div class=\"aio-icon-description ult-responsive\"  data-ultimate-target='#Info-box-wrap-9656 .aio-icon-description'  data-responsive-json-new='{\"font-size\":\"\",\"line-height\":\"\"}'  style=\"\"><span style=\"font-family: 'Courier New', Courier;\">Dispomos de uma excelente experi\u00eancia local.<\/span><br \/>\n<span style=\"font-family: 'Courier New', Courier;\">Discri\u00e7\u00e3o, confian\u00e7a, a\u00e7\u00e3o e respeito s\u00e3o as palavras de ordem, tanto para os nossos clientes como para os nossos candidatos.<\/span><\/div> <!-- description --><\/div> <!-- aio-icon-box --><\/div> <!-- aio-icon-component --><div class=\"ult-spacer spacer-69deb634a614f\" data-id=\"69deb634a614f\" data-height=\"0\" data-height-mobile=\"40\" data-height-tab=\"\" data-height-tab-portrait=\"\" data-height-mobile-landscape=\"40\" style=\"clear:both;display:block;\"><\/div>[\/vc_column_inner][vc_column_inner width=&#8221;1\/3&#8243;]<div class=\"aio-icon-component    style_1\"><div id=\"Info-box-wrap-1818\" class=\"aio-icon-box top-icon\" style=\"\"  ><div class=\"aio-icon-top\"><div class=\"ult-just-icon-wrapper  \"><div class=\"align-icon\" style=\"text-align:center;\">\n<div class=\"aio-icon none \"  style=\"color:#333;font-size:45px;display:inline-block;\">\n\t<i class=\"linearicons-alarm-check\"><\/i>\n<\/div><\/div><\/div><\/div><div class=\"aio-icon-header\" ><h3 class=\"aio-icon-title ult-responsive\"  data-ultimate-target='#Info-box-wrap-1818 .aio-icon-title'  data-responsive-json-new='{\"font-size\":\"desktop:12px;\",\"line-height\":\"\"}'  style=\"font-family:&#039;Raleway&#039;;font-weight:700;\">OTIMIZA\u00c7\u00c3O DO TEMPO<br \/>\n<\/h3><\/div> <!-- header --><div class=\"aio-icon-description ult-responsive\"  data-ultimate-target='#Info-box-wrap-1818 .aio-icon-description'  data-responsive-json-new='{\"font-size\":\"\",\"line-height\":\"\"}'  style=\"\"><\/p>\n<p style=\"text-align: center;\"><span style=\"font-family: 'Courier New', Courier;\">Est\u00e1s livre de quest\u00f5es legais e regulamentares.<\/span><\/p>\n<p style=\"text-align: left;\"><span style=\"font-family: 'Courier New', Courier;\">As nossas equipas :<\/span><br \/>\n<span style=\"font-family: 'Courier New', Courier;\">&#8211; s\u00e3o respons\u00e1veis pela reda\u00e7\u00e3o do contrato de trabalho,<\/span><br \/>\n<span style=\"font-family: 'Courier New', Courier;\">&#8211; emite as folhas de vencimento,<\/span><br \/>\n<span style=\"font-family: 'Courier New', Courier;\">&#8211; gere as declara\u00e7\u00f5es \u00e0s institui\u00e7\u00f5es,<\/span><br \/>\n<span style=\"font-family: 'Courier New', Courier;\">&#8211; est\u00e3o em contacto direto com os candidatos para todas as quest\u00f5es administrativas.<\/span><\/p>\n<p><\/div> <!-- description --><\/div> <!-- aio-icon-box --><\/div> <!-- aio-icon-component --><div class=\"ult-spacer spacer-69deb634a628b\" data-id=\"69deb634a628b\" data-height=\"0\" data-height-mobile=\"40\" data-height-tab=\"\" data-height-tab-portrait=\"\" data-height-mobile-landscape=\"40\" style=\"clear:both;display:block;\"><\/div>[\/vc_column_inner][vc_column_inner width=&#8221;1\/3&#8243;]<div class=\"aio-icon-component    style_1\"><div id=\"Info-box-wrap-2929\" class=\"aio-icon-box top-icon\" style=\"\"  ><div class=\"aio-icon-top\"><div class=\"ult-just-icon-wrapper  \"><div class=\"align-icon\" style=\"text-align:center;\">\n<div class=\"aio-icon none \"  style=\"color:#333;font-size:45px;display:inline-block;\">\n\t<i class=\"Defaults-paypal\"><\/i>\n<\/div><\/div><\/div><\/div><div class=\"aio-icon-header\" ><h3 class=\"aio-icon-title ult-responsive\"  data-ultimate-target='#Info-box-wrap-2929 .aio-icon-title'  data-responsive-json-new='{\"font-size\":\"desktop:12px;\",\"line-height\":\"\"}'  style=\"font-family:&#039;Raleway&#039;;font-weight:700;\">FOLHA DE PAGAMENTO \/ TENTAR &amp; CONTRATAR<br \/>\n<\/h3><\/div> <!-- header --><div class=\"aio-icon-description ult-responsive\"  data-ultimate-target='#Info-box-wrap-2929 .aio-icon-description'  data-responsive-json-new='{\"font-size\":\"\",\"line-height\":\"\"}'  style=\"\"><span style=\"font-family: 'Courier New', Courier;\"><strong>Pagamento de sal\u00e1rios<\/strong><\/span><br \/>\n<span style=\"font-family: 'Courier New', Courier;\">Confia-nos o teu pessoal para uma gest\u00e3o subcontratada facilitada.<\/span><\/p>\n<p><span style=\"font-family: 'Courier New', Courier;\"><strong>Experimenta e aluga<\/strong><\/span><br \/>\n<span style=\"font-family: 'Courier New', Courier;\">Gostarias de testar os teus futuros empregados antes de lhes oferecer um contrato permanente &#8211; e at\u00e9 poupar nos custos de coloca\u00e7\u00e3o? A Try &amp; Hire torna-o poss\u00edvel.<\/span><\/div> <!-- description --><\/div> <!-- aio-icon-box --><\/div> <!-- aio-icon-component -->[\/vc_column_inner][\/vc_row_inner][\/vc_column][\/vc_row][vc_row bg_type=&#8221;image&#8221; parallax_style=&#8221;vcpb-default&#8221; bg_image_new=&#8221;id^545|url^https:\/\/preview.treethemes.com\/hazel\/demo1clean\/wp-content\/uploads\/sites\/2\/revslider\/home5\/newhome3.jpg|caption^null|alt^null|title^newhome3.jpg|description^null&#8221; bg_override=&#8221;ex-full&#8221; enable_overlay=&#8221;enable_overlay_value&#8221; overlay_color=&#8221;rgba(20,20,20,0.85)&#8221; css=&#8221;.vc_custom_1621349097516{padding-top: 100px !important;padding-bottom: 100px !important;}&#8221;][vc_column css_animation=&#8221;fadeInUp&#8221;][vc_custom_heading text=&#8221;NOSSO PROCESSO DE RECRUTAMENTO&#8221; font_container=&#8221;tag:h2|text_align:center|color:%23ffffff&#8221; use_theme_fonts=&#8221;yes&#8221;][vc_empty_space height=&#8221;80px&#8221;]<div class=\"ult-spacer spacer-69deb634a639c\" data-id=\"69deb634a639c\" data-height=\"\" data-height-mobile=\"40\" data-height-tab=\"\" data-height-tab-portrait=\"\" data-height-mobile-landscape=\"40\" style=\"clear:both;display:block;\"><\/div>[vc_row_inner][vc_column_inner width=&#8221;1\/3&#8243;]<div class=\"aio-icon-component    style_2\"><div id=\"Info-box-wrap-4173\" class=\"aio-icon-box default-icon\" style=\"\"  ><div class=\"aio-icon-default\"><div class=\"ult-just-icon-wrapper  \"><div class=\"align-icon\" style=\"text-align:center;\">\n<div class=\"aio-icon none \"  style=\"color:#d1d1d1;font-size:50px;display:inline-block;\">\n\t<i class=\"linearicons-color-sampler\"><\/i>\n<\/div><\/div><\/div><\/div><div class=\"aio-icon-header\" ><h3 class=\"aio-icon-title ult-responsive\"  data-ultimate-target='#Info-box-wrap-4173 .aio-icon-title'  data-responsive-json-new='{\"font-size\":\"desktop:16px;tablet_portrait:14px;mobile_landscape:14px;mobile:14px;\",\"line-height\":\"\"}'  style=\"font-family:&#039;Dosis&#039;;font-weight:600;color:#ffffff;\">\ud835\udff6\ud835\udff7. DEFINI\u00c7\u00c3O DO CARGO<\/h3><\/div> <!-- header --><div class=\"aio-icon-description ult-responsive\"  data-ultimate-target='#Info-box-wrap-4173 .aio-icon-description'  data-responsive-json-new='{\"font-size\":\"\",\"line-height\":\"\"}'  style=\"color:#f9f9f9;\"><\/p>\n<p style=\"text-align: center;\"><span style=\"font-family: 'Courier New', Courier;\">Estuda e analisa a posi\u00e7\u00e3o para determinar os crit\u00e9rios e os requisitos.<\/span><\/p>\n<p><\/div> <!-- description --><\/div> <!-- aio-icon-box --><\/div> <!-- aio-icon-component -->[\/vc_column_inner][vc_column_inner width=&#8221;1\/3&#8243;]<div class=\"ult-spacer spacer-69deb634a64b9\" data-id=\"69deb634a64b9\" data-height=\"\" data-height-mobile=\"40\" data-height-tab=\"\" data-height-tab-portrait=\"\" data-height-mobile-landscape=\"40\" style=\"clear:both;display:block;\"><\/div><div class=\"aio-icon-component    style_2\"><div id=\"Info-box-wrap-6314\" class=\"aio-icon-box default-icon\" style=\"\"  ><div class=\"aio-icon-default\"><div class=\"ult-just-icon-wrapper  \"><div class=\"align-icon\" style=\"text-align:center;\">\n<div class=\"aio-icon none \"  style=\"color:#d1d1d1;font-size:50px;display:inline-block;\">\n\t<i class=\"linearicons-binoculars\"><\/i>\n<\/div><\/div><\/div><\/div><div class=\"aio-icon-header\" ><h3 class=\"aio-icon-title ult-responsive\"  data-ultimate-target='#Info-box-wrap-6314 .aio-icon-title'  data-responsive-json-new='{\"font-size\":\"desktop:16px;tablet_portrait:14px;mobile_landscape:14px;mobile:14px;\",\"line-height\":\"\"}'  style=\"font-family:&#039;Dosis&#039;;font-weight:600;color:#ffffff;\">\ud835\udff6\ud835\udff8. BUSCA DE CANDIDATOS<\/h3><\/div> <!-- header --><div class=\"aio-icon-description ult-responsive\"  data-ultimate-target='#Info-box-wrap-6314 .aio-icon-description'  data-responsive-json-new='{\"font-size\":\"\",\"line-height\":\"\"}'  style=\"color:#f9f9f9;\"><\/p>\n<p style=\"text-align: center;\"><span style=\"font-family: 'Courier New', Courier;\">An\u00e1lise da nossa base de dados e procura ativa de candidatos que correspondam \u00e0s tuas necessidades.<\/span><\/p>\n<p><\/div> <!-- description --><\/div> <!-- aio-icon-box --><\/div> <!-- aio-icon-component -->[\/vc_column_inner][vc_column_inner width=&#8221;1\/3&#8243;]<div class=\"ult-spacer spacer-69deb634a65ca\" data-id=\"69deb634a65ca\" data-height=\"\" data-height-mobile=\"40\" data-height-tab=\"\" data-height-tab-portrait=\"\" data-height-mobile-landscape=\"40\" style=\"clear:both;display:block;\"><\/div><div class=\"aio-icon-component    style_2\"><div id=\"Info-box-wrap-5668\" class=\"aio-icon-box default-icon\" style=\"\"  ><div class=\"aio-icon-default\"><div class=\"ult-just-icon-wrapper  \"><div class=\"align-icon\" style=\"text-align:center;\">\n<div class=\"aio-icon none \"  style=\"color:#d1d1d1;font-size:50px;display:inline-block;\">\n\t<i class=\"linearicons-laptop-phone\"><\/i>\n<\/div><\/div><\/div><\/div><div class=\"aio-icon-header\" ><h3 class=\"aio-icon-title ult-responsive\"  data-ultimate-target='#Info-box-wrap-5668 .aio-icon-title'  data-responsive-json-new='{\"font-size\":\"desktop:16px;tablet_portrait:14px;mobile_landscape:14px;mobile:14px;\",\"line-height\":\"\"}'  style=\"font-family:&#039;Dosis&#039;;font-weight:600;color:#ffffff;\">\ud835\udff6\ud835\udff9. PROCESSAMENTO DAS CANDIDATURAS<\/h3><\/div> <!-- header --><div class=\"aio-icon-description ult-responsive\"  data-ultimate-target='#Info-box-wrap-5668 .aio-icon-description'  data-responsive-json-new='{\"font-size\":\"\",\"line-height\":\"\"}'  style=\"color:#f9f9f9;\"><\/p>\n<p style=\"text-align: center;\"><span style=\"font-family: 'Courier New', Courier;\">Depois de receber as candidaturas suscept\u00edveis de satisfazer as tuas necessidades,<\/span> <span style=\"font-family: mon-agence-font, 'Mulish', 'Arial', 'sans-serif' ,sans-serif;\">Mon Agence<\/span> <span style=\"font-family: 'Courier New', Courier;\">procede a uma fase de pr\u00e9-sele\u00e7\u00e3o.<\/span><\/p>\n<p><\/div> <!-- description --><\/div> <!-- aio-icon-box --><\/div> <!-- aio-icon-component -->[\/vc_column_inner][\/vc_row_inner][vc_row_inner][vc_column_inner width=&#8221;1\/3&#8243;]<div class=\"ult-spacer spacer-69deb634a66f6\" data-id=\"69deb634a66f6\" data-height=\"\" data-height-mobile=\"40\" data-height-tab=\"\" data-height-tab-portrait=\"\" data-height-mobile-landscape=\"40\" style=\"clear:both;display:block;\"><\/div><div class=\"aio-icon-component    style_2\"><div id=\"Info-box-wrap-6971\" class=\"aio-icon-box default-icon\" style=\"\"  ><div class=\"aio-icon-default\"><div class=\"ult-just-icon-wrapper  \"><div class=\"align-icon\" style=\"text-align:center;\">\n<div class=\"aio-icon none \"  style=\"color:#d1d1d1;font-size:50px;display:inline-block;\">\n\t<i class=\"linearicons-group-work\"><\/i>\n<\/div><\/div><\/div><\/div><div class=\"aio-icon-header\" ><h3 class=\"aio-icon-title ult-responsive\"  data-ultimate-target='#Info-box-wrap-6971 .aio-icon-title'  data-responsive-json-new='{\"font-size\":\"desktop:16px;tablet_portrait:14px;mobile_landscape:14px;mobile:14px;\",\"line-height\":\"\"}'  style=\"font-family:&#039;Dosis&#039;;font-weight:600;color:#ffffff;\">\ud835\udff6\ud835\udffa. SELE\u00c7\u00c3O DO CANDIDATO<\/h3><\/div> <!-- header --><div class=\"aio-icon-description ult-responsive\"  data-ultimate-target='#Info-box-wrap-6971 .aio-icon-description'  data-responsive-json-new='{\"font-size\":\"\",\"line-height\":\"\"}'  style=\"color:#f9f9f9;\"><\/p>\n<p style=\"text-align: center;\"><span style=\"font-family: 'Courier New', Courier;\">Entrevista e avalia\u00e7\u00e3o dos candidatos seleccionados.<\/span><br \/>\n<span style=\"font-family: 'Courier New', Courier;\">Apresenta\u00e7\u00e3o de informa\u00e7\u00f5es sobre<\/span><br \/>\n<span style=\"font-family: 'Courier New', Courier;\">candidatos seleccionados.<\/span><\/p>\n<p><\/div> <!-- description --><\/div> <!-- aio-icon-box --><\/div> <!-- aio-icon-component -->[\/vc_column_inner][vc_column_inner width=&#8221;1\/3&#8243;]<div class=\"ult-spacer spacer-69deb634a680f\" data-id=\"69deb634a680f\" data-height=\"\" data-height-mobile=\"40\" data-height-tab=\"\" data-height-tab-portrait=\"\" data-height-mobile-landscape=\"40\" style=\"clear:both;display:block;\"><\/div><div class=\"aio-icon-component    style_2\"><div id=\"Info-box-wrap-5050\" class=\"aio-icon-box default-icon\" style=\"\"  ><div class=\"aio-icon-default\"><div class=\"ult-just-icon-wrapper  \"><div class=\"align-icon\" style=\"text-align:center;\">\n<div class=\"aio-icon none \"  style=\"color:#d1d1d1;font-size:50px;display:inline-block;\">\n\t<i class=\"linearicons-users\"><\/i>\n<\/div><\/div><\/div><\/div><div class=\"aio-icon-header\" ><h3 class=\"aio-icon-title ult-responsive\"  data-ultimate-target='#Info-box-wrap-5050 .aio-icon-title'  data-responsive-json-new='{\"font-size\":\"desktop:16px;tablet_portrait:14px;mobile_landscape:14px;mobile:14px;\",\"line-height\":\"\"}'  style=\"font-family:&#039;Dosis&#039;;font-weight:600;color:#ffffff;\">\ud835\udff6\ud835\udffb. FINALIZA\u00c7\u00c3O<\/h3><\/div> <!-- header --><div class=\"aio-icon-description ult-responsive\"  data-ultimate-target='#Info-box-wrap-5050 .aio-icon-description'  data-responsive-json-new='{\"font-size\":\"\",\"line-height\":\"\"}'  style=\"color:#f9f9f9;\"><\/p>\n<p style=\"text-align: center;\"><span style=\"font-family: 'Courier New', Courier;\">Podemos ajudar-te a tomar a decis\u00e3o final durante a \u00faltima fase do recrutamento.<\/span><\/p>\n<p style=\"text-align: center;\"><span style=\"font-family: 'Courier New', Courier;\">Entrevistas dos candidatos seleccionados com o cliente e acompanhamento p\u00f3s-entrevista.<\/span><\/p>\n<p><\/div> <!-- description --><\/div> <!-- aio-icon-box --><\/div> <!-- aio-icon-component -->[\/vc_column_inner][vc_column_inner width=&#8221;1\/3&#8243;]<div class=\"ult-spacer spacer-69deb634a6927\" data-id=\"69deb634a6927\" data-height=\"\" data-height-mobile=\"40\" data-height-tab=\"\" data-height-tab-portrait=\"\" data-height-mobile-landscape=\"40\" style=\"clear:both;display:block;\"><\/div><div class=\"aio-icon-component    style_2\"><div id=\"Info-box-wrap-7532\" class=\"aio-icon-box default-icon\" style=\"\"  ><div class=\"aio-icon-default\"><div class=\"ult-just-icon-wrapper  \"><div class=\"align-icon\" style=\"text-align:center;\">\n<div class=\"aio-icon none \"  style=\"color:#d1d1d1;font-size:50px;display:inline-block;\">\n\t<i class=\"linearicons-users-plus\"><\/i>\n<\/div><\/div><\/div><\/div><div class=\"aio-icon-header\" ><h3 class=\"aio-icon-title ult-responsive\"  data-ultimate-target='#Info-box-wrap-7532 .aio-icon-title'  data-responsive-json-new='{\"font-size\":\"desktop:16px;tablet_portrait:14px;mobile_landscape:14px;mobile:14px;\",\"line-height\":\"\"}'  style=\"font-family:&#039;Dosis&#039;;font-weight:600;color:#ffffff;\">\ud835\udff6\ud835\udffc. CONTRATA\u00c7\u00c3O<\/h3><\/div> <!-- header --><div class=\"aio-icon-description ult-responsive\"  data-ultimate-target='#Info-box-wrap-7532 .aio-icon-description'  data-responsive-json-new='{\"font-size\":\"\",\"line-height\":\"\"}'  style=\"color:#f9f9f9;\"><\/p>\n<p style=\"text-align: center;\"><span style=\"font-family: 'Courier New', Courier;\">Finaliza\u00e7\u00e3o do processo de recrutamento.<\/span><br \/>\n<span style=\"font-family: 'Courier New', Courier;\">Finalizar a oferta e integrar o trabalhador tempor\u00e1rio<\/span><br \/>\n<span style=\"font-family: 'Courier New', Courier;\">Estabelecemos um acompanhamento regular para garantir a sua satisfa\u00e7\u00e3o e ficamos \u00e0 sua disposi\u00e7\u00e3o.<\/span><\/p>\n<p><\/div> <!-- description --><\/div> <!-- aio-icon-box --><\/div> <!-- aio-icon-component -->[\/vc_column_inner][\/vc_row_inner][\/vc_column][\/vc_row]<\/p>\n","protected":false},"excerpt":{"rendered":"<p>[vc_row equal_height=&#8221;yes&#8221; css=&#8221;.vc_custom_1480356825937{padding-top: 120px !important;padding-bottom: 120px !important;}&#8221;][vc_column][vc_custom_heading text=&#8221;OS NOSSOS SERVI\u00c7OS&#8221; font_container=&#8221;tag:h1|text_align:center&#8221; use_theme_fonts=&#8221;yes&#8221;][vc_empty_space height=&#8221;100px&#8221;][vc_row_inner css=&#8221;.vc_custom_1480354597759{margin-bottom: 60px !important;}&#8221;][vc_column_inner width=&#8221;1\/3&#8243;][\/vc_column_inner][vc_column_inner width=&#8221;1\/3&#8243;][\/vc_column_inner][vc_column_inner width=&#8221;1\/3&#8243;][\/vc_column_inner][\/vc_row_inner][vc_row_inner][vc_column_inner width=&#8221;1\/3&#8243;][\/vc_column_inner][vc_column_inner width=&#8221;1\/3&#8243;][\/vc_column_inner][vc_column_inner width=&#8221;1\/3&#8243;][\/vc_column_inner][\/vc_row_inner][\/vc_column][\/vc_row][vc_row bg_type=&#8221;image&#8221; parallax_style=&#8221;vcpb-default&#8221; bg_image_new=&#8221;id^545|url^https:\/\/preview.treethemes.com\/hazel\/demo1clean\/wp-content\/uploads\/sites\/2\/revslider\/home5\/newhome3.jpg|caption^null|alt^null|title^newhome3.jpg|description^null&#8221; bg_override=&#8221;ex-full&#8221; enable_overlay=&#8221;enable_overlay_value&#8221; overlay_color=&#8221;rgba(20,20,20,0.85)&#8221; css=&#8221;.vc_custom_1621349097516{padding-top: 100px !important;padding-bottom: 100px !important;}&#8221;][vc_column css_animation=&#8221;fadeInUp&#8221;][vc_custom_heading text=&#8221;NOSSO PROCESSO DE RECRUTAMENTO&#8221; font_container=&#8221;tag:h2|text_align:center|color:%23ffffff&#8221; use_theme_fonts=&#8221;yes&#8221;][vc_empty_space height=&#8221;80px&#8221;][vc_row_inner][vc_column_inner width=&#8221;1\/3&#8243;][\/vc_column_inner][vc_column_inner width=&#8221;1\/3&#8243;][\/vc_column_inner][vc_column_inner width=&#8221;1\/3&#8243;][\/vc_column_inner][\/vc_row_inner][vc_row_inner][vc_column_inner width=&#8221;1\/3&#8243;][\/vc_column_inner][vc_column_inner width=&#8221;1\/3&#8243;][\/vc_column_inner][vc_column_inner width=&#8221;1\/3&#8243;][\/vc_column_inner][\/vc_row_inner][\/vc_column][\/vc_row]<\/p>\n","protected":false},"author":2,"featured_media":0,"parent":0,"menu_order":0,"comment_status":"closed","ping_status":"closed","template":"page.php","meta":{"_acf_changed":false,"content-type":"","footnotes":""},"class_list":["post-2827","page","type-page","status-publish","hentry"],"acf":[],"_links":{"self":[{"href":"https:\/\/monagence.jobs\/pt-pt\/wp-json\/wp\/v2\/pages\/2827","targetHints":{"allow":["GET"]}}],"collection":[{"href":"https:\/\/monagence.jobs\/pt-pt\/wp-json\/wp\/v2\/pages"}],"about":[{"href":"https:\/\/monagence.jobs\/pt-pt\/wp-json\/wp\/v2\/types\/page"}],"author":[{"embeddable":true,"href":"https:\/\/monagence.jobs\/pt-pt\/wp-json\/wp\/v2\/users\/2"}],"replies":[{"embeddable":true,"href":"https:\/\/monagence.jobs\/pt-pt\/wp-json\/wp\/v2\/comments?post=2827"}],"version-history":[{"count":32,"href":"https:\/\/monagence.jobs\/pt-pt\/wp-json\/wp\/v2\/pages\/2827\/revisions"}],"predecessor-version":[{"id":3709,"href":"https:\/\/monagence.jobs\/pt-pt\/wp-json\/wp\/v2\/pages\/2827\/revisions\/3709"}],"wp:attachment":[{"href":"https:\/\/monagence.jobs\/pt-pt\/wp-json\/wp\/v2\/media?parent=2827"}],"curies":[{"name":"wp","href":"https:\/\/api.w.org\/{rel}","templated":true}]}}