{"id":2639,"date":"2021-04-30T17:47:03","date_gmt":"2021-04-30T17:47:03","guid":{"rendered":"https:\/\/monagence.jobs\/as-nossas-ofertas-de-emprego\/"},"modified":"2024-05-09T02:30:50","modified_gmt":"2024-05-09T02:30:50","slug":"as-nossas-ofertas-de-emprego","status":"publish","type":"page","link":"https:\/\/monagence.jobs\/pt-pt\/as-nossas-ofertas-de-emprego\/","title":{"rendered":"AS NOSSAS OFERTAS DE EMPREGO"},"content":{"rendered":"<p>[vc_row css=&#8221;.vc_custom_1648631792272{margin-top: 40px !important;margin-bottom: 60px !important;}&#8221;][vc_column][vc_separator css_animation=&#8221;none&#8221; css=&#8221;.vc_custom_1648631909741{padding-bottom: 20px !important;}&#8221;]<div id=\"ultimate-heading-24176a081341e94c7\" class=\"uvc-heading ult-adjust-bottom-margin ultimate-heading-24176a081341e94c7 uvc-5647 \" data-hspacer=\"no_spacer\"  data-halign=\"center\" style=\"text-align:center\"><div class=\"uvc-heading-spacer no_spacer\" style=\"top\"><\/div><div class=\"uvc-main-heading ult-responsive\"  data-ultimate-target='.uvc-heading.ultimate-heading-24176a081341e94c7 h2'  data-responsive-json-new='{\"font-size\":\"\",\"line-height\":\"\"}' ><h2 style=\"font-weight:normal;\">NOSSAS OFERTAS DE EMPREGO<\/h2><\/div><div class=\"uvc-sub-heading ult-responsive\"  data-ultimate-target='.uvc-heading.ultimate-heading-24176a081341e94c7 .uvc-sub-heading '  data-responsive-json-new='{\"font-size\":\"\",\"line-height\":\"\"}'  style=\"font-weight:normal;\"><\/p>\n<div id=\"ultimate-heading-52246241d63a965f0\" class=\"uvc-heading ult-adjust-bottom-margin ultimate-heading-52246241d63a965f0 uvc-4851 \" data-hspacer=\"no_spacer\" data-halign=\"center\">\n<div class=\"uvc-sub-heading ult-responsive\" data-ultimate-target=\".uvc-heading.ultimate-heading-52246241d63a965f0 .uvc-sub-heading  \" data-responsive-json-new=\"{\"font-size\":\"\",\"line-height\":\"\"}\"><span style=\"font-family: 'Courier New', Courier;\">NA MON AGENCE SA, O NOSSO TRABALHO \u00c9 ENCONTRAR-TE UM!<\/span><\/div>\n<\/div>\n<p><\/div><\/div>[vc_row_inner][vc_column_inner width=&#8221;1\/6&#8243;][\/vc_column_inner][vc_column_inner width=&#8221;2\/3&#8243;][vc_column_text]<\/p>\n<p style=\"text-align: center;\"><span style=\"font-family: 'Courier New', Courier;\">A partir de agora, podes aceder e candidatar-te a todas as nossas ofertas de emprego e de trabalho no nosso s\u00edtio Web!<\/span><\/p>\n<p>[\/vc_column_text][\/vc_column_inner][vc_column_inner width=&#8221;1\/6&#8243;][\/vc_column_inner][\/vc_row_inner][\/vc_column][\/vc_row][vc_row][vc_column]\n<div id=\"interactive-banner-1-wrap-6625\" class=\"ult-banner-block ult-adjust-bottom-margin ult-bb-box  banner-style01 \"   style=\"\">\n\t<h3  data-ultimate-target='#interactive-banner-1-wrap-6625 .bb-top-title '  data-responsive-json-new='{\"font-size\":\"\",\"line-height\":\"\"}'  class=\"title-center bb-top-title ult-responsive\" style=\"font-weight:normal;background:#242424;color:#ffffff;\">Maquinista de obra<\/h3>\n\t<div class=\"mask opaque-background\" style=\"background:#242424;\">\n\t\t<div  data-ultimate-target='#interactive-banner-1-wrap-6625 .bb-description'  data-responsive-json-new='{\"font-size\":\"\",\"line-height\":\"\"}'  class=\"bb-description ult-responsive\" style=\"font-weight:normal;color:#ffffff;\"><\/div>\n\t<\/div><a class=\"bb-link\" href=\"https:\/\/monagence.jobs\/jobs\/machiniste-de-chantier\/\" title=\"Machiniste de chantier\" target=\"_blank\" rel=\"noopener\" ><\/a>\n<\/div>[\/vc_column][\/vc_row][vc_row][vc_column]\n<div id=\"interactive-banner-1-wrap-6360\" class=\"ult-banner-block ult-adjust-bottom-margin ult-bb-box  banner-style01 \"   style=\"\">\n\t<h3  data-ultimate-target='#interactive-banner-1-wrap-6360 .bb-top-title '  data-responsive-json-new='{\"font-size\":\"\",\"line-height\":\"\"}'  class=\"title-center bb-top-title ult-responsive\" style=\"font-weight:normal;background:#898989;color:#ffffff;\">Rouliste<i class=\"Defaults-exclamation-triangle warning\"  style= \"color:#ffffff;\"><\/i><\/h3>\n\t<div class=\"mask opaque-background\" style=\"background:#242424;\">\n\t\t<div  data-ultimate-target='#interactive-banner-1-wrap-6360 .bb-description'  data-responsive-json-new='{\"font-size\":\"\",\"line-height\":\"\"}'  class=\"bb-description ult-responsive\" style=\"font-weight:normal;color:#ffffff;\"><\/div>\n\t<\/div><a class=\"bb-link\" href=\"https:\/\/monagence.jobs\/?post_type=jobpost&p=1045&preview=true\" title=\"Rouliste\" target=\"_blank\" rel=\"noopener\" ><\/a>\n<\/div>[\/vc_column][\/vc_row][vc_row][vc_column]\n<div id=\"interactive-banner-1-wrap-7570\" class=\"ult-banner-block ult-adjust-bottom-margin ult-bb-box  banner-style01 \"   style=\"\">\n\t<h3  data-ultimate-target='#interactive-banner-1-wrap-7570 .bb-top-title '  data-responsive-json-new='{\"font-size\":\"\",\"line-height\":\"\"}'  class=\"title-center bb-top-title ult-responsive\" style=\"font-weight:normal;background:#242424;color:#ffffff;\">Maquinista Acabador<\/h3>\n\t<div class=\"mask opaque-background\" style=\"background:#242424;\">\n\t\t<div  data-ultimate-target='#interactive-banner-1-wrap-7570 .bb-description'  data-responsive-json-new='{\"font-size\":\"\",\"line-height\":\"\"}'  class=\"bb-description ult-responsive\" style=\"font-weight:normal;color:#ffffff;\"><\/div>\n\t<\/div><a class=\"bb-link\" href=\"https:\/\/monagence.jobs\/?post_type=jobpost&p=1052&preview=true\" title=\"Machiniste Finisseuse\" target=\"_blank\" rel=\"noopener\" ><\/a>\n<\/div>[\/vc_column][\/vc_row][vc_row][vc_column]\n<div id=\"interactive-banner-1-wrap-2386\" class=\"ult-banner-block ult-adjust-bottom-margin ult-bb-box  banner-style01 \"   style=\"\">\n\t<h3  data-ultimate-target='#interactive-banner-1-wrap-2386 .bb-top-title '  data-responsive-json-new='{\"font-size\":\"\",\"line-height\":\"\"}'  class=\"title-center bb-top-title ult-responsive\" style=\"font-weight:normal;background:#898989;color:#ffffff;\">Ladrilhador<\/h3>\n\t<div class=\"mask opaque-background\" style=\"background:#242424;\">\n\t\t<div  data-ultimate-target='#interactive-banner-1-wrap-2386 .bb-description'  data-responsive-json-new='{\"font-size\":\"\",\"line-height\":\"\"}'  class=\"bb-description ult-responsive\" style=\"font-weight:normal;color:#ffffff;\"><\/div>\n\t<\/div><a class=\"bb-link\" href=\"https:\/\/monagence.jobs\/jobs\/carreleur\/\" title=\"Carreleur\" target=\"_blank\" rel=\"noopener\" ><\/a>\n<\/div>[\/vc_column][\/vc_row][vc_row][vc_column]\n<div id=\"interactive-banner-1-wrap-2231\" class=\"ult-banner-block ult-adjust-bottom-margin ult-bb-box  banner-style01 \"   style=\"\">\n\t<h3  data-ultimate-target='#interactive-banner-1-wrap-2231 .bb-top-title '  data-responsive-json-new='{\"font-size\":\"\",\"line-height\":\"\"}'  class=\"title-center bb-top-title ult-responsive\" style=\"font-weight:normal;background:#242424;color:#ffffff;\">Mason A - Constru\u00e7\u00e3o civil - Engenharia civil<\/h3>\n\t<div class=\"mask opaque-background\" style=\"background:#242424;\">\n\t\t<div  data-ultimate-target='#interactive-banner-1-wrap-2231 .bb-description'  data-responsive-json-new='{\"font-size\":\"\",\"line-height\":\"\"}'  class=\"bb-description ult-responsive\" style=\"font-weight:normal;color:#ffffff;\"><\/div>\n\t<\/div><a class=\"bb-link\" href=\"https:\/\/monagence.jobs\/jobs\/macon-genie-civil\/\" title=\"Ma\u00e7on - B\u00e2timent - G\u00e9nie civil\" target=\"_blank\" rel=\"noopener\" ><\/a>\n<\/div>[\/vc_column][\/vc_row][vc_row][vc_column]\n<div id=\"interactive-banner-1-wrap-4017\" class=\"ult-banner-block ult-adjust-bottom-margin ult-bb-box  banner-style01 \"   style=\"\">\n\t<h3  data-ultimate-target='#interactive-banner-1-wrap-4017 .bb-top-title '  data-responsive-json-new='{\"font-size\":\"\",\"line-height\":\"\"}'  class=\"title-center bb-top-title ult-responsive\" style=\"font-weight:normal;background:#898989;color:#ffffff;\">T\u00e9cnico - Supervisor de obra - Grandes obras<\/h3>\n\t<div class=\"mask opaque-background\" style=\"background:#242424;\">\n\t\t<div  data-ultimate-target='#interactive-banner-1-wrap-4017 .bb-description'  data-responsive-json-new='{\"font-size\":\"\",\"line-height\":\"\"}'  class=\"bb-description ult-responsive\" style=\"font-weight:normal;color:#ffffff;\"><\/div>\n\t<\/div><a class=\"bb-link\" href=\"https:\/\/monagence.jobs\/jobs\/technicien-gros-oeuvre\/\" title=\"Technicien - Conducteur de travaux - Gros oeuvre\" target=\"_blank\" rel=\"noopener\" ><\/a>\n<\/div>[\/vc_column][\/vc_row][vc_row][vc_column]<div class=\"ult-spacer spacer-6a081341e973a\" data-id=\"6a081341e973a\" data-height=\"15\" data-height-mobile=\"15\" data-height-tab=\"15\" data-height-tab-portrait=\"\" data-height-mobile-landscape=\"\" style=\"clear:both;display:block;\"><\/div>[\/vc_column][\/vc_row][vc_row][vc_column][vc_separator color=&#8221;juicy_pink&#8221; border_width=&#8221;4&#8243;][\/vc_column][\/vc_row][vc_row][vc_column]<div class=\"ult-spacer spacer-6a081341e976a\" data-id=\"6a081341e976a\" data-height=\"14\" data-height-mobile=\"14\" data-height-tab=\"14\" data-height-tab-portrait=\"\" data-height-mobile-landscape=\"\" style=\"clear:both;display:block;\"><\/div>[\/vc_column][\/vc_row][vc_row][vc_column]\n<div id=\"interactive-banner-1-wrap-6256\" class=\"ult-banner-block ult-adjust-bottom-margin ult-bb-box  banner-style01 \"   style=\"\">\n\t<h3  data-ultimate-target='#interactive-banner-1-wrap-6256 .bb-top-title '  data-responsive-json-new='{\"font-size\":\"\",\"line-height\":\"\"}'  class=\"title-center bb-top-title ult-responsive\" style=\"font-weight:normal;background:#242424;color:#ffffff;\">Empregado t\u00e9cnico-comercial e administrativo a 100% do tempo<\/h3>\n\t<div class=\"mask opaque-background\" style=\"background:#774977;\">\n\t\t<div  data-ultimate-target='#interactive-banner-1-wrap-6256 .bb-description'  data-responsive-json-new='{\"font-size\":\"\",\"line-height\":\"\"}'  class=\"bb-description ult-responsive\" style=\"font-weight:normal;color:#ffffff;\"><\/div>\n\t<\/div><a class=\"bb-link\" href=\"https:\/\/monagence.jobs\/jobs\/technico-commerciale-employee-administrative-100\/\" title=\"Technico-commerciale &amp; Employ\u00e9e administrative 100%\" target=\"_blank\" rel=\"noopener\" ><\/a>\n<\/div>[\/vc_column][\/vc_row][vc_row][vc_column][vc_separator color=&#8221;juicy_pink&#8221; border_width=&#8221;4&#8243;][\/vc_column][\/vc_row][vc_row][vc_column]<div class=\"ult-spacer spacer-6a081341e97ed\" data-id=\"6a081341e97ed\" data-height=\"100\" data-height-mobile=\"100\" data-height-tab=\"100\" data-height-tab-portrait=\"\" data-height-mobile-landscape=\"\" style=\"clear:both;display:block;\"><\/div>[vc_row_inner][vc_column_inner width=&#8221;1\/6&#8243;][\/vc_column_inner][vc_column_inner width=&#8221;2\/3&#8243;][vc_column_text]<\/p>\n<p style=\"text-align: center;\"><span style=\"font-family: 'Courier New', Courier;\">Nenhuma oferta corresponde \u00e0 tua pesquisa atual? N\u00e3o entres em p\u00e2nico, provavelmente teremos alguns em breve. Deixa-nos os teus dados de contacto e o teu CV <a href=\"https:\/\/monagence.jobs\/contact\/\"><br \/>\n  <strong>aqui<\/strong><br \/>\n<\/a>e entraremos em contacto contigo sobre o teu emprego de sonho!<\/span><\/p>\n<p>[\/vc_column_text][\/vc_column_inner][vc_column_inner width=&#8221;1\/6&#8243;][\/vc_column_inner][\/vc_row_inner]<div class=\"ult-spacer spacer-6a081341e980f\" data-id=\"6a081341e980f\" data-height=\"100\" data-height-mobile=\"100\" data-height-tab=\"100\" data-height-tab-portrait=\"\" data-height-mobile-landscape=\"\" style=\"clear:both;display:block;\"><\/div>[\/vc_column][\/vc_row]<\/p>\n","protected":false},"excerpt":{"rendered":"<p>[vc_row css=&#8221;.vc_custom_1648631792272{margin-top: 40px !important;margin-bottom: 60px !important;}&#8221;][vc_column][vc_separator css_animation=&#8221;none&#8221; css=&#8221;.vc_custom_1648631909741{padding-bottom: 20px !important;}&#8221;][vc_row_inner][vc_column_inner width=&#8221;1\/6&#8243;][\/vc_column_inner][vc_column_inner width=&#8221;2\/3&#8243;][vc_column_text] A partir de agora, podes aceder e candidatar-te a todas as nossas ofertas de emprego e de trabalho no nosso s\u00edtio Web! [\/vc_column_text][\/vc_column_inner][vc_column_inner width=&#8221;1\/6&#8243;][\/vc_column_inner][\/vc_row_inner][\/vc_column][\/vc_row][vc_row][vc_column][\/vc_column][\/vc_row][vc_row][vc_column][\/vc_column][\/vc_row][vc_row][vc_column][\/vc_column][\/vc_row][vc_row][vc_column][\/vc_column][\/vc_row][vc_row][vc_column][\/vc_column][\/vc_row][vc_row][vc_column][\/vc_column][\/vc_row][vc_row][vc_column][\/vc_column][\/vc_row][vc_row][vc_column][vc_separator color=&#8221;juicy_pink&#8221; border_width=&#8221;4&#8243;][\/vc_column][\/vc_row][vc_row][vc_column][\/vc_column][\/vc_row][vc_row][vc_column][\/vc_column][\/vc_row][vc_row][vc_column][vc_separator color=&#8221;juicy_pink&#8221; border_width=&#8221;4&#8243;][\/vc_column][\/vc_row][vc_row][vc_column][vc_row_inner][vc_column_inner width=&#8221;1\/6&#8243;][\/vc_column_inner][vc_column_inner width=&#8221;2\/3&#8243;][vc_column_text] Nenhuma oferta corresponde \u00e0 tua pesquisa atual? N\u00e3o entres em p\u00e2nico, provavelmente teremos [&hellip;]<\/p>\n","protected":false},"author":2,"featured_media":0,"parent":0,"menu_order":0,"comment_status":"closed","ping_status":"closed","template":"page.php","meta":{"_acf_changed":false,"content-type":"","footnotes":""},"class_list":["post-2639","page","type-page","status-publish","hentry"],"acf":[],"_links":{"self":[{"href":"https:\/\/monagence.jobs\/pt-pt\/wp-json\/wp\/v2\/pages\/2639","targetHints":{"allow":["GET"]}}],"collection":[{"href":"https:\/\/monagence.jobs\/pt-pt\/wp-json\/wp\/v2\/pages"}],"about":[{"href":"https:\/\/monagence.jobs\/pt-pt\/wp-json\/wp\/v2\/types\/page"}],"author":[{"embeddable":true,"href":"https:\/\/monagence.jobs\/pt-pt\/wp-json\/wp\/v2\/users\/2"}],"replies":[{"embeddable":true,"href":"https:\/\/monagence.jobs\/pt-pt\/wp-json\/wp\/v2\/comments?post=2639"}],"version-history":[{"count":12,"href":"https:\/\/monagence.jobs\/pt-pt\/wp-json\/wp\/v2\/pages\/2639\/revisions"}],"predecessor-version":[{"id":3447,"href":"https:\/\/monagence.jobs\/pt-pt\/wp-json\/wp\/v2\/pages\/2639\/revisions\/3447"}],"wp:attachment":[{"href":"https:\/\/monagence.jobs\/pt-pt\/wp-json\/wp\/v2\/media?parent=2639"}],"curies":[{"name":"wp","href":"https:\/\/api.w.org\/{rel}","templated":true}]}}