{"id":2541,"date":"2021-04-30T17:41:56","date_gmt":"2021-04-30T17:41:56","guid":{"rendered":"https:\/\/monagence.jobs\/sobre-nos\/"},"modified":"2024-05-23T01:37:07","modified_gmt":"2024-05-23T01:37:07","slug":"sobre-nos","status":"publish","type":"page","link":"https:\/\/monagence.jobs\/pt-pt\/sobre-nos\/","title":{"rendered":"SOBRE N\u00d3S"},"content":{"rendered":"<p>[vc_row css=&#8221;.vc_custom_1481576227367{margin-top: 120px !important;margin-bottom: 60px !important;}&#8221;][vc_column css_animation=&#8221;fadeInUp&#8221;]<div id=\"ultimate-heading-318969ef5c97bab2f\" class=\"uvc-heading ult-adjust-bottom-margin ultimate-heading-318969ef5c97bab2f uvc-4685 \" data-hspacer=\"line_only\"  data-halign=\"center\" style=\"text-align:center\"><div class=\"uvc-heading-spacer line_only\" style=\"margin-bottom:40px;height:40px;\"><span class=\"uvc-headings-line\" style=\"border-style:solid;border-bottom-width:40px;border-color:#ccc;width:1px;\"><\/span><\/div><\/div>[vc_custom_heading text=&#8221;SOMOS MON AGENCE&#8221; font_container=&#8221;tag:h6|text_align:center&#8221; use_theme_fonts=&#8221;yes&#8221;][vc_custom_heading text=&#8221;SOBRE N\u00d3S&#8221; font_container=&#8221;tag:h2|font_size:50px|text_align:center&#8221; use_theme_fonts=&#8221;yes&#8221;][vc_empty_space height=&#8221;20px&#8221;][vc_row_inner][vc_column_inner width=&#8221;1\/6&#8243;][\/vc_column_inner][vc_column_inner width=&#8221;2\/3&#8243;][vc_column_text]<\/p>\n<p style=\"text-align: center;\"><span style=\"font-size: 14pt; font-family: 'Courier New', Courier;\">O nosso objetivo \u00e9 contribuir para o sucesso das pessoas e das empresas, recorrendo a recursos humanos qualificados e oferecendo uma gama de servi\u00e7os personalizados e eficazes. O nosso objetivo \u00e9 construir uma rela\u00e7\u00e3o de confian\u00e7a e colabora\u00e7\u00e3o que evolua num esp\u00edrito de parceria a longo prazo e que seja mutuamente ben\u00e9fica.<\/span><\/p>\n<p>[\/vc_column_text][\/vc_column_inner][vc_column_inner width=&#8221;1\/6&#8243;][\/vc_column_inner][\/vc_row_inner][\/vc_column][\/vc_row][vc_row css_animation=&#8221;bottom-to-top&#8221;][vc_column][vc_empty_space height=&#8221;20px&#8221;][vc_icon icon_fontawesome=&#8221;fab fa-whatsapp&#8221; color=&#8221;green&#8221; background_style=&#8221;rounded&#8221; size=&#8221;sm&#8221; align=&#8221;center&#8221; css_animation=&#8221;bottom-to-top&#8221; link=&#8221;url:https%3A%2F%2Fwhatsapp.com%2Fchannel%2F0029VaPsNca5kg75owhbPL43|&#8221;][vc_column_text css_animation=&#8221;bottom-to-top&#8221;]<\/p>\n<p style=\"text-align: center;\"><span style=\"font-size: 20px;\"><strong><span style=\"font-family: 'Courier New', Courier;\">SUBSCREVE O NOSSO CANAL WHATSAPP PARA ESTARES A PAR DAS NOSSAS NOVIDADES!<\/span><\/strong><\/span><\/p>\n<p>[\/vc_column_text][\/vc_column][\/vc_row][vc_row full_width=&#8221;stretch_row_content_no_spaces&#8221;][vc_column][vc_empty_space height=&#8221;20px&#8221;][vc_single_image image=&#8221;243&#8243; img_size=&#8221;full&#8221; alignment=&#8221;center&#8221; css_animation=&#8221;bottom-to-top&#8221;][\/vc_column][\/vc_row]<\/p>\n","protected":false},"excerpt":{"rendered":"<p>[vc_row css=&#8221;.vc_custom_1481576227367{margin-top: 120px !important;margin-bottom: 60px !important;}&#8221;][vc_column css_animation=&#8221;fadeInUp&#8221;][vc_custom_heading text=&#8221;SOMOS MON AGENCE&#8221; font_container=&#8221;tag:h6|text_align:center&#8221; use_theme_fonts=&#8221;yes&#8221;][vc_custom_heading text=&#8221;SOBRE N\u00d3S&#8221; font_container=&#8221;tag:h2|font_size:50px|text_align:center&#8221; use_theme_fonts=&#8221;yes&#8221;][vc_empty_space height=&#8221;20px&#8221;][vc_row_inner][vc_column_inner width=&#8221;1\/6&#8243;][\/vc_column_inner][vc_column_inner width=&#8221;2\/3&#8243;][vc_column_text] O nosso objetivo \u00e9 contribuir para o sucesso das pessoas e das empresas, recorrendo a recursos humanos qualificados e oferecendo uma gama de servi\u00e7os personalizados e eficazes. O nosso objetivo \u00e9 construir uma rela\u00e7\u00e3o de confian\u00e7a [&hellip;]<\/p>\n","protected":false},"author":2,"featured_media":0,"parent":0,"menu_order":0,"comment_status":"closed","ping_status":"closed","template":"one-page-template.php","meta":{"_acf_changed":false,"content-type":"","footnotes":""},"class_list":["post-2541","page","type-page","status-publish","hentry"],"acf":[],"_links":{"self":[{"href":"https:\/\/monagence.jobs\/pt-pt\/wp-json\/wp\/v2\/pages\/2541","targetHints":{"allow":["GET"]}}],"collection":[{"href":"https:\/\/monagence.jobs\/pt-pt\/wp-json\/wp\/v2\/pages"}],"about":[{"href":"https:\/\/monagence.jobs\/pt-pt\/wp-json\/wp\/v2\/types\/page"}],"author":[{"embeddable":true,"href":"https:\/\/monagence.jobs\/pt-pt\/wp-json\/wp\/v2\/users\/2"}],"replies":[{"embeddable":true,"href":"https:\/\/monagence.jobs\/pt-pt\/wp-json\/wp\/v2\/comments?post=2541"}],"version-history":[{"count":16,"href":"https:\/\/monagence.jobs\/pt-pt\/wp-json\/wp\/v2\/pages\/2541\/revisions"}],"predecessor-version":[{"id":3746,"href":"https:\/\/monagence.jobs\/pt-pt\/wp-json\/wp\/v2\/pages\/2541\/revisions\/3746"}],"wp:attachment":[{"href":"https:\/\/monagence.jobs\/pt-pt\/wp-json\/wp\/v2\/media?parent=2541"}],"curies":[{"name":"wp","href":"https:\/\/api.w.org\/{rel}","templated":true}]}}