{"id":2839,"date":"2021-04-30T17:47:03","date_gmt":"2021-04-30T17:47:03","guid":{"rendered":"https:\/\/monagence.jobs\/%d0%bd%d0%b0%d1%88%d0%b8%d1%82%d0%b5-%d0%bf%d0%be%d0%bd%d1%83%d0%b4%d0%b8-%d0%b7%d0%b0-%d1%80%d0%b0%d0%b1%d0%be%d1%82%d0%b0-2\/"},"modified":"2024-05-09T02:30:46","modified_gmt":"2024-05-09T02:30:46","slug":"%d0%bd%d0%b0%d1%88%d0%b8%d1%82%d0%b5-%d0%bf%d0%be%d0%bd%d1%83%d0%b4%d0%b8-%d0%b7%d0%b0-%d1%80%d0%b0%d0%b1%d0%be%d1%82%d0%b0-2","status":"publish","type":"page","link":"https:\/\/monagence.jobs\/mk\/%d0%bd%d0%b0%d1%88%d0%b8%d1%82%d0%b5-%d0%bf%d0%be%d0%bd%d1%83%d0%b4%d0%b8-%d0%b7%d0%b0-%d1%80%d0%b0%d0%b1%d0%be%d1%82%d0%b0-2\/","title":{"rendered":"\u041d\u0410\u0428\u0418\u0422\u0415 \u041f\u041e\u041d\u0423\u0414\u0418 \u0437\u0430 \u0440\u0430\u0431\u043e\u0442\u0430"},"content":{"rendered":"<p>[vc_row css=&#8221;.vc_custom_1648631792272{margin-top: 40px !important;margin-bottom: 60px !important;}&#8221;][vc_column][vc_separator css_animation=&#8221;none&#8221; css=&#8221;.vc_custom_1648631909741{padding-bottom: 20px !important;}&#8221;]<div id=\"ultimate-heading-155269de9537a44c4\" class=\"uvc-heading ult-adjust-bottom-margin ultimate-heading-155269de9537a44c4 uvc-9611 \" data-hspacer=\"no_spacer\"  data-halign=\"center\" style=\"text-align:center\"><div class=\"uvc-heading-spacer no_spacer\" style=\"top\"><\/div><div class=\"uvc-main-heading ult-responsive\"  data-ultimate-target='.uvc-heading.ultimate-heading-155269de9537a44c4 h2'  data-responsive-json-new='{\"font-size\":\"\",\"line-height\":\"\"}' ><h2 style=\"font-weight:normal;\">\u041d\u0410\u0428\u0418\u0422\u0415 \u0420\u0410\u0411\u041e\u0422\u041d\u0418 \u041f\u041e\u041d\u0423\u0414\u0418<\/h2><\/div><div class=\"uvc-sub-heading ult-responsive\"  data-ultimate-target='.uvc-heading.ultimate-heading-155269de9537a44c4 .uvc-sub-heading '  data-responsive-json-new='{\"font-size\":\"\",\"line-height\":\"\"}'  style=\"font-weight:normal;\"><\/p>\n<div id=\"ultimate-heading-52246241d63a965f0\" class=\"uvc-heading ult-adjust-bottom-margin ultimate-heading-52246241d63a965f0 uvc-4851 \" data-hspacer=\"no_spacer\" data-halign=\"center\">\n<div class=\"uvc-sub-heading ult-responsive\" data-ultimate-target=\".uvc-heading.ultimate-heading-52246241d63a965f0 .uvc-sub-heading  \" data-responsive-json-new=\"{\"font-size\":\"\",\"line-height\":\"\"}\"><span style=\"font-family: 'Courier New', Courier;\">\u0412\u041e \u041c\u041e\u0408\u0410\u0422\u0410 \u0410\u0413\u0415\u041d\u0426\u0418\u0408\u0410 \u0421\u0410 \u041d\u0410\u0428\u0410 \u0420\u0410\u0411\u041e\u0422\u0410 \u0415 \u0414\u0410 \u0412\u0418 \u041d\u0410\u0408\u0414\u0415\u041c\u0415 \u0415\u0414\u0415\u041d!<\/span><\/div>\n<\/div>\n<p><\/div><\/div>[vc_row_inner][vc_column_inner width=&#8221;1\/6&#8243;][\/vc_column_inner][vc_column_inner width=&#8221;2\/3&#8243;][vc_column_text]<\/p>\n<p style=\"text-align: center;\"><span style=\"font-family: 'Courier New', Courier;\">\u041c\u043e\u0436\u0435\u0442\u0435 \u0434\u0430 \u043f\u0440\u0438\u0441\u0442\u0430\u043f\u0438\u0442\u0435 \u0438 \u0434\u0430 \u0430\u043f\u043b\u0438\u0446\u0438\u0440\u0430\u0442\u0435 \u0441\u0435\u0433\u0430 \u0437\u0430 \u0441\u0438\u0442\u0435 \u043d\u0430\u0448\u0438 \u043f\u043e\u043d\u0443\u0434\u0438 \u0437\u0430 \u0440\u0430\u0431\u043e\u0442\u0430 \u0438 \u043c\u0438\u0441\u0438\u0458\u0430 \u0448\u0442\u043e \u0432\u0438 \u0441\u0435 \u0434\u043e\u0441\u0442\u0430\u043f\u043d\u0438 \u043d\u0430 \u043d\u0430\u0448\u0430\u0442\u0430 \u0441\u0442\u0440\u0430\u043d\u0438\u0446\u0430!<\/span><\/p>\n<p>[\/vc_column_text][\/vc_column_inner][vc_column_inner width=&#8221;1\/6&#8243;][\/vc_column_inner][\/vc_row_inner][\/vc_column][\/vc_row][vc_row][vc_column]\n<div id=\"interactive-banner-1-wrap-4341\" class=\"ult-banner-block ult-adjust-bottom-margin ult-bb-box  banner-style01 \"   style=\"\">\n\t<h3  data-ultimate-target='#interactive-banner-1-wrap-4341 .bb-top-title '  data-responsive-json-new='{\"font-size\":\"\",\"line-height\":\"\"}'  class=\"title-center bb-top-title ult-responsive\" style=\"font-weight:normal;background:#242424;color:#ffffff;\">\u041c\u0430\u0448\u0438\u043d\u0438\u0441\u0442 \u043d\u0430 \u043b\u043e\u043a\u0430\u0446\u0438\u0458\u0430\u0442\u0430<\/h3>\n\t<div class=\"mask opaque-background\" style=\"background:#242424;\">\n\t\t<div  data-ultimate-target='#interactive-banner-1-wrap-4341 .bb-description'  data-responsive-json-new='{\"font-size\":\"\",\"line-height\":\"\"}'  class=\"bb-description ult-responsive\" style=\"font-weight:normal;color:#ffffff;\"><\/div>\n\t<\/div><a class=\"bb-link\" href=\"https:\/\/monagence.jobs\/jobs\/machiniste-de-chantier\/\" title=\"Machiniste de chantier\" target=\"_blank\" rel=\"noopener\" ><\/a>\n<\/div>[\/vc_column][\/vc_row][vc_row][vc_column]\n<div id=\"interactive-banner-1-wrap-1565\" class=\"ult-banner-block ult-adjust-bottom-margin ult-bb-box  banner-style01 \"   style=\"\">\n\t<h3  data-ultimate-target='#interactive-banner-1-wrap-1565 .bb-top-title '  data-responsive-json-new='{\"font-size\":\"\",\"line-height\":\"\"}'  class=\"title-center bb-top-title ult-responsive\" style=\"font-weight:normal;background:#898989;color:#ffffff;\">\u0420\u043e\u043b\u0435\u0440\u0438<i class=\"Defaults-exclamation-triangle warning\"  style= \"color:#ffffff;\"><\/i><\/h3>\n\t<div class=\"mask opaque-background\" style=\"background:#242424;\">\n\t\t<div  data-ultimate-target='#interactive-banner-1-wrap-1565 .bb-description'  data-responsive-json-new='{\"font-size\":\"\",\"line-height\":\"\"}'  class=\"bb-description ult-responsive\" style=\"font-weight:normal;color:#ffffff;\"><\/div>\n\t<\/div><a class=\"bb-link\" href=\"https:\/\/monagence.jobs\/?post_type=jobpost&p=1045&preview=true\" title=\"Rouliste\" target=\"_blank\" rel=\"noopener\" ><\/a>\n<\/div>[\/vc_column][\/vc_row][vc_row][vc_column]\n<div id=\"interactive-banner-1-wrap-5838\" class=\"ult-banner-block ult-adjust-bottom-margin ult-bb-box  banner-style01 \"   style=\"\">\n\t<h3  data-ultimate-target='#interactive-banner-1-wrap-5838 .bb-top-title '  data-responsive-json-new='{\"font-size\":\"\",\"line-height\":\"\"}'  class=\"title-center bb-top-title ult-responsive\" style=\"font-weight:normal;background:#242424;color:#ffffff;\">\u041c\u0430\u0448\u0438\u043d\u0438\u0441\u0442 \u0424\u0438\u043d\u0438\u0448\u0435\u0440<\/h3>\n\t<div class=\"mask opaque-background\" style=\"background:#242424;\">\n\t\t<div  data-ultimate-target='#interactive-banner-1-wrap-5838 .bb-description'  data-responsive-json-new='{\"font-size\":\"\",\"line-height\":\"\"}'  class=\"bb-description ult-responsive\" style=\"font-weight:normal;color:#ffffff;\"><\/div>\n\t<\/div><a class=\"bb-link\" href=\"https:\/\/monagence.jobs\/?post_type=jobpost&p=1052&preview=true\" title=\"Machiniste Finisseuse\" target=\"_blank\" rel=\"noopener\" ><\/a>\n<\/div>[\/vc_column][\/vc_row][vc_row][vc_column]\n<div id=\"interactive-banner-1-wrap-6987\" class=\"ult-banner-block ult-adjust-bottom-margin ult-bb-box  banner-style01 \"   style=\"\">\n\t<h3  data-ultimate-target='#interactive-banner-1-wrap-6987 .bb-top-title '  data-responsive-json-new='{\"font-size\":\"\",\"line-height\":\"\"}'  class=\"title-center bb-top-title ult-responsive\" style=\"font-weight:normal;background:#898989;color:#ffffff;\">\u041f\u043b\u043e\u0447\u043a\u0430\u045f\u0438\u0458\u0430<\/h3>\n\t<div class=\"mask opaque-background\" style=\"background:#242424;\">\n\t\t<div  data-ultimate-target='#interactive-banner-1-wrap-6987 .bb-description'  data-responsive-json-new='{\"font-size\":\"\",\"line-height\":\"\"}'  class=\"bb-description ult-responsive\" style=\"font-weight:normal;color:#ffffff;\"><\/div>\n\t<\/div><a class=\"bb-link\" href=\"https:\/\/monagence.jobs\/jobs\/carreleur\/\" title=\"Carreleur\" target=\"_blank\" rel=\"noopener\" ><\/a>\n<\/div>[\/vc_column][\/vc_row][vc_row][vc_column]\n<div id=\"interactive-banner-1-wrap-2265\" class=\"ult-banner-block ult-adjust-bottom-margin ult-bb-box  banner-style01 \"   style=\"\">\n\t<h3  data-ultimate-target='#interactive-banner-1-wrap-2265 .bb-top-title '  data-responsive-json-new='{\"font-size\":\"\",\"line-height\":\"\"}'  class=\"title-center bb-top-title ult-responsive\" style=\"font-weight:normal;background:#242424;color:#ffffff;\">\u041c\u0435\u0458\u0441\u043e\u043d \u0410 - \u0417\u0433\u0440\u0430\u0434\u0430 - \u0413\u0440\u0430\u0434\u0435\u0436\u043d\u0438\u0448\u0442\u0432\u043e<\/h3>\n\t<div class=\"mask opaque-background\" style=\"background:#242424;\">\n\t\t<div  data-ultimate-target='#interactive-banner-1-wrap-2265 .bb-description'  data-responsive-json-new='{\"font-size\":\"\",\"line-height\":\"\"}'  class=\"bb-description ult-responsive\" style=\"font-weight:normal;color:#ffffff;\"><\/div>\n\t<\/div><a class=\"bb-link\" href=\"https:\/\/monagence.jobs\/jobs\/macon-genie-civil\/\" title=\"Ma\u00e7on - B\u00e2timent - G\u00e9nie civil\" target=\"_blank\" rel=\"noopener\" ><\/a>\n<\/div>[\/vc_column][\/vc_row][vc_row][vc_column]\n<div id=\"interactive-banner-1-wrap-5948\" class=\"ult-banner-block ult-adjust-bottom-margin ult-bb-box  banner-style01 \"   style=\"\">\n\t<h3  data-ultimate-target='#interactive-banner-1-wrap-5948 .bb-top-title '  data-responsive-json-new='{\"font-size\":\"\",\"line-height\":\"\"}'  class=\"title-center bb-top-title ult-responsive\" style=\"font-weight:normal;background:#898989;color:#ffffff;\">\u0422\u0435\u0445\u043d\u0438\u0447\u0430\u0440 - \u0420\u0430\u043a\u043e\u0432\u043e\u0434\u0438\u0442\u0435\u043b \u043d\u0430 \u0440\u0430\u0431\u043e\u0442\u0438 - \u0421\u0442\u0440\u0443\u043a\u0442\u0443\u0440\u043d\u0438 \u0440\u0430\u0431\u043e\u0442\u0438<\/h3>\n\t<div class=\"mask opaque-background\" style=\"background:#242424;\">\n\t\t<div  data-ultimate-target='#interactive-banner-1-wrap-5948 .bb-description'  data-responsive-json-new='{\"font-size\":\"\",\"line-height\":\"\"}'  class=\"bb-description ult-responsive\" style=\"font-weight:normal;color:#ffffff;\"><\/div>\n\t<\/div><a class=\"bb-link\" href=\"https:\/\/monagence.jobs\/jobs\/technicien-gros-oeuvre\/\" title=\"Technicien - Conducteur de travaux - Gros oeuvre\" target=\"_blank\" rel=\"noopener\" ><\/a>\n<\/div>[\/vc_column][\/vc_row][vc_row][vc_column]<div class=\"ult-spacer spacer-69de9537a4798\" data-id=\"69de9537a4798\" data-height=\"15\" data-height-mobile=\"15\" data-height-tab=\"15\" data-height-tab-portrait=\"\" data-height-mobile-landscape=\"\" style=\"clear:both;display:block;\"><\/div>[\/vc_column][\/vc_row][vc_row][vc_column][vc_separator color=&#8221;juicy_pink&#8221; border_width=&#8221;4&#8243;][\/vc_column][\/vc_row][vc_row][vc_column]<div class=\"ult-spacer spacer-69de9537a47bd\" data-id=\"69de9537a47bd\" data-height=\"14\" data-height-mobile=\"14\" data-height-tab=\"14\" data-height-tab-portrait=\"\" data-height-mobile-landscape=\"\" style=\"clear:both;display:block;\"><\/div>[\/vc_column][\/vc_row][vc_row][vc_column]\n<div id=\"interactive-banner-1-wrap-4589\" class=\"ult-banner-block ult-adjust-bottom-margin ult-bb-box  banner-style01 \"   style=\"\">\n\t<h3  data-ultimate-target='#interactive-banner-1-wrap-4589 .bb-top-title '  data-responsive-json-new='{\"font-size\":\"\",\"line-height\":\"\"}'  class=\"title-center bb-top-title ult-responsive\" style=\"font-weight:normal;background:#242424;color:#ffffff;\">\u0422\u0435\u0445\u043d\u0438\u0447\u043a\u0438 \u043f\u0440\u043e\u0434\u0430\u0436\u0435\u043d \u0438 \u0430\u0434\u043c\u0438\u043d\u0438\u0441\u0442\u0440\u0430\u0442\u0438\u0432\u0435\u043d \u0432\u0440\u0430\u0431\u043e\u0442\u0435\u043d 100%<\/h3>\n\t<div class=\"mask opaque-background\" style=\"background:#774977;\">\n\t\t<div  data-ultimate-target='#interactive-banner-1-wrap-4589 .bb-description'  data-responsive-json-new='{\"font-size\":\"\",\"line-height\":\"\"}'  class=\"bb-description ult-responsive\" style=\"font-weight:normal;color:#ffffff;\"><\/div>\n\t<\/div><a class=\"bb-link\" href=\"https:\/\/monagence.jobs\/jobs\/technico-commerciale-employee-administrative-100\/\" title=\"Technico-commerciale &amp; Employ\u00e9e administrative 100%\" target=\"_blank\" rel=\"noopener\" ><\/a>\n<\/div>[\/vc_column][\/vc_row][vc_row][vc_column][vc_separator color=&#8221;juicy_pink&#8221; border_width=&#8221;4&#8243;][\/vc_column][\/vc_row][vc_row][vc_column]<div class=\"ult-spacer spacer-69de9537a4848\" data-id=\"69de9537a4848\" data-height=\"100\" data-height-mobile=\"100\" data-height-tab=\"100\" data-height-tab-portrait=\"\" data-height-mobile-landscape=\"\" style=\"clear:both;display:block;\"><\/div>[vc_row_inner][vc_column_inner width=&#8221;1\/6&#8243;][\/vc_column_inner][vc_column_inner width=&#8221;2\/3&#8243;][vc_column_text]<\/p>\n<p style=\"text-align: center;\"><span style=\"font-family: 'Courier New', Courier;\">\u041d\u0435\u043c\u0430 \u043f\u043e\u043d\u0443\u0434\u0438 \u0441\u0435 \u0441\u043e\u0432\u043f\u0430\u0453\u0430\u0430\u0442 \u0441\u043e \u0432\u0430\u0448\u0438\u0442\u0435 \u0442\u0435\u043a\u043e\u0432\u043d\u0438 \u043f\u0440\u0435\u0431\u0430\u0440\u0443\u0432\u0430\u045a\u0430? \u041d\u0435 \u043f\u0430\u043d\u0438\u0447\u0435\u0442\u0435, \u0432\u0435\u0440\u043e\u0458\u0430\u0442\u043d\u043e \u045c\u0435 \u0438\u043c\u0430\u043c\u0435 \u043c\u0430\u043b\u043a\u0443 \u043d\u0430\u0441\u043a\u043e\u0440\u043e. \u041e\u0441\u0442\u0430\u0432\u0435\u0442\u0435 \u043d\u0438 \u0433\u0438 \u0432\u0430\u0448\u0438\u0442\u0435 \u043f\u043e\u0434\u0430\u0442\u043e\u0446\u0438 \u0437\u0430 \u043a\u043e\u043d\u0442\u0430\u043a\u0442 \u0438 \u0432\u0430\u0448\u0435\u0442\u043e CV <a href=\"https:\/\/monagence.jobs\/mk\/%d0%ba%d0%be%d0%bd%d1%82%d0%b0%d0%ba%d1%82\/\"><strong>\u043e\u0432\u0434\u0435<\/strong><\/a> , \u043d\u0438\u0435 \u045c\u0435 \u0432\u0435 \u043a\u043e\u043d\u0442\u0430\u043a\u0442\u0438\u0440\u0430\u043c\u0435 \u0437\u0430 \u0440\u0430\u0431\u043e\u0442\u0430\u0442\u0430 \u043e\u0434 \u0432\u0430\u0448\u0438\u0442\u0435 \u0441\u043e\u043d\u0438\u0448\u0442\u0430!<\/span><\/p>\n<p>[\/vc_column_text][\/vc_column_inner][vc_column_inner width=&#8221;1\/6&#8243;][\/vc_column_inner][\/vc_row_inner]<div class=\"ult-spacer spacer-69de9537a4869\" data-id=\"69de9537a4869\" data-height=\"100\" data-height-mobile=\"100\" data-height-tab=\"100\" data-height-tab-portrait=\"\" data-height-mobile-landscape=\"\" style=\"clear:both;display:block;\"><\/div>[\/vc_column][\/vc_row]<\/p>\n","protected":false},"excerpt":{"rendered":"<p>[vc_row css=&#8221;.vc_custom_1648631792272{margin-top: 40px !important;margin-bottom: 60px !important;}&#8221;][vc_column][vc_separator css_animation=&#8221;none&#8221; css=&#8221;.vc_custom_1648631909741{padding-bottom: 20px !important;}&#8221;][vc_row_inner][vc_column_inner width=&#8221;1\/6&#8243;][\/vc_column_inner][vc_column_inner width=&#8221;2\/3&#8243;][vc_column_text] \u041c\u043e\u0436\u0435\u0442\u0435 \u0434\u0430 \u043f\u0440\u0438\u0441\u0442\u0430\u043f\u0438\u0442\u0435 \u0438 \u0434\u0430 \u0430\u043f\u043b\u0438\u0446\u0438\u0440\u0430\u0442\u0435 \u0441\u0435\u0433\u0430 \u0437\u0430 \u0441\u0438\u0442\u0435 \u043d\u0430\u0448\u0438 \u043f\u043e\u043d\u0443\u0434\u0438 \u0437\u0430 \u0440\u0430\u0431\u043e\u0442\u0430 \u0438 \u043c\u0438\u0441\u0438\u0458\u0430 \u0448\u0442\u043e \u0432\u0438 \u0441\u0435 \u0434\u043e\u0441\u0442\u0430\u043f\u043d\u0438 \u043d\u0430 \u043d\u0430\u0448\u0430\u0442\u0430 \u0441\u0442\u0440\u0430\u043d\u0438\u0446\u0430! [\/vc_column_text][\/vc_column_inner][vc_column_inner width=&#8221;1\/6&#8243;][\/vc_column_inner][\/vc_row_inner][\/vc_column][\/vc_row][vc_row][vc_column][\/vc_column][\/vc_row][vc_row][vc_column][\/vc_column][\/vc_row][vc_row][vc_column][\/vc_column][\/vc_row][vc_row][vc_column][\/vc_column][\/vc_row][vc_row][vc_column][\/vc_column][\/vc_row][vc_row][vc_column][\/vc_column][\/vc_row][vc_row][vc_column][\/vc_column][\/vc_row][vc_row][vc_column][vc_separator color=&#8221;juicy_pink&#8221; border_width=&#8221;4&#8243;][\/vc_column][\/vc_row][vc_row][vc_column][\/vc_column][\/vc_row][vc_row][vc_column][\/vc_column][\/vc_row][vc_row][vc_column][vc_separator color=&#8221;juicy_pink&#8221; border_width=&#8221;4&#8243;][\/vc_column][\/vc_row][vc_row][vc_column][vc_row_inner][vc_column_inner width=&#8221;1\/6&#8243;][\/vc_column_inner][vc_column_inner width=&#8221;2\/3&#8243;][vc_column_text] \u041d\u0435\u043c\u0430 \u043f\u043e\u043d\u0443\u0434\u0438 \u0441\u0435 \u0441\u043e\u0432\u043f\u0430\u0453\u0430\u0430\u0442 \u0441\u043e \u0432\u0430\u0448\u0438\u0442\u0435 \u0442\u0435\u043a\u043e\u0432\u043d\u0438 \u043f\u0440\u0435\u0431\u0430\u0440\u0443\u0432\u0430\u045a\u0430? \u041d\u0435 \u043f\u0430\u043d\u0438\u0447\u0435\u0442\u0435, \u0432\u0435\u0440\u043e\u0458\u0430\u0442\u043d\u043e \u045c\u0435 \u0438\u043c\u0430\u043c\u0435 [&hellip;]<\/p>\n","protected":false},"author":2,"featured_media":0,"parent":0,"menu_order":0,"comment_status":"closed","ping_status":"closed","template":"page.php","meta":{"_acf_changed":false,"content-type":"","footnotes":""},"class_list":["post-2839","page","type-page","status-publish","hentry"],"acf":[],"_links":{"self":[{"href":"https:\/\/monagence.jobs\/mk\/wp-json\/wp\/v2\/pages\/2839","targetHints":{"allow":["GET"]}}],"collection":[{"href":"https:\/\/monagence.jobs\/mk\/wp-json\/wp\/v2\/pages"}],"about":[{"href":"https:\/\/monagence.jobs\/mk\/wp-json\/wp\/v2\/types\/page"}],"author":[{"embeddable":true,"href":"https:\/\/monagence.jobs\/mk\/wp-json\/wp\/v2\/users\/2"}],"replies":[{"embeddable":true,"href":"https:\/\/monagence.jobs\/mk\/wp-json\/wp\/v2\/comments?post=2839"}],"version-history":[{"count":4,"href":"https:\/\/monagence.jobs\/mk\/wp-json\/wp\/v2\/pages\/2839\/revisions"}],"predecessor-version":[{"id":3445,"href":"https:\/\/monagence.jobs\/mk\/wp-json\/wp\/v2\/pages\/2839\/revisions\/3445"}],"wp:attachment":[{"href":"https:\/\/monagence.jobs\/mk\/wp-json\/wp\/v2\/media?parent=2839"}],"curies":[{"name":"wp","href":"https:\/\/api.w.org\/{rel}","templated":true}]}}