{"id":2777,"date":"2021-04-30T17:47:03","date_gmt":"2021-04-30T17:47:03","guid":{"rendered":"https:\/\/monagence.jobs\/le-nostre-offerte-di-lavoro\/"},"modified":"2024-05-09T02:30:42","modified_gmt":"2024-05-09T02:30:42","slug":"le-nostre-offerte-di-lavoro","status":"publish","type":"page","link":"https:\/\/monagence.jobs\/it\/le-nostre-offerte-di-lavoro\/","title":{"rendered":"LE NOSTRE OFFERTE DI LAVORO"},"content":{"rendered":"<p>[vc_row css=&#8221;.vc_custom_1648631792272{margin-top: 40px !important;margin-bottom: 60px !important;}&#8221;][vc_column][vc_separator css_animation=&#8221;none&#8221; css=&#8221;.vc_custom_1648631909741{padding-bottom: 20px !important;}&#8221;]<div id=\"ultimate-heading-294369ef447b78321\" class=\"uvc-heading ult-adjust-bottom-margin ultimate-heading-294369ef447b78321 uvc-2378 \" data-hspacer=\"no_spacer\"  data-halign=\"center\" style=\"text-align:center\"><div class=\"uvc-heading-spacer no_spacer\" style=\"top\"><\/div><div class=\"uvc-main-heading ult-responsive\"  data-ultimate-target='.uvc-heading.ultimate-heading-294369ef447b78321 h2'  data-responsive-json-new='{\"font-size\":\"\",\"line-height\":\"\"}' ><h2 style=\"font-weight:normal;\">LE NOSTRE OFFERTE DI LAVORO<\/h2><\/div><div class=\"uvc-sub-heading ult-responsive\"  data-ultimate-target='.uvc-heading.ultimate-heading-294369ef447b78321 .uvc-sub-heading '  data-responsive-json-new='{\"font-size\":\"\",\"line-height\":\"\"}'  style=\"font-weight:normal;\"><\/p>\n<div id=\"ultimate-heading-52246241d63a965f0\" class=\"uvc-heading ult-adjust-bottom-margin ultimate-heading-52246241d63a965f0 uvc-4851 \" data-hspacer=\"no_spacer\" data-halign=\"center\">\n<div class=\"uvc-sub-heading ult-responsive\" data-ultimate-target=\".uvc-heading.ultimate-heading-52246241d63a965f0 .uvc-sub-heading  \" data-responsive-json-new=\"{\"font-size\":\"\",\"line-height\":\"\"}\"><span style=\"font-family: 'Courier New', Courier;\">IL NOSTRO LAVORO ALLA MON AGENCE SA \u00c8 QUELLO DI TROVARTENE UNO!<\/span><\/div>\n<\/div>\n<p><\/div><\/div>[vc_row_inner][vc_column_inner width=&#8221;1\/6&#8243;][\/vc_column_inner][vc_column_inner width=&#8221;2\/3&#8243;][vc_column_text]<\/p>\n<p style=\"text-align: center;\"><span style=\"font-family: 'Courier New', Courier;\">Ora puoi accedere e candidarti a tutte le nostre offerte di lavoro e di incarichi sul nostro sito web!<\/span><\/p>\n<p>[\/vc_column_text][\/vc_column_inner][vc_column_inner width=&#8221;1\/6&#8243;][\/vc_column_inner][\/vc_row_inner][\/vc_column][\/vc_row][vc_row][vc_column]\n<div id=\"interactive-banner-1-wrap-8559\" class=\"ult-banner-block ult-adjust-bottom-margin ult-bb-box  banner-style01 \"   style=\"\">\n\t<h3  data-ultimate-target='#interactive-banner-1-wrap-8559 .bb-top-title '  data-responsive-json-new='{\"font-size\":\"\",\"line-height\":\"\"}'  class=\"title-center bb-top-title ult-responsive\" style=\"font-weight:normal;background:#242424;color:#ffffff;\">Macchinista di cantiere<\/h3>\n\t<div class=\"mask opaque-background\" style=\"background:#242424;\">\n\t\t<div  data-ultimate-target='#interactive-banner-1-wrap-8559 .bb-description'  data-responsive-json-new='{\"font-size\":\"\",\"line-height\":\"\"}'  class=\"bb-description ult-responsive\" style=\"font-weight:normal;color:#ffffff;\"><\/div>\n\t<\/div><a class=\"bb-link\" href=\"https:\/\/monagence.jobs\/jobs\/machiniste-de-chantier\/\" title=\"Machiniste de chantier\" target=\"_blank\" rel=\"noopener\" ><\/a>\n<\/div>[\/vc_column][\/vc_row][vc_row][vc_column]\n<div id=\"interactive-banner-1-wrap-1456\" class=\"ult-banner-block ult-adjust-bottom-margin ult-bb-box  banner-style01 \"   style=\"\">\n\t<h3  data-ultimate-target='#interactive-banner-1-wrap-1456 .bb-top-title '  data-responsive-json-new='{\"font-size\":\"\",\"line-height\":\"\"}'  class=\"title-center bb-top-title ult-responsive\" style=\"font-weight:normal;background:#898989;color:#ffffff;\">Rouliste<i class=\"Defaults-exclamation-triangle warning\"  style= \"color:#ffffff;\"><\/i><\/h3>\n\t<div class=\"mask opaque-background\" style=\"background:#242424;\">\n\t\t<div  data-ultimate-target='#interactive-banner-1-wrap-1456 .bb-description'  data-responsive-json-new='{\"font-size\":\"\",\"line-height\":\"\"}'  class=\"bb-description ult-responsive\" style=\"font-weight:normal;color:#ffffff;\"><\/div>\n\t<\/div><a class=\"bb-link\" href=\"https:\/\/monagence.jobs\/?post_type=jobpost&p=1045&preview=true\" title=\"Rouliste\" target=\"_blank\" rel=\"noopener\" ><\/a>\n<\/div>[\/vc_column][\/vc_row][vc_row][vc_column]\n<div id=\"interactive-banner-1-wrap-1876\" class=\"ult-banner-block ult-adjust-bottom-margin ult-bb-box  banner-style01 \"   style=\"\">\n\t<h3  data-ultimate-target='#interactive-banner-1-wrap-1876 .bb-top-title '  data-responsive-json-new='{\"font-size\":\"\",\"line-height\":\"\"}'  class=\"title-center bb-top-title ult-responsive\" style=\"font-weight:normal;background:#242424;color:#ffffff;\">Macchinista rifinitore<\/h3>\n\t<div class=\"mask opaque-background\" style=\"background:#242424;\">\n\t\t<div  data-ultimate-target='#interactive-banner-1-wrap-1876 .bb-description'  data-responsive-json-new='{\"font-size\":\"\",\"line-height\":\"\"}'  class=\"bb-description ult-responsive\" style=\"font-weight:normal;color:#ffffff;\"><\/div>\n\t<\/div><a class=\"bb-link\" href=\"https:\/\/monagence.jobs\/?post_type=jobpost&p=1052&preview=true\" title=\"Machiniste Finisseuse\" target=\"_blank\" rel=\"noopener\" ><\/a>\n<\/div>[\/vc_column][\/vc_row][vc_row][vc_column]\n<div id=\"interactive-banner-1-wrap-8278\" class=\"ult-banner-block ult-adjust-bottom-margin ult-bb-box  banner-style01 \"   style=\"\">\n\t<h3  data-ultimate-target='#interactive-banner-1-wrap-8278 .bb-top-title '  data-responsive-json-new='{\"font-size\":\"\",\"line-height\":\"\"}'  class=\"title-center bb-top-title ult-responsive\" style=\"font-weight:normal;background:#898989;color:#ffffff;\">Piastrellista<\/h3>\n\t<div class=\"mask opaque-background\" style=\"background:#242424;\">\n\t\t<div  data-ultimate-target='#interactive-banner-1-wrap-8278 .bb-description'  data-responsive-json-new='{\"font-size\":\"\",\"line-height\":\"\"}'  class=\"bb-description ult-responsive\" style=\"font-weight:normal;color:#ffffff;\"><\/div>\n\t<\/div><a class=\"bb-link\" href=\"https:\/\/monagence.jobs\/jobs\/carreleur\/\" title=\"Carreleur\" target=\"_blank\" rel=\"noopener\" ><\/a>\n<\/div>[\/vc_column][\/vc_row][vc_row][vc_column]\n<div id=\"interactive-banner-1-wrap-8353\" class=\"ult-banner-block ult-adjust-bottom-margin ult-bb-box  banner-style01 \"   style=\"\">\n\t<h3  data-ultimate-target='#interactive-banner-1-wrap-8353 .bb-top-title '  data-responsive-json-new='{\"font-size\":\"\",\"line-height\":\"\"}'  class=\"title-center bb-top-title ult-responsive\" style=\"font-weight:normal;background:#242424;color:#ffffff;\">Muratore A - Edilizia - Ingegneria civile<\/h3>\n\t<div class=\"mask opaque-background\" style=\"background:#242424;\">\n\t\t<div  data-ultimate-target='#interactive-banner-1-wrap-8353 .bb-description'  data-responsive-json-new='{\"font-size\":\"\",\"line-height\":\"\"}'  class=\"bb-description ult-responsive\" style=\"font-weight:normal;color:#ffffff;\"><\/div>\n\t<\/div><a class=\"bb-link\" href=\"https:\/\/monagence.jobs\/jobs\/macon-genie-civil\/\" title=\"Ma\u00e7on - B\u00e2timent - G\u00e9nie civil\" target=\"_blank\" rel=\"noopener\" ><\/a>\n<\/div>[\/vc_column][\/vc_row][vc_row][vc_column]\n<div id=\"interactive-banner-1-wrap-6023\" class=\"ult-banner-block ult-adjust-bottom-margin ult-bb-box  banner-style01 \"   style=\"\">\n\t<h3  data-ultimate-target='#interactive-banner-1-wrap-6023 .bb-top-title '  data-responsive-json-new='{\"font-size\":\"\",\"line-height\":\"\"}'  class=\"title-center bb-top-title ult-responsive\" style=\"font-weight:normal;background:#898989;color:#ffffff;\">Tecnico - Supervisore di cantiere - Grandi opere<\/h3>\n\t<div class=\"mask opaque-background\" style=\"background:#242424;\">\n\t\t<div  data-ultimate-target='#interactive-banner-1-wrap-6023 .bb-description'  data-responsive-json-new='{\"font-size\":\"\",\"line-height\":\"\"}'  class=\"bb-description ult-responsive\" style=\"font-weight:normal;color:#ffffff;\"><\/div>\n\t<\/div><a class=\"bb-link\" href=\"https:\/\/monagence.jobs\/jobs\/technicien-gros-oeuvre\/\" title=\"Technicien - Conducteur de travaux - Gros oeuvre\" target=\"_blank\" rel=\"noopener\" ><\/a>\n<\/div>[\/vc_column][\/vc_row][vc_row][vc_column]<div class=\"ult-spacer spacer-69ef447b785d3\" data-id=\"69ef447b785d3\" data-height=\"15\" data-height-mobile=\"15\" data-height-tab=\"15\" data-height-tab-portrait=\"\" data-height-mobile-landscape=\"\" style=\"clear:both;display:block;\"><\/div>[\/vc_column][\/vc_row][vc_row][vc_column][vc_separator color=&#8221;juicy_pink&#8221; border_width=&#8221;4&#8243;][\/vc_column][\/vc_row][vc_row][vc_column]<div class=\"ult-spacer spacer-69ef447b785f9\" data-id=\"69ef447b785f9\" data-height=\"14\" data-height-mobile=\"14\" data-height-tab=\"14\" data-height-tab-portrait=\"\" data-height-mobile-landscape=\"\" style=\"clear:both;display:block;\"><\/div>[\/vc_column][\/vc_row][vc_row][vc_column]\n<div id=\"interactive-banner-1-wrap-4688\" class=\"ult-banner-block ult-adjust-bottom-margin ult-bb-box  banner-style01 \"   style=\"\">\n\t<h3  data-ultimate-target='#interactive-banner-1-wrap-4688 .bb-top-title '  data-responsive-json-new='{\"font-size\":\"\",\"line-height\":\"\"}'  class=\"title-center bb-top-title ult-responsive\" style=\"font-weight:normal;background:#242424;color:#ffffff;\">Impiegato tecnico-commerciale e amministrativo per il 100% del tempo<\/h3>\n\t<div class=\"mask opaque-background\" style=\"background:#774977;\">\n\t\t<div  data-ultimate-target='#interactive-banner-1-wrap-4688 .bb-description'  data-responsive-json-new='{\"font-size\":\"\",\"line-height\":\"\"}'  class=\"bb-description ult-responsive\" style=\"font-weight:normal;color:#ffffff;\"><\/div>\n\t<\/div><a class=\"bb-link\" href=\"https:\/\/monagence.jobs\/jobs\/technico-commerciale-employee-administrative-100\/\" title=\"Technico-commerciale &amp; Employ\u00e9e administrative 100%\" target=\"_blank\" rel=\"noopener\" ><\/a>\n<\/div>[\/vc_column][\/vc_row][vc_row][vc_column][vc_separator color=&#8221;juicy_pink&#8221; border_width=&#8221;4&#8243;][\/vc_column][\/vc_row][vc_row][vc_column]<div class=\"ult-spacer spacer-69ef447b7867c\" data-id=\"69ef447b7867c\" data-height=\"100\" data-height-mobile=\"100\" data-height-tab=\"100\" data-height-tab-portrait=\"\" data-height-mobile-landscape=\"\" style=\"clear:both;display:block;\"><\/div>[vc_row_inner][vc_column_inner width=&#8221;1\/6&#8243;][\/vc_column_inner][vc_column_inner width=&#8221;2\/3&#8243;][vc_column_text]<\/p>\n<p style=\"text-align: center;\"><span style=\"font-family: 'Courier New', Courier;\">Nessuna offerta corrisponde alla tua ricerca attuale? Non farti prendere dal panico, probabilmente ne avremo presto. Lasciaci i tuoi dati di contatto e il tuo CV <a href=\"https:\/\/monagence.jobs\/it\/contatto\/\"><br \/>\n  <strong>qui<\/strong><br \/>\n<\/a>e ti risponderemo per il lavoro dei tuoi sogni!<\/span><\/p>\n<p>[\/vc_column_text][\/vc_column_inner][vc_column_inner width=&#8221;1\/6&#8243;][\/vc_column_inner][\/vc_row_inner]<div class=\"ult-spacer spacer-69ef447b7869d\" data-id=\"69ef447b7869d\" data-height=\"100\" data-height-mobile=\"100\" data-height-tab=\"100\" data-height-tab-portrait=\"\" data-height-mobile-landscape=\"\" style=\"clear:both;display:block;\"><\/div>[\/vc_column][\/vc_row]<\/p>\n","protected":false},"excerpt":{"rendered":"<p>[vc_row css=&#8221;.vc_custom_1648631792272{margin-top: 40px !important;margin-bottom: 60px !important;}&#8221;][vc_column][vc_separator css_animation=&#8221;none&#8221; css=&#8221;.vc_custom_1648631909741{padding-bottom: 20px !important;}&#8221;][vc_row_inner][vc_column_inner width=&#8221;1\/6&#8243;][\/vc_column_inner][vc_column_inner width=&#8221;2\/3&#8243;][vc_column_text] Ora puoi accedere e candidarti a tutte le nostre offerte di lavoro e di incarichi sul nostro sito web! [\/vc_column_text][\/vc_column_inner][vc_column_inner width=&#8221;1\/6&#8243;][\/vc_column_inner][\/vc_row_inner][\/vc_column][\/vc_row][vc_row][vc_column][\/vc_column][\/vc_row][vc_row][vc_column][\/vc_column][\/vc_row][vc_row][vc_column][\/vc_column][\/vc_row][vc_row][vc_column][\/vc_column][\/vc_row][vc_row][vc_column][\/vc_column][\/vc_row][vc_row][vc_column][\/vc_column][\/vc_row][vc_row][vc_column][\/vc_column][\/vc_row][vc_row][vc_column][vc_separator color=&#8221;juicy_pink&#8221; border_width=&#8221;4&#8243;][\/vc_column][\/vc_row][vc_row][vc_column][\/vc_column][\/vc_row][vc_row][vc_column][\/vc_column][\/vc_row][vc_row][vc_column][vc_separator color=&#8221;juicy_pink&#8221; border_width=&#8221;4&#8243;][\/vc_column][\/vc_row][vc_row][vc_column][vc_row_inner][vc_column_inner width=&#8221;1\/6&#8243;][\/vc_column_inner][vc_column_inner width=&#8221;2\/3&#8243;][vc_column_text] Nessuna offerta corrisponde alla tua ricerca attuale? Non farti prendere dal panico, probabilmente ne avremo presto. [&hellip;]<\/p>\n","protected":false},"author":2,"featured_media":0,"parent":0,"menu_order":0,"comment_status":"closed","ping_status":"closed","template":"page.php","meta":{"_acf_changed":false,"content-type":"","footnotes":""},"class_list":["post-2777","page","type-page","status-publish","hentry"],"acf":[],"_links":{"self":[{"href":"https:\/\/monagence.jobs\/it\/wp-json\/wp\/v2\/pages\/2777","targetHints":{"allow":["GET"]}}],"collection":[{"href":"https:\/\/monagence.jobs\/it\/wp-json\/wp\/v2\/pages"}],"about":[{"href":"https:\/\/monagence.jobs\/it\/wp-json\/wp\/v2\/types\/page"}],"author":[{"embeddable":true,"href":"https:\/\/monagence.jobs\/it\/wp-json\/wp\/v2\/users\/2"}],"replies":[{"embeddable":true,"href":"https:\/\/monagence.jobs\/it\/wp-json\/wp\/v2\/comments?post=2777"}],"version-history":[{"count":6,"href":"https:\/\/monagence.jobs\/it\/wp-json\/wp\/v2\/pages\/2777\/revisions"}],"predecessor-version":[{"id":3443,"href":"https:\/\/monagence.jobs\/it\/wp-json\/wp\/v2\/pages\/2777\/revisions\/3443"}],"wp:attachment":[{"href":"https:\/\/monagence.jobs\/it\/wp-json\/wp\/v2\/media?parent=2777"}],"curies":[{"name":"wp","href":"https:\/\/api.w.org\/{rel}","templated":true}]}}