{"id":5598,"date":"2024-06-12T13:18:06","date_gmt":"2024-06-12T13:18:06","guid":{"rendered":"https:\/\/monagence.jobs\/rouliste\/"},"modified":"2024-06-12T13:18:26","modified_gmt":"2024-06-12T13:18:26","slug":"rouliste","status":"publish","type":"page","link":"https:\/\/monagence.jobs\/es\/rouliste\/","title":{"rendered":"Rouliste"},"content":{"rendered":"<h2><span style=\"font-family: Georgia, Palatino; color: #0000ff;\">Rouliste<\/span><\/h2>\n<p>\n<span style=\"color: #993366;\"><strong><span style=\"font-size: 20px;\">Tu reto<\/span><\/strong><\/span><\/p>\n<p>Obras de asfaltado<\/p>\n<p>Rodillos motrices<\/p>\n<p>Mantenimiento de maquinaria de construcci\u00f3n<\/p>\n<p>&nbsp;<\/p>\n<p><span style=\"font-size: 20px;\"><strong><span style=\"color: #993366;\">Tus habilidades<\/span><\/strong><\/span><\/p>\n<p>Experiencia demostrada como conductor<\/p>\n<p>Conocimiento de las obras de revestimiento<\/p>\n<p>Aut\u00f3nomo, flexible y din\u00e1mico<\/p>\n<p>&nbsp;<\/p>\n<p><strong><span style=\"color: #993366;\"><span style=\"font-size: 20px;\">CONTACTO<\/span><\/span><\/strong><\/p>\n<p>Solicitar en l\u00ednea<\/p>\n<p>o<\/p>\n<p>Tel. +4179 266 79 79 &#8211; Ferdi<\/p>\n<p class=\"wpcf7-contact-form-not-found\"><strong>Error:<\/strong> Formulario de contacto no encontrado.<\/p>\n","protected":false},"excerpt":{"rendered":"<p>Rouliste Tu reto Obras de asfaltado Rodillos motrices Mantenimiento de maquinaria de construcci\u00f3n &nbsp; Tus habilidades Experiencia demostrada como conductor Conocimiento de las obras de revestimiento Aut\u00f3nomo, flexible y din\u00e1mico &nbsp; CONTACTO Solicitar en l\u00ednea o Tel. +4179 266 79 79 &#8211; Ferdi<\/p>\n","protected":false},"author":4,"featured_media":0,"parent":0,"menu_order":0,"comment_status":"closed","ping_status":"closed","template":"one-page-template.php","meta":{"_acf_changed":false,"content-type":"","footnotes":""},"class_list":["post-5598","page","type-page","status-publish","hentry"],"acf":[],"_links":{"self":[{"href":"https:\/\/monagence.jobs\/es\/wp-json\/wp\/v2\/pages\/5598","targetHints":{"allow":["GET"]}}],"collection":[{"href":"https:\/\/monagence.jobs\/es\/wp-json\/wp\/v2\/pages"}],"about":[{"href":"https:\/\/monagence.jobs\/es\/wp-json\/wp\/v2\/types\/page"}],"author":[{"embeddable":true,"href":"https:\/\/monagence.jobs\/es\/wp-json\/wp\/v2\/users\/4"}],"replies":[{"embeddable":true,"href":"https:\/\/monagence.jobs\/es\/wp-json\/wp\/v2\/comments?post=5598"}],"version-history":[{"count":2,"href":"https:\/\/monagence.jobs\/es\/wp-json\/wp\/v2\/pages\/5598\/revisions"}],"predecessor-version":[{"id":5618,"href":"https:\/\/monagence.jobs\/es\/wp-json\/wp\/v2\/pages\/5598\/revisions\/5618"}],"wp:attachment":[{"href":"https:\/\/monagence.jobs\/es\/wp-json\/wp\/v2\/media?parent=5598"}],"curies":[{"name":"wp","href":"https:\/\/api.w.org\/{rel}","templated":true}]}}