{"id":5219,"date":"2024-06-11T16:22:57","date_gmt":"2024-06-11T16:22:57","guid":{"rendered":"https:\/\/monagence.jobs\/maquinista-de-obra\/"},"modified":"2024-06-11T16:31:44","modified_gmt":"2024-06-11T16:31:44","slug":"maquinista-de-obra","status":"publish","type":"page","link":"https:\/\/monagence.jobs\/es\/maquinista-de-obra\/","title":{"rendered":"Maquinista de obra"},"content":{"rendered":"<h2><span style=\"color: #0000ff;\">Maquinista de obra<\/span><\/h2>\n<p><span style=\"color: #993366;\"><strong><span style=\"font-size: 20px;\">Tu reto<\/span><\/strong><\/span><\/p>\n<p>Movimientos de tierra, excavaciones, etc.<\/p>\n<p>Conducci\u00f3n de excavadoras sobre orugas o ruedas<\/p>\n<p>Mantenimiento de maquinaria de construcci\u00f3n<\/p>\n<p>&nbsp;<\/p>\n<p><span style=\"font-size: 20px;\"><strong><span style=\"color: #993366;\">Tus habilidades<\/span><\/strong><\/span><\/p>\n<p>Buena experiencia &#8211; 2 a\u00f1os en un puesto similar (en Suiza UNA FORTALEZA)<\/p>\n<p>Carn\u00e9 de maquinista (M1, &#8230; M7)<\/p>\n<p>Aut\u00f3nomo, flexible y din\u00e1mico<\/p>\n<p>&nbsp;<\/p>\n<p><strong><span style=\"color: #993366;\"><span style=\"font-size: 20px;\">CONTACTO<\/span><\/span><\/strong><\/p>\n<p>Solicitar en l\u00ednea<\/p>\n<p>o<\/p>\n<p>Tel. +4179 266 79 79 &#8211; Ferdi<\/p>\n<p>&nbsp;<\/p>\n<p class=\"wpcf7-contact-form-not-found\"><strong>Error:<\/strong> Formulario de contacto no encontrado.<\/p>\n","protected":false},"excerpt":{"rendered":"<p>Maquinista de obra Tu reto Movimientos de tierra, excavaciones, etc. Conducci\u00f3n de excavadoras sobre orugas o ruedas Mantenimiento de maquinaria de construcci\u00f3n &nbsp; Tus habilidades Buena experiencia &#8211; 2 a\u00f1os en un puesto similar (en Suiza UNA FORTALEZA) Carn\u00e9 de maquinista (M1, &#8230; M7) Aut\u00f3nomo, flexible y din\u00e1mico &nbsp; CONTACTO Solicitar en l\u00ednea o Tel. [&hellip;]<\/p>\n","protected":false},"author":4,"featured_media":0,"parent":0,"menu_order":0,"comment_status":"closed","ping_status":"closed","template":"one-page-template.php","meta":{"_acf_changed":false,"content-type":"","footnotes":""},"class_list":["post-5219","page","type-page","status-publish","hentry"],"acf":[],"_links":{"self":[{"href":"https:\/\/monagence.jobs\/es\/wp-json\/wp\/v2\/pages\/5219","targetHints":{"allow":["GET"]}}],"collection":[{"href":"https:\/\/monagence.jobs\/es\/wp-json\/wp\/v2\/pages"}],"about":[{"href":"https:\/\/monagence.jobs\/es\/wp-json\/wp\/v2\/types\/page"}],"author":[{"embeddable":true,"href":"https:\/\/monagence.jobs\/es\/wp-json\/wp\/v2\/users\/4"}],"replies":[{"embeddable":true,"href":"https:\/\/monagence.jobs\/es\/wp-json\/wp\/v2\/comments?post=5219"}],"version-history":[{"count":14,"href":"https:\/\/monagence.jobs\/es\/wp-json\/wp\/v2\/pages\/5219\/revisions"}],"predecessor-version":[{"id":5536,"href":"https:\/\/monagence.jobs\/es\/wp-json\/wp\/v2\/pages\/5219\/revisions\/5536"}],"wp:attachment":[{"href":"https:\/\/monagence.jobs\/es\/wp-json\/wp\/v2\/media?parent=5219"}],"curies":[{"name":"wp","href":"https:\/\/api.w.org\/{rel}","templated":true}]}}