{"id":2506,"date":"2021-04-30T17:46:27","date_gmt":"2021-04-30T17:46:27","guid":{"rendered":"https:\/\/monagence.jobs\/servicios\/"},"modified":"2024-05-09T03:24:08","modified_gmt":"2024-05-09T03:24:08","slug":"servicios","status":"publish","type":"page","link":"https:\/\/monagence.jobs\/es\/servicios\/","title":{"rendered":"SERVICIOS"},"content":{"rendered":"<p>[vc_row bg_type=\u00bbimage\u00bb parallax_style=\u00bbvcpb-vz-jquery\u00bb bg_image_new=\u00bbid^270|url^https:\/\/preview.treethemes.com\/hazel\/demo4\/wp-content\/uploads\/sites\/14\/revslider\/IMG_0295.jpg|caption^null|alt^null|title^IMG_0295.jpg|description^null\u00bb bg_override=\u00bbex-full\u00bb enable_overlay=\u00bbenable_overlay_value\u00bb overlay_color=\u00bbrgba(0,0,0,0.85)\u00bb css=\u00bb.vc_custom_1620296064244{padding-top: 140px !important;padding-bottom: 120px !important;}\u00bb][vc_column][vc_custom_heading text=\u00bb\u00bfPOR QU\u00c9 ELEGIRNOS?\u00bb font_container=\u00bbtag:h3|font_size:40px|text_align:center|color:%23ffffff\u00bb use_theme_fonts=\u00bbyes\u00bb][vc_empty_space height=\u00bb80px\u00bb]<div id=\"ult-carousel-68325457669e5d77c9e7b5\" class=\"ult-carousel-wrapper   ult_horizontal\" data-gutter=\"30\" data-rtl=\"false\" ><div class=\"ult-carousel-281468177569e5d77c9e38e \" ><div class=\"aio-icon-component    style_1\"><div id=\"Info-box-wrap-2329\" class=\"aio-icon-box top-icon\" style=\"\"  ><div class=\"aio-icon-top\"><div class=\"ult-just-icon-wrapper  \"><div class=\"align-icon\" style=\"text-align:center;\">\n<div class=\"aio-icon none \"  style=\"color:#ffffff;font-size:40px;display:inline-block;\">\n\t<i class=\"linearicons-podium\"><\/i>\n<\/div><\/div><\/div><\/div><div class=\"aio-icon-header\" ><h3 class=\"aio-icon-title ult-responsive\"  data-ultimate-target='#Info-box-wrap-2329 .aio-icon-title'  data-responsive-json-new='{\"font-size\":\"desktop:20px;\",\"line-height\":\"\"}'  style=\"font-family:&#039;Open Sans&#039;;font-weight:600;color:#ffffff;\">\u00bfPOR QU\u00c9 ELEGIRNOS?<\/h3><\/div> <!-- header --><div class=\"aio-icon-description ult-responsive\"  data-ultimate-target='#Info-box-wrap-2329 .aio-icon-description'  data-responsive-json-new='{\"font-size\":\"\",\"line-height\":\"\"}'  style=\"color:#ffffff;\"><span style=\"font-family: 'Courier New', Courier; font-size: 16px;\">Trabajaremos juntos para garantizar tu \u00e9xito.<\/span><\/div> <!-- description --><\/div> <!-- aio-icon-box --><\/div> <!-- aio-icon-component --><div class=\"aio-icon-component    style_1\"><div id=\"Info-box-wrap-8944\" class=\"aio-icon-box top-icon\" style=\"\"  ><div class=\"aio-icon-top\"><div class=\"ult-just-icon-wrapper  \"><div class=\"align-icon\" style=\"text-align:center;\">\n<div class=\"aio-icon none \"  style=\"color:#ffffff;font-size:40px;display:inline-block;\">\n\t<i class=\"linearicons-archive2\"><\/i>\n<\/div><\/div><\/div><\/div><div class=\"aio-icon-header\" ><h3 class=\"aio-icon-title ult-responsive\"  data-ultimate-target='#Info-box-wrap-8944 .aio-icon-title'  data-responsive-json-new='{\"font-size\":\"desktop:20px;\",\"line-height\":\"\"}'  style=\"font-family:&#039;Open Sans&#039;;font-weight:600;color:#ffffff;\">INFORME DE PROGRESO<\/h3><\/div> <!-- header --><div class=\"aio-icon-description ult-responsive\"  data-ultimate-target='#Info-box-wrap-8944 .aio-icon-description'  data-responsive-json-new='{\"font-size\":\"\",\"line-height\":\"\"}'  style=\"color:#ffffff;\"><span style=\"font-family: 'Courier New', Courier; font-size: 16px;\">Semanalmente se env\u00eda a las empresas un informe confidencial sobre el progreso de la investigaci\u00f3n.<\/span><\/div> <!-- description --><\/div> <!-- aio-icon-box --><\/div> <!-- aio-icon-component --><div class=\"aio-icon-component    style_1\"><div id=\"Info-box-wrap-4649\" class=\"aio-icon-box top-icon\" style=\"\"  ><div class=\"aio-icon-top\"><div class=\"ult-just-icon-wrapper  \"><div class=\"align-icon\" style=\"text-align:center;\">\n<div class=\"aio-icon none \"  style=\"color:#ffffff;font-size:40px;display:inline-block;\">\n\t<i class=\"linearicons-feather2\"><\/i>\n<\/div><\/div><\/div><\/div><div class=\"aio-icon-header\" ><h3 class=\"aio-icon-title ult-responsive\"  data-ultimate-target='#Info-box-wrap-4649 .aio-icon-title'  data-responsive-json-new='{\"font-size\":\"desktop:20px;\",\"line-height\":\"\"}'  style=\"font-family:&#039;Open Sans&#039;;font-weight:600;color:#ffffff;\">RECLUTAMIENTO<\/h3><\/div> <!-- header --><div class=\"aio-icon-description ult-responsive\"  data-ultimate-target='#Info-box-wrap-4649 .aio-icon-description'  data-responsive-json-new='{\"font-size\":\"\",\"line-height\":\"\"}'  style=\"color:#ffffff;\"><span style=\"font-family: 'Courier New', Courier; font-size: 16px;\">Encontraremos al candidato adecuado para ti. Elige bien confiando tu mandato a <span style=\"font-family: mon-agence-font;\">MI AGENCIA<\/span>, expertos en contrataci\u00f3n y colocaci\u00f3n de personal.<\/span><\/div> <!-- description --><\/div> <!-- aio-icon-box --><\/div> <!-- aio-icon-component --><div class=\"aio-icon-component    style_1\"><div id=\"Info-box-wrap-9932\" class=\"aio-icon-box top-icon\" style=\"\"  ><div class=\"aio-icon-top\"><div class=\"ult-just-icon-wrapper  \"><div class=\"align-icon\" style=\"text-align:center;\">\n<div class=\"aio-icon none \"  style=\"color:#ffffff;font-size:40px;display:inline-block;\">\n\t<i class=\"linearicons-binoculars\"><\/i>\n<\/div><\/div><\/div><\/div><div class=\"aio-icon-header\" ><h3 class=\"aio-icon-title ult-responsive\"  data-ultimate-target='#Info-box-wrap-9932 .aio-icon-title'  data-responsive-json-new='{\"font-size\":\"desktop:20px;\",\"line-height\":\"\"}'  style=\"font-family:&#039;Open Sans&#039;;font-weight:600;color:#ffffff;\">TRABAJAR<\/h3><\/div> <!-- header --><div class=\"aio-icon-description ult-responsive\"  data-ultimate-target='#Info-box-wrap-9932 .aio-icon-description'  data-responsive-json-new='{\"font-size\":\"\",\"line-height\":\"\"}'  style=\"color:#ffffff;\"><span style=\"font-family: 'Courier New', Courier;\">Representamos a excelentes empresarios, muchos de los cuales prefieren trabajar exclusivamente con expertos en contrataci\u00f3n, sin publicidad directa.<\/span><\/div> <!-- description --><\/div> <!-- aio-icon-box --><\/div> <!-- aio-icon-component --><\/div><\/div>\t\t\t<script type=\"text\/javascript\">\n\t\t\t\tjQuery(document).ready(function ($) {\n\t\t\t\t\tif( typeof jQuery('.ult-carousel-281468177569e5d77c9e38e').slick == \"function\"){\n\t\t\t\t\t\t$('.ult-carousel-281468177569e5d77c9e38e').slick({dots: false,autoplaySpeed: 5000,speed: 300,infinite: true,arrows: true,nextArrow: '<button type=\"button\" role=\"button\" aria-label=\"Next\" style=\"color:__USE_THEME_MAIN_COLOR__; font-size:20px;\" class=\"slick-next default\"><i class=\"ultsl-arrow-right4\"><\/i><\/button>',prevArrow: '<button type=\"button\" role=\"button\" aria-label=\"Previous\" style=\"color:__USE_THEME_MAIN_COLOR__; font-size:20px;\" class=\"slick-prev default\"><i class=\"ultsl-arrow-left4\"><\/i><\/button>',slidesToScroll:1,slidesToShow:3,swipe: true,draggable: true,touchMove: true,pauseOnHover: true,pauseOnFocus: false,responsive: [\n\t\t\t\t\t\t\t{\n\t\t\t\t\t\t\t  breakpoint: 1026,\n\t\t\t\t\t\t\t  settings: {\n\t\t\t\t\t\t\t\tslidesToShow: 3,\n\t\t\t\t\t\t\t\tslidesToScroll: 1,  \n\t\t\t\t\t\t\t  }\n\t\t\t\t\t\t\t},\n\t\t\t\t\t\t\t{\n\t\t\t\t\t\t\t  breakpoint: 1025,\n\t\t\t\t\t\t\t  settings: {\n\t\t\t\t\t\t\t\tslidesToShow: 2,\n\t\t\t\t\t\t\t\tslidesToScroll: 1\n\t\t\t\t\t\t\t  }\n\t\t\t\t\t\t\t},\n\t\t\t\t\t\t\t{\n\t\t\t\t\t\t\t  breakpoint: 760,\n\t\t\t\t\t\t\t  settings: {\n\t\t\t\t\t\t\t\tslidesToShow: 1,\n\t\t\t\t\t\t\t\tslidesToScroll: 1\n\t\t\t\t\t\t\t  }\n\t\t\t\t\t\t\t}\n\t\t\t\t\t\t],pauseOnDotsHover: true,customPaging: function(slider, i) {\n                   return '<i type=\"button\" style= \"color:#333333;\" class=\"ultsl-record\" data-role=\"none\"><\/i>';\n                },});\n\t\t\t\t\t}\n\t\t\t\t});\n\t\t\t<\/script>\n\t\t\t[\/vc_column][\/vc_row][vc_row bg_type=\u00bbimage\u00bb parallax_style=\u00bbvcpb-vz-jquery\u00bb bg_image_new=\u00bbid^271|url^https:\/\/preview.treethemes.com\/hazel\/demo4\/wp-content\/uploads\/sites\/14\/2021\/05\/laptop.jpeg|caption^null|alt^null|title^laptop|description^null\u00bb bg_override=\u00bbex-full\u00bb css=\u00bb.vc_custom_1620295643857{padding-top: 120px !important;padding-bottom: 120px !important;}\u00bb][vc_column width=\u00bb1\/2&#8243;]<div class=\"info-wrapper ult-adjust-bottom-margin\"><div id=\"info-circle-wrapper-69e5d77c9f2c6\" data-uniqid=\"69e5d77c9f2c6\" class=\"info-circle-wrapper  info-circle-responsive \" data-half-percentage=\"70\" data-circle-type=\"full-circle\"><div class=\"info-c-full-br\" style='border:2px solid #dddddd;width:180%;opacity:0;' data-start-degree=\"90\" data-divert=\"\" data-info-circle-angle=\"full\" data-responsive-circle=\"on\" data-responsive-breakpoint=\"800\" data-launch=\"easeOutBounce\" data-launch-duration=\"1\" data-launch-delay=\"0.2\" data-slide-true=\"on\" data-slide-duration=\"5\" data-icon-size=\"22\" data-icon-show=\"not-show\" data-icon-show-size=\"\" data-highlight-style=\"info-circle-pulse\" data-focus-on=\"hover\"><div  class=\"icon-circle-list\"><div class=\"info-circle-icons \" style=\"background:#101010;color:#ffffff;\" ><i class=\"Defaults-home info-circle-icon\" ><\/i><\/div><div class=\"info-details\" data-icon-class=\"ult-info-circle-icon\"><div class=\"info-circle-def\"><div  class=\"info-circle-sub-def\"><i class=\"Defaults-home info-circle-icon\" ><\/i><div class=\"responsive-font-class ult-responsive\" ><h3  data-ultimate-target='#info-cirlce-wrap-6496 .responsive-font-class h3.new-cust-responsive-class'  data-responsive-json-new='{\"font-size\":\"\",\"line-height\":\"\"}'  class=\"info-circle-heading ult-responsive new-cust-responsive-class\" style=\"font-weight:normal;\">Nuestra oficina<\/h3><div  class=\"info-circle-text \" style=\"font-weight:normal;\"><span style=\"font-family: 'Courier New', Courier; font-size: 16px;\">Como especialistas en empleo, estamos siempre a tu disposici\u00f3n para ayudarte y asesorarte.<\/span><\/div><\/div><\/div><\/div><\/div><div class=\"info-circle-icons \" style=\"background:#101010;color:#ffffff;\" ><i class=\"Defaults-headphones info-circle-icon\" ><\/i><\/div><div class=\"info-details\" data-icon-class=\"ult-info-circle-icon\"><div class=\"info-circle-def\"><div  class=\"info-circle-sub-def\"><i class=\"Defaults-headphones info-circle-icon\" ><\/i><div class=\"responsive-font-class ult-responsive\" ><h3  data-ultimate-target='#info-cirlce-wrap-6496 .responsive-font-class h3.new-cust-responsive-class'  data-responsive-json-new='{\"font-size\":\"\",\"line-height\":\"\"}'  class=\"info-circle-heading ult-responsive new-cust-responsive-class\" style=\"font-weight:normal;\">Escuchando<\/h3><div  class=\"info-circle-text \" style=\"font-weight:normal;\"><span style=\"font-family: 'Courier New', Courier;\">Esperamos tener noticias tuyas. \u00a1Vis\u00edtanos para saber m\u00e1s!<\/span><\/div><\/div><\/div><\/div><\/div><div class=\"info-circle-icons \" style=\"background:#101010;color:#ffffff;\" ><i class=\"Defaults-cogs gears info-circle-icon\" ><\/i><\/div><div class=\"info-details\" data-icon-class=\"ult-info-circle-icon\"><div class=\"info-circle-def\"><div  class=\"info-circle-sub-def\"><i class=\"Defaults-cogs gears info-circle-icon\" ><\/i><div class=\"responsive-font-class ult-responsive\" ><h3  data-ultimate-target='#info-cirlce-wrap-6496 .responsive-font-class h3.new-cust-responsive-class'  data-responsive-json-new='{\"font-size\":\"\",\"line-height\":\"\"}'  class=\"info-circle-heading ult-responsive new-cust-responsive-class\" style=\"font-weight:normal;\"><\/h3><div  class=\"info-circle-text \" style=\"font-weight:normal;\"><\/p>\n<h3 style=\"font-weight: normal; font-family: 'mon-agence-font', 'incompleeta', 'Hind', 'Arial', 'sans-serif'; margin-bottom: 20px;\"><span style=\"font-size: 20px;\">  1OO% DE<\/span><\/h3>\n<h3 style=\"font-weight: normal; font-family: 'mon-agence-font', 'incompleeta', 'Hind', 'Arial', 'sans-serif'; margin-bottom: 20px;\"><span style=\"font-size: 20px;\">Mi AgenCE<\/span><\/h3>\n<p><span style=\"font-family: 'Courier New', Courier;\">Un proceso de contrataci\u00f3n riguroso.<\/span><\/div><\/div><\/div><\/div><\/div><div class=\"info-circle-icons \" style=\"background:#101010;color:#ffffff;\" ><i class=\"Defaults-group users info-circle-icon\" ><\/i><\/div><div class=\"info-details\" data-icon-class=\"ult-info-circle-icon\"><div class=\"info-circle-def\"><div  class=\"info-circle-sub-def\"><i class=\"Defaults-group users info-circle-icon\" ><\/i><div class=\"responsive-font-class ult-responsive\" ><h3  data-ultimate-target='#info-cirlce-wrap-6496 .responsive-font-class h3.new-cust-responsive-class'  data-responsive-json-new='{\"font-size\":\"\",\"line-height\":\"\"}'  class=\"info-circle-heading ult-responsive new-cust-responsive-class\" style=\"font-weight:normal;\">\u00a1Con\u00f3cenos!<\/h3><div  class=\"info-circle-text \" style=\"font-weight:normal;\"><span style=\"font-family: 'Courier New', Courier;\">\u00bb \u00a1Contactos competentes en tu sector de actividad!<\/span><\/div><\/div><\/div><\/div><\/div><div class=\"info-circle-icons \" style=\"background:#101010;color:#ffffff;\" ><i class=\"Defaults-rocket info-circle-icon\" ><\/i><\/div><div class=\"info-details\" data-icon-class=\"ult-info-circle-icon\"><div class=\"info-circle-def\"><div  class=\"info-circle-sub-def\"><i class=\"Defaults-rocket info-circle-icon\" ><\/i><div class=\"responsive-font-class ult-responsive\" ><h3  data-ultimate-target='#info-cirlce-wrap-6496 .responsive-font-class h3.new-cust-responsive-class'  data-responsive-json-new='{\"font-size\":\"\",\"line-height\":\"\"}'  class=\"info-circle-heading ult-responsive new-cust-responsive-class\" style=\"font-weight:normal;\">Impulsado hacia adelante.<\/h3><div  class=\"info-circle-text \" style=\"font-weight:normal;\"><span style=\"font-family: 'Courier New', Courier;\">Perseveraremos donde otros fracasan o se rinden.<\/span><\/div><\/div><\/div><\/div><\/div><div class=\"info-circle-icons \" style=\"background:#101010;color:#ffffff;\" ><i class=\"Defaults-flask info-circle-icon\" ><\/i><\/div><div class=\"info-details\" data-icon-class=\"ult-info-circle-icon\"><div class=\"info-circle-def\"><div  class=\"info-circle-sub-def\"><i class=\"Defaults-flask info-circle-icon\" ><\/i><div class=\"responsive-font-class ult-responsive\" ><h3  data-ultimate-target='#info-cirlce-wrap-6496 .responsive-font-class h3.new-cust-responsive-class'  data-responsive-json-new='{\"font-size\":\"\",\"line-height\":\"\"}'  class=\"info-circle-heading ult-responsive new-cust-responsive-class\" style=\"font-weight:normal;\">\u00a1Tus talentos, son nuestro negocio!<\/h3><div  class=\"info-circle-text \" style=\"font-weight:normal;\"><span style=\"font-family: 'Courier New', Courier;\">Examinamos rigurosamente los expedientes y las referencias de todos nuestros candidatos.<\/span><\/div><\/div><\/div><\/div><\/div><div class=\"info-circle-icons \" style=\"background:#101010;color:#ffffff;\" ><i class=\"Defaults-umbrella info-circle-icon\" ><\/i><\/div><div class=\"info-details\" data-icon-class=\"ult-info-circle-icon\"><div class=\"info-circle-def\"><div  class=\"info-circle-sub-def\"><i class=\"Defaults-umbrella info-circle-icon\" ><\/i><div class=\"responsive-font-class ult-responsive\" ><h3  data-ultimate-target='#info-cirlce-wrap-6496 .responsive-font-class h3.new-cust-responsive-class'  data-responsive-json-new='{\"font-size\":\"\",\"line-height\":\"\"}'  class=\"info-circle-heading ult-responsive new-cust-responsive-class\" style=\"font-weight:normal;\">\u00a1Est\u00e1n cubiertos!<\/h3><div  class=\"info-circle-text \" style=\"font-weight:normal;\"><span style=\"font-family: 'Courier New', Courier; font-size: 14px;\">Puedes estar seguro de nuestra plena cooperaci\u00f3n y, lo que es m\u00e1s importante, de una comprensi\u00f3n precisa de tus problemas.<\/span><\/div><\/div><\/div><\/div><\/div><\/div><div id=\"info-cirlce-wrap-6496\" class=\"info-c-full\" style=\"background-color:#101010;color:#ffffff;width:70%;height:70%;margin:15%;\"><div class=\"info-c-full-wrap\"><\/div><\/div><\/div><div class=\"smile_icon_list_wrap \" data-content_bg=\"#101010\" data-content_color=\"#ffffff\">\n\t\t\t\t\t\t\t<ul id=\"info-cirlce-wrap-6496\" class=\"smile_icon_list left circle with_bg\"><li class=\"icon_list_item\" style=\"font-size:90px;\">\n\t\t\t\t\t\t\t\t\t<div class=\"icon_list_icon\" style=\"font-size:30px;width:30px;height:30px;line-height:1;\">\n\t\t\t\t\t\t\t\t\t\t<i class=\"smt-pencil\"><\/i>\n\t\t\t\t\t\t\t\t\t<\/div>\n\t\t\t\t\t\t\t\t\t<div  class=\"icon_description\" style=\"font-size:30px;\">\n\t\t\t\t\t\t\t\t\t\t<div class=\"responsive-font-class ult-responsive\"  data-ultimate-target='#info-cirlce-wrap-6496 .responsive-font-class *'  data-responsive-json-new='{\"font-size\":\"\",\"line-height\":\"\"}'  style=\"font-weight:normal;\">\n\t\t\t\t\t\t\t\t\t\t\t<h3  data-ultimate-target='#info-cirlce-wrap-6496 .responsive-font-class h3.new-cust-responsive-class'  data-responsive-json-new='{\"font-size\":\"\",\"line-height\":\"\"}'  class=\"ult-responsive new-cust-responsive-class\" style=\"font-weight:normal;\"><\/h3>\n\t\t\t\t\t\t\t\t\t\t\t<p><\/p>\n\t\t\t\t\t\t\t\t\t\t<\/div>\n\t\t\t\t\t\t\t\t\t<\/div>\n\t\t\t\t\t\t\t\t\t<div class=\"icon_list_connector\" style=\" border-style:solid;border-color:#dddddd; left:15px; top:30px;\">\n\t\t\t\t\t\t\t\t\t<\/div><\/li><\/ul>\n\t\t\t\t\t\t<\/div><\/div><\/div>[\/vc_column][vc_column width=\u00bb1\/2&#8243;][\/vc_column][\/vc_row]<\/p>\n","protected":false},"excerpt":{"rendered":"<p>[vc_row bg_type=\u00bbimage\u00bb parallax_style=\u00bbvcpb-vz-jquery\u00bb bg_image_new=\u00bbid^270|url^https:\/\/preview.treethemes.com\/hazel\/demo4\/wp-content\/uploads\/sites\/14\/revslider\/IMG_0295.jpg|caption^null|alt^null|title^IMG_0295.jpg|description^null\u00bb bg_override=\u00bbex-full\u00bb enable_overlay=\u00bbenable_overlay_value\u00bb overlay_color=\u00bbrgba(0,0,0,0.85)\u00bb css=\u00bb.vc_custom_1620296064244{padding-top: 140px !important;padding-bottom: 120px !important;}\u00bb][vc_column][vc_custom_heading text=\u00bb\u00bfPOR QU\u00c9 ELEGIRNOS?\u00bb font_container=\u00bbtag:h3|font_size:40px|text_align:center|color:%23ffffff\u00bb use_theme_fonts=\u00bbyes\u00bb][vc_empty_space height=\u00bb80px\u00bb][\/vc_column][\/vc_row][vc_row bg_type=\u00bbimage\u00bb parallax_style=\u00bbvcpb-vz-jquery\u00bb bg_image_new=\u00bbid^271|url^https:\/\/preview.treethemes.com\/hazel\/demo4\/wp-content\/uploads\/sites\/14\/2021\/05\/laptop.jpeg|caption^null|alt^null|title^laptop|description^null\u00bb bg_override=\u00bbex-full\u00bb css=\u00bb.vc_custom_1620295643857{padding-top: 120px !important;padding-bottom: 120px !important;}\u00bb][vc_column width=\u00bb1\/2&#8243;][\/vc_column][vc_column width=\u00bb1\/2&#8243;][\/vc_column][\/vc_row]<\/p>\n","protected":false},"author":2,"featured_media":0,"parent":0,"menu_order":0,"comment_status":"closed","ping_status":"closed","template":"one-page-template.php","meta":{"_acf_changed":false,"content-type":"","footnotes":""},"class_list":["post-2506","page","type-page","status-publish","hentry"],"acf":[],"_links":{"self":[{"href":"https:\/\/monagence.jobs\/es\/wp-json\/wp\/v2\/pages\/2506","targetHints":{"allow":["GET"]}}],"collection":[{"href":"https:\/\/monagence.jobs\/es\/wp-json\/wp\/v2\/pages"}],"about":[{"href":"https:\/\/monagence.jobs\/es\/wp-json\/wp\/v2\/types\/page"}],"author":[{"embeddable":true,"href":"https:\/\/monagence.jobs\/es\/wp-json\/wp\/v2\/users\/2"}],"replies":[{"embeddable":true,"href":"https:\/\/monagence.jobs\/es\/wp-json\/wp\/v2\/comments?post=2506"}],"version-history":[{"count":24,"href":"https:\/\/monagence.jobs\/es\/wp-json\/wp\/v2\/pages\/2506\/revisions"}],"predecessor-version":[{"id":3731,"href":"https:\/\/monagence.jobs\/es\/wp-json\/wp\/v2\/pages\/2506\/revisions\/3731"}],"wp:attachment":[{"href":"https:\/\/monagence.jobs\/es\/wp-json\/wp\/v2\/media?parent=2506"}],"curies":[{"name":"wp","href":"https:\/\/api.w.org\/{rel}","templated":true}]}}