{"id":2462,"date":"2021-04-30T17:41:56","date_gmt":"2021-04-30T17:41:56","guid":{"rendered":"https:\/\/monagence.jobs\/sobre-nosotros\/"},"modified":"2024-05-23T01:37:22","modified_gmt":"2024-05-23T01:37:22","slug":"sobre-nosotros","status":"publish","type":"page","link":"https:\/\/monagence.jobs\/es\/sobre-nosotros\/","title":{"rendered":"SOBRE NOSOTROS"},"content":{"rendered":"<p>[vc_row css=\u00bb.vc_custom_1481576227367{margin-top: 120px !important;margin-bottom: 60px !important;}\u00bb][vc_column css_animation=\u00bbfadeInUp\u00bb]<div id=\"ultimate-heading-314969ef6f2541732\" class=\"uvc-heading ult-adjust-bottom-margin ultimate-heading-314969ef6f2541732 uvc-2907 \" data-hspacer=\"line_only\"  data-halign=\"center\" style=\"text-align:center\"><div class=\"uvc-heading-spacer line_only\" style=\"margin-bottom:40px;height:40px;\"><span class=\"uvc-headings-line\" style=\"border-style:solid;border-bottom-width:40px;border-color:#ccc;width:1px;\"><\/span><\/div><\/div>[vc_custom_heading text=\u00bbSOMOS MON AGENCE\u00bb font_container=\u00bbtag:h6|text_align:center\u00bb use_theme_fonts=\u00bbyes\u00bb][vc_custom_heading text=\u00bbSOBRE NOSOTROS\u00bb font_container=\u00bbtag:h2|font_size:50px|text_align:center\u00bb use_theme_fonts=\u00bbyes\u00bb][vc_empty_space height=\u00bb20px\u00bb][vc_row_inner][vc_column_inner width=\u00bb1\/6&#8243;][\/vc_column_inner][vc_column_inner width=\u00bb2\/3&#8243;][vc_column_text]<\/p>\n<p style=\"text-align: center;\"><span style=\"font-size: 14pt; font-family: 'Courier New', Courier;\">Nuestro objetivo es contribuir al \u00e9xito de las personas y las empresas recurriendo a recursos humanos cualificados y ofreciendo una gama de servicios personalizados y eficaces. Nuestro objetivo es construir una relaci\u00f3n de confianza y colaboraci\u00f3n que evolucione en un esp\u00edritu de asociaci\u00f3n a largo plazo y que sea mutuamente beneficiosa.<\/span><\/p>\n<p>[\/vc_column_text][\/vc_column_inner][vc_column_inner width=\u00bb1\/6&#8243;][\/vc_column_inner][\/vc_row_inner][\/vc_column][\/vc_row][vc_row css_animation=\u00bbbottom-to-top\u00bb][vc_column][vc_empty_space height=\u00bb20px\u00bb][vc_icon icon_fontawesome=\u00bbfab fa-whatsapp\u00bb color=\u00bbgreen\u00bb background_style=\u00bbrounded\u00bb size=\u00bbsm\u00bb align=\u00bbcenter\u00bb css_animation=\u00bbbottom-to-top\u00bb link=\u00bburl:https%3A%2F%2Fwhatsapp.com%2Fchannel%2F0029VaPsNca5kg75owhbPL43|\u00bb][vc_column_text css_animation=\u00bbbottom-to-top\u00bb]<\/p>\n<p style=\"text-align: center;\"><span style=\"font-size: 20px;\"><strong><span style=\"font-family: 'Courier New', Courier;\">\u00a1SUSCR\u00cdBETE A NUESTRO CANAL DE WHATSAPP PARA ESTAR AL D\u00cdA DE NUESTRAS NOVEDADES!<\/span><\/strong><\/span><\/p>\n<p>[\/vc_column_text][\/vc_column][\/vc_row][vc_row full_width=\u00bbstretch_row_content_no_spaces\u00bb][vc_column][vc_empty_space height=\u00bb20px\u00bb][vc_single_image image=\u00bb243&#8243; img_size=\u00bbfull\u00bb alignment=\u00bbcenter\u00bb css_animation=\u00bbbottom-to-top\u00bb][\/vc_column][\/vc_row]<\/p>\n","protected":false},"excerpt":{"rendered":"<p>[vc_row css=\u00bb.vc_custom_1481576227367{margin-top: 120px !important;margin-bottom: 60px !important;}\u00bb][vc_column css_animation=\u00bbfadeInUp\u00bb][vc_custom_heading text=\u00bbSOMOS MON AGENCE\u00bb font_container=\u00bbtag:h6|text_align:center\u00bb use_theme_fonts=\u00bbyes\u00bb][vc_custom_heading text=\u00bbSOBRE NOSOTROS\u00bb font_container=\u00bbtag:h2|font_size:50px|text_align:center\u00bb use_theme_fonts=\u00bbyes\u00bb][vc_empty_space height=\u00bb20px\u00bb][vc_row_inner][vc_column_inner width=\u00bb1\/6&#8243;][\/vc_column_inner][vc_column_inner width=\u00bb2\/3&#8243;][vc_column_text] Nuestro objetivo es contribuir al \u00e9xito de las personas y las empresas recurriendo a recursos humanos cualificados y ofreciendo una gama de servicios personalizados y eficaces. Nuestro objetivo es construir una relaci\u00f3n de confianza y colaboraci\u00f3n [&hellip;]<\/p>\n","protected":false},"author":2,"featured_media":0,"parent":0,"menu_order":0,"comment_status":"closed","ping_status":"closed","template":"one-page-template.php","meta":{"_acf_changed":false,"content-type":"","footnotes":""},"class_list":["post-2462","page","type-page","status-publish","hentry"],"acf":[],"_links":{"self":[{"href":"https:\/\/monagence.jobs\/es\/wp-json\/wp\/v2\/pages\/2462","targetHints":{"allow":["GET"]}}],"collection":[{"href":"https:\/\/monagence.jobs\/es\/wp-json\/wp\/v2\/pages"}],"about":[{"href":"https:\/\/monagence.jobs\/es\/wp-json\/wp\/v2\/types\/page"}],"author":[{"embeddable":true,"href":"https:\/\/monagence.jobs\/es\/wp-json\/wp\/v2\/users\/2"}],"replies":[{"embeddable":true,"href":"https:\/\/monagence.jobs\/es\/wp-json\/wp\/v2\/comments?post=2462"}],"version-history":[{"count":14,"href":"https:\/\/monagence.jobs\/es\/wp-json\/wp\/v2\/pages\/2462\/revisions"}],"predecessor-version":[{"id":3750,"href":"https:\/\/monagence.jobs\/es\/wp-json\/wp\/v2\/pages\/2462\/revisions\/3750"}],"wp:attachment":[{"href":"https:\/\/monagence.jobs\/es\/wp-json\/wp\/v2\/media?parent=2462"}],"curies":[{"name":"wp","href":"https:\/\/api.w.org\/{rel}","templated":true}]}}