{"id":5218,"date":"2024-06-11T16:22:57","date_gmt":"2024-06-11T16:22:57","guid":{"rendered":"https:\/\/monagence.jobs\/baumaschinenfuehrer\/"},"modified":"2024-06-11T16:31:44","modified_gmt":"2024-06-11T16:31:44","slug":"baumaschinenfuehrer","status":"publish","type":"page","link":"https:\/\/monagence.jobs\/de\/baumaschinenfuehrer\/","title":{"rendered":"Baumaschinenf\u00fchrer"},"content":{"rendered":"<h2><span style=\"color: #0000ff;\">Baumaschinenf\u00fchrer<\/span><\/h2>\n<p><span style=\"color: #993366;\"><strong><span style=\"font-size: 20px;\">Ihre Herausforderung<\/span><\/strong><\/span><\/p>\n<p>Erdarbeiten, Ausgrabungen, etc.<\/p>\n<p>F\u00fchren von Raupen- oder Mobilbaggern<\/p>\n<p>Wartung von Baumaschinen<\/p>\n<p>&nbsp;<\/p>\n<p><span style=\"font-size: 20px;\"><strong><span style=\"color: #993366;\">Ihre F\u00e4higkeiten<\/span><\/strong><\/span><\/p>\n<p>Gute Erfahrung &#8211; 2 Jahre in einer \u00e4hnlichen Position (in der Schweiz EIN ATOUT)<\/p>\n<p>Maschinenf\u00fchrerschein (M1, &#8230; M7)<\/p>\n<p>Selbst\u00e4ndig, flexibel und dynamisch<\/p>\n<p>&nbsp;<\/p>\n<p><strong><span style=\"color: #993366;\"><span style=\"font-size: 20px;\">KONTAKT<\/span><\/span><\/strong><\/p>\n<p>Online bewerben<\/p>\n<p>oder<\/p>\n<p>Tel. +4179 266 79 79 &#8211; Ferdi<\/p>\n<p>&nbsp;<\/p>\n<p class=\"wpcf7-contact-form-not-found\"><strong>Fehler:<\/strong> Kontaktformular wurde nicht gefunden.<\/p>\n","protected":false},"excerpt":{"rendered":"<p>Baumaschinenf\u00fchrer Ihre Herausforderung Erdarbeiten, Ausgrabungen, etc. F\u00fchren von Raupen- oder Mobilbaggern Wartung von Baumaschinen &nbsp; Ihre F\u00e4higkeiten Gute Erfahrung &#8211; 2 Jahre in einer \u00e4hnlichen Position (in der Schweiz EIN ATOUT) Maschinenf\u00fchrerschein (M1, &#8230; M7) Selbst\u00e4ndig, flexibel und dynamisch &nbsp; KONTAKT Online bewerben oder Tel. +4179 266 79 79 &#8211; Ferdi &nbsp;<\/p>\n","protected":false},"author":4,"featured_media":0,"parent":0,"menu_order":0,"comment_status":"closed","ping_status":"closed","template":"one-page-template.php","meta":{"_acf_changed":false,"content-type":"","footnotes":""},"class_list":["post-5218","page","type-page","status-publish","hentry"],"acf":[],"_links":{"self":[{"href":"https:\/\/monagence.jobs\/de\/wp-json\/wp\/v2\/pages\/5218","targetHints":{"allow":["GET"]}}],"collection":[{"href":"https:\/\/monagence.jobs\/de\/wp-json\/wp\/v2\/pages"}],"about":[{"href":"https:\/\/monagence.jobs\/de\/wp-json\/wp\/v2\/types\/page"}],"author":[{"embeddable":true,"href":"https:\/\/monagence.jobs\/de\/wp-json\/wp\/v2\/users\/4"}],"replies":[{"embeddable":true,"href":"https:\/\/monagence.jobs\/de\/wp-json\/wp\/v2\/comments?post=5218"}],"version-history":[{"count":14,"href":"https:\/\/monagence.jobs\/de\/wp-json\/wp\/v2\/pages\/5218\/revisions"}],"predecessor-version":[{"id":5535,"href":"https:\/\/monagence.jobs\/de\/wp-json\/wp\/v2\/pages\/5218\/revisions\/5535"}],"wp:attachment":[{"href":"https:\/\/monagence.jobs\/de\/wp-json\/wp\/v2\/media?parent=5218"}],"curies":[{"name":"wp","href":"https:\/\/api.w.org\/{rel}","templated":true}]}}