{"id":2846,"date":"2021-04-30T17:47:03","date_gmt":"2021-04-30T17:47:03","guid":{"rendered":"https:\/\/monagence.jobs\/%d0%bd%d0%b0%d1%88%d0%b8%d1%82%d0%b5-%d0%bf%d1%80%d0%b5%d0%b4%d0%bb%d0%be%d0%b6%d0%b5%d0%bd%d0%b8%d1%8f-%d0%b7%d0%b0-%d1%80%d0%b0%d0%b1%d0%be%d1%82%d0%b0-2\/"},"modified":"2024-05-09T02:30:26","modified_gmt":"2024-05-09T02:30:26","slug":"%d0%bd%d0%b0%d1%88%d0%b8%d1%82%d0%b5-%d0%bf%d1%80%d0%b5%d0%b4%d0%bb%d0%be%d0%b6%d0%b5%d0%bd%d0%b8%d1%8f-%d0%b7%d0%b0-%d1%80%d0%b0%d0%b1%d0%be%d1%82%d0%b0-2","status":"publish","type":"page","link":"https:\/\/monagence.jobs\/bg\/%d0%bd%d0%b0%d1%88%d0%b8%d1%82%d0%b5-%d0%bf%d1%80%d0%b5%d0%b4%d0%bb%d0%be%d0%b6%d0%b5%d0%bd%d0%b8%d1%8f-%d0%b7%d0%b0-%d1%80%d0%b0%d0%b1%d0%be%d1%82%d0%b0-2\/","title":{"rendered":"\u041d\u0410\u0428\u0418\u0422\u0415 \u041f\u0420\u0415\u0414\u041b\u041e\u0416\u0415\u041d\u0418\u042f \u0417\u0410 \u0420\u0410\u0411\u041e\u0422\u0410"},"content":{"rendered":"<p>[vc_row css=&#8220;.vc_custom_1648631792272{margin-top: 40px !important;margin-bottom: 60px !important;}&#8220;][vc_column][vc_separator css_animation=&#8220;none&#8220; css=&#8220;.vc_custom_1648631909741{padding-bottom: 20px !important;}&#8220;]<div id=\"ultimate-heading-167669de94c45268f\" class=\"uvc-heading ult-adjust-bottom-margin ultimate-heading-167669de94c45268f uvc-1661 \" data-hspacer=\"no_spacer\"  data-halign=\"center\" style=\"text-align:center\"><div class=\"uvc-heading-spacer no_spacer\" style=\"top\"><\/div><div class=\"uvc-main-heading ult-responsive\"  data-ultimate-target='.uvc-heading.ultimate-heading-167669de94c45268f h2'  data-responsive-json-new='{\"font-size\":\"\",\"line-height\":\"\"}' ><h2 style=\"font-weight:normal;\">\u041d\u0410\u0428\u0418\u0422\u0415 \u041f\u0420\u0415\u0414\u041b\u041e\u0416\u0415\u041d\u0418\u042f \u0417\u0410 \u0420\u0410\u0411\u041e\u0422\u0410<\/h2><\/div><div class=\"uvc-sub-heading ult-responsive\"  data-ultimate-target='.uvc-heading.ultimate-heading-167669de94c45268f .uvc-sub-heading '  data-responsive-json-new='{\"font-size\":\"\",\"line-height\":\"\"}'  style=\"font-weight:normal;\"><\/p>\n<div id=\"ultimate-heading-52246241d63a965f0\" class=\"uvc-heading ult-adjust-bottom-margin ultimate-heading-52246241d63a965f0 uvc-4851 \" data-hspacer=\"no_spacer\" data-halign=\"center\">\n<div class=\"uvc-sub-heading ult-responsive\" data-ultimate-target=\".uvc-heading.ultimate-heading-52246241d63a965f0 .uvc-sub-heading  \" data-responsive-json-new=\"{\"font-size\":\"\",\"line-height\":\"\"}\"><span style=\"font-family: 'Courier New', Courier;\">\u0412 MON AGENCE SA \u041d\u0410\u0428\u0410\u0422\u0410 \u0420\u0410\u0411\u041e\u0422\u0410 \u0415 \u0414\u0410 \u0412\u0418 \u041d\u0410\u041c\u0415\u0420\u0418\u041c \u0422\u0410\u041a\u042a\u0412!<\/span><\/div>\n<\/div>\n<p><\/div><\/div>[vc_row_inner][vc_column_inner width=&#8220;1\/6&#8243;][\/vc_column_inner][vc_column_inner width=&#8220;2\/3&#8243;][vc_column_text]<\/p>\n<p style=\"text-align: center;\"><span style=\"font-family: 'Courier New', Courier;\">\u0412\u0435\u0447\u0435 \u043c\u043e\u0436\u0435\u0442\u0435 \u0434\u0430 \u043f\u043e\u043b\u0443\u0447\u0438\u0442\u0435 \u0434\u043e\u0441\u0442\u044a\u043f \u0438 \u0434\u0430 \u043a\u0430\u043d\u0434\u0438\u0434\u0430\u0442\u0441\u0442\u0432\u0430\u0442\u0435 \u0437\u0430 \u0432\u0441\u0438\u0447\u043a\u0438 \u043d\u0430\u0448\u0438 \u043f\u0440\u0435\u0434\u043b\u043e\u0436\u0435\u043d\u0438\u044f \u0437\u0430 \u0440\u0430\u0431\u043e\u0442\u0430 \u0438 \u043d\u0430\u0437\u043d\u0430\u0447\u0435\u043d\u0438\u044f \u043d\u0430 \u043d\u0430\u0448\u0438\u044f \u0443\u0435\u0431\u0441\u0430\u0439\u0442!<\/span><\/p>\n<p>[\/vc_column_text][\/vc_column_inner][vc_column_inner width=&#8220;1\/6&#8243;][\/vc_column_inner][\/vc_row_inner][\/vc_column][\/vc_row][vc_row][vc_column]\n<div id=\"interactive-banner-1-wrap-9072\" class=\"ult-banner-block ult-adjust-bottom-margin ult-bb-box  banner-style01 \"   style=\"\">\n\t<h3  data-ultimate-target='#interactive-banner-1-wrap-9072 .bb-top-title '  data-responsive-json-new='{\"font-size\":\"\",\"line-height\":\"\"}'  class=\"title-center bb-top-title ult-responsive\" style=\"font-weight:normal;background:#242424;color:#ffffff;\">\u041c\u0430\u0448\u0438\u043d\u0438\u0441\u0442 \u043d\u0430 \u043e\u0431\u0435\u043a\u0442\u0430<\/h3>\n\t<div class=\"mask opaque-background\" style=\"background:#242424;\">\n\t\t<div  data-ultimate-target='#interactive-banner-1-wrap-9072 .bb-description'  data-responsive-json-new='{\"font-size\":\"\",\"line-height\":\"\"}'  class=\"bb-description ult-responsive\" style=\"font-weight:normal;color:#ffffff;\"><\/div>\n\t<\/div><a class=\"bb-link\" href=\"https:\/\/monagence.jobs\/jobs\/machiniste-de-chantier\/\" title=\"Machiniste de chantier\" target=\"_blank\" rel=\"noopener\" ><\/a>\n<\/div>[\/vc_column][\/vc_row][vc_row][vc_column]\n<div id=\"interactive-banner-1-wrap-7758\" class=\"ult-banner-block ult-adjust-bottom-margin ult-bb-box  banner-style01 \"   style=\"\">\n\t<h3  data-ultimate-target='#interactive-banner-1-wrap-7758 .bb-top-title '  data-responsive-json-new='{\"font-size\":\"\",\"line-height\":\"\"}'  class=\"title-center bb-top-title ult-responsive\" style=\"font-weight:normal;background:#898989;color:#ffffff;\">Rouliste<i class=\"Defaults-exclamation-triangle warning\"  style= \"color:#ffffff;\"><\/i><\/h3>\n\t<div class=\"mask opaque-background\" style=\"background:#242424;\">\n\t\t<div  data-ultimate-target='#interactive-banner-1-wrap-7758 .bb-description'  data-responsive-json-new='{\"font-size\":\"\",\"line-height\":\"\"}'  class=\"bb-description ult-responsive\" style=\"font-weight:normal;color:#ffffff;\"><\/div>\n\t<\/div><a class=\"bb-link\" href=\"https:\/\/monagence.jobs\/?post_type=jobpost&p=1045&preview=true\" title=\"Rouliste\" target=\"_blank\" rel=\"noopener\" ><\/a>\n<\/div>[\/vc_column][\/vc_row][vc_row][vc_column]\n<div id=\"interactive-banner-1-wrap-3330\" class=\"ult-banner-block ult-adjust-bottom-margin ult-bb-box  banner-style01 \"   style=\"\">\n\t<h3  data-ultimate-target='#interactive-banner-1-wrap-3330 .bb-top-title '  data-responsive-json-new='{\"font-size\":\"\",\"line-height\":\"\"}'  class=\"title-center bb-top-title ult-responsive\" style=\"font-weight:normal;background:#242424;color:#ffffff;\">\u0414\u043e\u0432\u044a\u0440\u0448\u0438\u0442\u0435\u043b \u043c\u0430\u0448\u0438\u043d\u0438\u0441\u0442<\/h3>\n\t<div class=\"mask opaque-background\" style=\"background:#242424;\">\n\t\t<div  data-ultimate-target='#interactive-banner-1-wrap-3330 .bb-description'  data-responsive-json-new='{\"font-size\":\"\",\"line-height\":\"\"}'  class=\"bb-description ult-responsive\" style=\"font-weight:normal;color:#ffffff;\"><\/div>\n\t<\/div><a class=\"bb-link\" href=\"https:\/\/monagence.jobs\/?post_type=jobpost&p=1052&preview=true\" title=\"Machiniste Finisseuse\" target=\"_blank\" rel=\"noopener\" ><\/a>\n<\/div>[\/vc_column][\/vc_row][vc_row][vc_column]\n<div id=\"interactive-banner-1-wrap-6943\" class=\"ult-banner-block ult-adjust-bottom-margin ult-bb-box  banner-style01 \"   style=\"\">\n\t<h3  data-ultimate-target='#interactive-banner-1-wrap-6943 .bb-top-title '  data-responsive-json-new='{\"font-size\":\"\",\"line-height\":\"\"}'  class=\"title-center bb-top-title ult-responsive\" style=\"font-weight:normal;background:#898989;color:#ffffff;\">\u041f\u043b\u043e\u0447\u043a\u0430\u0434\u0436\u0438\u044f<\/h3>\n\t<div class=\"mask opaque-background\" style=\"background:#242424;\">\n\t\t<div  data-ultimate-target='#interactive-banner-1-wrap-6943 .bb-description'  data-responsive-json-new='{\"font-size\":\"\",\"line-height\":\"\"}'  class=\"bb-description ult-responsive\" style=\"font-weight:normal;color:#ffffff;\"><\/div>\n\t<\/div><a class=\"bb-link\" href=\"https:\/\/monagence.jobs\/jobs\/carreleur\/\" title=\"Carreleur\" target=\"_blank\" rel=\"noopener\" ><\/a>\n<\/div>[\/vc_column][\/vc_row][vc_row][vc_column]\n<div id=\"interactive-banner-1-wrap-1358\" class=\"ult-banner-block ult-adjust-bottom-margin ult-bb-box  banner-style01 \"   style=\"\">\n\t<h3  data-ultimate-target='#interactive-banner-1-wrap-1358 .bb-top-title '  data-responsive-json-new='{\"font-size\":\"\",\"line-height\":\"\"}'  class=\"title-center bb-top-title ult-responsive\" style=\"font-weight:normal;background:#242424;color:#ffffff;\">Mason A - \u0421\u0442\u0440\u043e\u0438\u0442\u0435\u043b\u0441\u0442\u0432\u043e - \u0413\u0440\u0430\u0436\u0434\u0430\u043d\u0441\u043a\u043e \u0438\u043d\u0436\u0435\u043d\u0435\u0440\u0441\u0442\u0432\u043e<\/h3>\n\t<div class=\"mask opaque-background\" style=\"background:#242424;\">\n\t\t<div  data-ultimate-target='#interactive-banner-1-wrap-1358 .bb-description'  data-responsive-json-new='{\"font-size\":\"\",\"line-height\":\"\"}'  class=\"bb-description ult-responsive\" style=\"font-weight:normal;color:#ffffff;\"><\/div>\n\t<\/div><a class=\"bb-link\" href=\"https:\/\/monagence.jobs\/jobs\/macon-genie-civil\/\" title=\"Ma\u00e7on - B\u00e2timent - G\u00e9nie civil\" target=\"_blank\" rel=\"noopener\" ><\/a>\n<\/div>[\/vc_column][\/vc_row][vc_row][vc_column]\n<div id=\"interactive-banner-1-wrap-3040\" class=\"ult-banner-block ult-adjust-bottom-margin ult-bb-box  banner-style01 \"   style=\"\">\n\t<h3  data-ultimate-target='#interactive-banner-1-wrap-3040 .bb-top-title '  data-responsive-json-new='{\"font-size\":\"\",\"line-height\":\"\"}'  class=\"title-center bb-top-title ult-responsive\" style=\"font-weight:normal;background:#898989;color:#ffffff;\">\u0422\u0435\u0445\u043d\u0438\u043a - \u0420\u044a\u043a\u043e\u0432\u043e\u0434\u0438\u0442\u0435\u043b \u043d\u0430 \u043e\u0431\u0435\u043a\u0442 - \u041e\u0441\u043d\u043e\u0432\u043d\u0438 \u0440\u0430\u0431\u043e\u0442\u0438<\/h3>\n\t<div class=\"mask opaque-background\" style=\"background:#242424;\">\n\t\t<div  data-ultimate-target='#interactive-banner-1-wrap-3040 .bb-description'  data-responsive-json-new='{\"font-size\":\"\",\"line-height\":\"\"}'  class=\"bb-description ult-responsive\" style=\"font-weight:normal;color:#ffffff;\"><\/div>\n\t<\/div><a class=\"bb-link\" href=\"https:\/\/monagence.jobs\/jobs\/technicien-gros-oeuvre\/\" title=\"Technicien - Conducteur de travaux - Gros oeuvre\" target=\"_blank\" rel=\"noopener\" ><\/a>\n<\/div>[\/vc_column][\/vc_row][vc_row][vc_column]<div class=\"ult-spacer spacer-69de94c452b3d\" data-id=\"69de94c452b3d\" data-height=\"15\" data-height-mobile=\"15\" data-height-tab=\"15\" data-height-tab-portrait=\"\" data-height-mobile-landscape=\"\" style=\"clear:both;display:block;\"><\/div>[\/vc_column][\/vc_row][vc_row][vc_column][vc_separator color=&#8220;juicy_pink&#8220; border_width=&#8220;4&#8243;][\/vc_column][\/vc_row][vc_row][vc_column]<div class=\"ult-spacer spacer-69de94c452b85\" data-id=\"69de94c452b85\" data-height=\"14\" data-height-mobile=\"14\" data-height-tab=\"14\" data-height-tab-portrait=\"\" data-height-mobile-landscape=\"\" style=\"clear:both;display:block;\"><\/div>[\/vc_column][\/vc_row][vc_row][vc_column]\n<div id=\"interactive-banner-1-wrap-1059\" class=\"ult-banner-block ult-adjust-bottom-margin ult-bb-box  banner-style01 \"   style=\"\">\n\t<h3  data-ultimate-target='#interactive-banner-1-wrap-1059 .bb-top-title '  data-responsive-json-new='{\"font-size\":\"\",\"line-height\":\"\"}'  class=\"title-center bb-top-title ult-responsive\" style=\"font-weight:normal;background:#242424;color:#ffffff;\">\u0422\u0435\u0445\u043d\u0438\u0447\u0435\u0441\u043a\u043e-\u0442\u044a\u0440\u0433\u043e\u0432\u0441\u043a\u0438 \u0438 \u0430\u0434\u043c\u0438\u043d\u0438\u0441\u0442\u0440\u0430\u0442\u0438\u0432\u0435\u043d \u0441\u043b\u0443\u0436\u0438\u0442\u0435\u043b 100% \u043e\u0442 \u0432\u0440\u0435\u043c\u0435\u0442\u043e<\/h3>\n\t<div class=\"mask opaque-background\" style=\"background:#774977;\">\n\t\t<div  data-ultimate-target='#interactive-banner-1-wrap-1059 .bb-description'  data-responsive-json-new='{\"font-size\":\"\",\"line-height\":\"\"}'  class=\"bb-description ult-responsive\" style=\"font-weight:normal;color:#ffffff;\"><\/div>\n\t<\/div><a class=\"bb-link\" href=\"https:\/\/monagence.jobs\/jobs\/technico-commerciale-employee-administrative-100\/\" title=\"Technico-commerciale &amp; Employ\u00e9e administrative 100%\" target=\"_blank\" rel=\"noopener\" ><\/a>\n<\/div>[\/vc_column][\/vc_row][vc_row][vc_column][vc_separator color=&#8220;juicy_pink&#8220; border_width=&#8220;4&#8243;][\/vc_column][\/vc_row][vc_row][vc_column]<div class=\"ult-spacer spacer-69de94c452d0e\" data-id=\"69de94c452d0e\" data-height=\"100\" data-height-mobile=\"100\" data-height-tab=\"100\" data-height-tab-portrait=\"\" data-height-mobile-landscape=\"\" style=\"clear:both;display:block;\"><\/div>[vc_row_inner][vc_column_inner width=&#8220;1\/6&#8243;][\/vc_column_inner][vc_column_inner width=&#8220;2\/3&#8243;][vc_column_text]<\/p>\n<p style=\"text-align: center;\"><span style=\"font-family: 'Courier New', Courier;\">\u041d\u044f\u043c\u0430 \u043e\u0444\u0435\u0440\u0442\u0438, \u043a\u043e\u0438\u0442\u043e \u0434\u0430 \u043e\u0442\u0433\u043e\u0432\u0430\u0440\u044f\u0442 \u043d\u0430 \u0442\u0435\u043a\u0443\u0449\u043e\u0442\u043e \u0432\u0438 \u0442\u044a\u0440\u0441\u0435\u043d\u0435? \u041d\u0435 \u0441\u0435 \u043f\u0430\u043d\u0438\u043a\u044c\u043e\u0441\u0432\u0430\u0439\u0442\u0435, \u0432\u0435\u0440\u043e\u044f\u0442\u043d\u043e \u0441\u043a\u043e\u0440\u043e \u0449\u0435 \u0438\u043c\u0430\u043c\u0435 \u0442\u0430\u043a\u0438\u0432\u0430. \u041e\u0441\u0442\u0430\u0432\u0435\u0442\u0435 \u043d\u0438 \u0434\u0430\u043d\u043d\u0438\u0442\u0435 \u0441\u0438 \u0437\u0430 \u043a\u043e\u043d\u0442\u0430\u043a\u0442 \u0438 \u0430\u0432\u0442\u043e\u0431\u0438\u043e\u0433\u0440\u0430\u0444\u0438\u044f\u0442\u0430 \u0441\u0438 <a href=\"https:\/\/monagence.jobs\/bg\/%d0%ba%d0%be%d0%bd%d1%82%d0%b0%d0%ba%d1%82\/\"><br \/>\n  <strong>\u0442\u0443\u043a<\/strong><br \/>\n<\/a>\u0438 \u043d\u0438\u0435 \u0449\u0435 \u0441\u0435 \u0441\u0432\u044a\u0440\u0436\u0435\u043c \u0441 \u0432\u0430\u0441 \u0437\u0430 \u043c\u0435\u0447\u0442\u0430\u043d\u0430\u0442\u0430 \u043e\u0442 \u0432\u0430\u0441 \u0440\u0430\u0431\u043e\u0442\u0430!<\/span><\/p>\n<p>[\/vc_column_text][\/vc_column_inner][vc_column_inner width=&#8220;1\/6&#8243;][\/vc_column_inner][\/vc_row_inner]<div class=\"ult-spacer spacer-69de94c452d4f\" data-id=\"69de94c452d4f\" data-height=\"100\" data-height-mobile=\"100\" data-height-tab=\"100\" data-height-tab-portrait=\"\" data-height-mobile-landscape=\"\" style=\"clear:both;display:block;\"><\/div>[\/vc_column][\/vc_row]<\/p>\n","protected":false},"excerpt":{"rendered":"<p>[vc_row css=&#8220;.vc_custom_1648631792272{margin-top: 40px !important;margin-bottom: 60px !important;}&#8220;][vc_column][vc_separator css_animation=&#8220;none&#8220; css=&#8220;.vc_custom_1648631909741{padding-bottom: 20px !important;}&#8220;][vc_row_inner][vc_column_inner width=&#8220;1\/6&#8243;][\/vc_column_inner][vc_column_inner width=&#8220;2\/3&#8243;][vc_column_text] \u0412\u0435\u0447\u0435 \u043c\u043e\u0436\u0435\u0442\u0435 \u0434\u0430 \u043f\u043e\u043b\u0443\u0447\u0438\u0442\u0435 \u0434\u043e\u0441\u0442\u044a\u043f \u0438 \u0434\u0430 \u043a\u0430\u043d\u0434\u0438\u0434\u0430\u0442\u0441\u0442\u0432\u0430\u0442\u0435 \u0437\u0430 \u0432\u0441\u0438\u0447\u043a\u0438 \u043d\u0430\u0448\u0438 \u043f\u0440\u0435\u0434\u043b\u043e\u0436\u0435\u043d\u0438\u044f \u0437\u0430 \u0440\u0430\u0431\u043e\u0442\u0430 \u0438 \u043d\u0430\u0437\u043d\u0430\u0447\u0435\u043d\u0438\u044f \u043d\u0430 \u043d\u0430\u0448\u0438\u044f \u0443\u0435\u0431\u0441\u0430\u0439\u0442! [\/vc_column_text][\/vc_column_inner][vc_column_inner width=&#8220;1\/6&#8243;][\/vc_column_inner][\/vc_row_inner][\/vc_column][\/vc_row][vc_row][vc_column][\/vc_column][\/vc_row][vc_row][vc_column][\/vc_column][\/vc_row][vc_row][vc_column][\/vc_column][\/vc_row][vc_row][vc_column][\/vc_column][\/vc_row][vc_row][vc_column][\/vc_column][\/vc_row][vc_row][vc_column][\/vc_column][\/vc_row][vc_row][vc_column][\/vc_column][\/vc_row][vc_row][vc_column][vc_separator color=&#8220;juicy_pink&#8220; border_width=&#8220;4&#8243;][\/vc_column][\/vc_row][vc_row][vc_column][\/vc_column][\/vc_row][vc_row][vc_column][\/vc_column][\/vc_row][vc_row][vc_column][vc_separator color=&#8220;juicy_pink&#8220; border_width=&#8220;4&#8243;][\/vc_column][\/vc_row][vc_row][vc_column][vc_row_inner][vc_column_inner width=&#8220;1\/6&#8243;][\/vc_column_inner][vc_column_inner width=&#8220;2\/3&#8243;][vc_column_text] \u041d\u044f\u043c\u0430 \u043e\u0444\u0435\u0440\u0442\u0438, \u043a\u043e\u0438\u0442\u043e \u0434\u0430 \u043e\u0442\u0433\u043e\u0432\u0430\u0440\u044f\u0442 \u043d\u0430 \u0442\u0435\u043a\u0443\u0449\u043e\u0442\u043e \u0432\u0438 \u0442\u044a\u0440\u0441\u0435\u043d\u0435? \u041d\u0435 \u0441\u0435 \u043f\u0430\u043d\u0438\u043a\u044c\u043e\u0441\u0432\u0430\u0439\u0442\u0435, \u0432\u0435\u0440\u043e\u044f\u0442\u043d\u043e \u0441\u043a\u043e\u0440\u043e \u0449\u0435 \u0438\u043c\u0430\u043c\u0435 [&hellip;]<\/p>\n","protected":false},"author":2,"featured_media":0,"parent":0,"menu_order":0,"comment_status":"closed","ping_status":"closed","template":"page.php","meta":{"_acf_changed":false,"content-type":"","footnotes":""},"class_list":["post-2846","page","type-page","status-publish","hentry"],"acf":[],"_links":{"self":[{"href":"https:\/\/monagence.jobs\/bg\/wp-json\/wp\/v2\/pages\/2846","targetHints":{"allow":["GET"]}}],"collection":[{"href":"https:\/\/monagence.jobs\/bg\/wp-json\/wp\/v2\/pages"}],"about":[{"href":"https:\/\/monagence.jobs\/bg\/wp-json\/wp\/v2\/types\/page"}],"author":[{"embeddable":true,"href":"https:\/\/monagence.jobs\/bg\/wp-json\/wp\/v2\/users\/2"}],"replies":[{"embeddable":true,"href":"https:\/\/monagence.jobs\/bg\/wp-json\/wp\/v2\/comments?post=2846"}],"version-history":[{"count":3,"href":"https:\/\/monagence.jobs\/bg\/wp-json\/wp\/v2\/pages\/2846\/revisions"}],"predecessor-version":[{"id":3437,"href":"https:\/\/monagence.jobs\/bg\/wp-json\/wp\/v2\/pages\/2846\/revisions\/3437"}],"wp:attachment":[{"href":"https:\/\/monagence.jobs\/bg\/wp-json\/wp\/v2\/media?parent=2846"}],"curies":[{"name":"wp","href":"https:\/\/api.w.org\/{rel}","templated":true}]}}